{"id":115468,"date":"2025-11-10T00:00:00","date_gmt":"2025-11-09T23:00:00","guid":{"rendered":"http:\/\/gpl-love.com\/fr\/produit\/sahifa-responsive-wordpress-news-magazine-blog-theme\/"},"modified":"2026-03-20T23:34:23","modified_gmt":"2026-03-20T22:34:23","slug":"sahifa-responsive-wordpress-news-magazine-blog-theme","status":"publish","type":"product","link":"https:\/\/gpl-love.com\/fr\/produit\/sahifa-responsive-wordpress-news-magazine-blog-theme\/","title":{"rendered":"Sahifa Responsive WordPress News Magazine Blog Theme 5.8.6"},"content":{"rendered":"<h3>Sahifa Responsive WordPress News Magazine Blog Theme Traits<\/h3>\n<p>Sahifa, un th\u00e8me WordPress extr\u00eamement r\u00e9actif et riche en fonctionnalit\u00e9s, est con\u00e7u pour r\u00e9pondre aux exigences sp\u00e9cifiques des sites Web d&rsquo;actualit\u00e9s, de magazines et de blogs, offrant une exp\u00e9rience utilisateur exemplaire. B\u00e9n\u00e9ficiant d&rsquo;un design \u00e9l\u00e9gant et contemporain, Sahifa privil\u00e9gie non seulement les performances et la vitesse, mais garantit \u00e9galement la plus grande convivialit\u00e9. Rend les utilisateurs avec ses formidables capacit\u00e9s de personnalisation, ce th\u00e8me permet la cr\u00e9ation d&rsquo;un site Web distinctif et sur mesure qui transmet efficacement sa marque et son style individuel. De plus, Sahifa est arm\u00e9 d&rsquo;un assortiment de formats post-post, d&rsquo;int\u00e9gration des m\u00e9dias sociaux sans couture et d&rsquo;espaces publicitaires strat\u00e9giquement plac\u00e9s, qui servent tous \u00e0 am\u00e9liorer l&rsquo;exp\u00e9rience utilisateur globale et \u00e0 mon\u00e9tiser efficacement le site Web. En r\u00e9sum\u00e9, Sahifa appara\u00eet comme un choix tr\u00e8s louable pour les personnes cherchant \u00e0 \u00e9tablir une pr\u00e9sence en ligne professionnelle et captivante via des sites Web de nouvelles ou de blogs.<\/p>\n<ul>\n<li>Th\u00e8me WordPress de haute qualit\u00e9 con\u00e7u pour les sites Web d&rsquo;actualit\u00e9s, de magazines et de blogs<\/li>\n<li>Disposition r\u00e9active qui s&rsquo;adapte automatiquement \u00e0 n&rsquo;importe quelle taille d&rsquo;\u00e9cran, assurant une exp\u00e9rience utilisateur sans couture sur tous les appareils<\/li>\n<li>Page d&rsquo;accueil personnalisable et options de mise en page, y compris 10 dispositions de page d&rsquo;accueil pr\u00e9d\u00e9finies, plusieurs styles de poste et des dispositions de cat\u00e9gorie illimit\u00e9es<\/li>\n<li>B\u00e9ducteur de page de glisser-d\u00e9poser facile \u00e0 utiliser pour la cr\u00e9ation de pages uniques sans aucune comp\u00e9tence de codage requise<\/li>\n<li>Panneau d&rsquo;options de th\u00e8me avanc\u00e9 pour une personnalisation facile de la conception et des fonctionnalit\u00e9s, y compris des choix de couleurs illimit\u00e9s, l&rsquo;int\u00e9gration des polices Google et l&rsquo;int\u00e9gration des m\u00e9dias sociaux<\/li>\n<li>Optimisation du r\u00e9f\u00e9rencement int\u00e9gr\u00e9 pour aider \u00e0 accro\u00eetre la visibilit\u00e9 du site Web dans les moteurs de recherche<\/li>\n<li>Vitesse de chargement rapide gr\u00e2ce \u00e0 un code optimis\u00e9 et une compression d&rsquo;image<\/li>\n<li>Mises \u00e0 jour continues et support technique d\u00e9di\u00e9 pour s&rsquo;assurer que le th\u00e8me reste \u00e0 jour et r\u00e9sout les probl\u00e8mes rapidement<\/li>\n<li>Compatible avec les plugins WordPress populaires, y compris WooCommerce, BBPress et WPML, pour des fonctionnalit\u00e9s et une flexibilit\u00e9 suppl\u00e9mentaires.<\/li>\n<\/ul>\n","protected":false},"excerpt":{"rendered":"<p>Sahifa, un th\u00e8me WordPress tr\u00e8s puissant et adaptable, a \u00e9t\u00e9 m\u00e9ticuleusement con\u00e7u pour r\u00e9pondre aux besoins des sites Web d&rsquo;actualit\u00e9s, de magazines et de blogs. Sa conception d\u00e9licieusement sensible garantit que votre contenu sera pr\u00e9sent\u00e9 dans toute sa gloire sur un \u00e9ventail d&rsquo;appareils, allant de la grandeur des ordinateurs de bureau \u00e0 la compacit\u00e9 des t\u00e9l\u00e9phones mobiles. Ce th\u00e8me poss\u00e8de un \u00e9ventail de fonctionnalit\u00e9s louables, telles qu&rsquo;une page d&rsquo;accueil enti\u00e8rement personnalisable, un assortiment de dispositions de publication et de page, et une large gamme d&rsquo;options de personnalisation, qui servent toutes \u00e0 infuser votre site avec sa propre identit\u00e9 unique. De plus, Sahifa a \u00e9t\u00e9 intelligemment optimis\u00e9 pour les moteurs de recherche, garantissant une d\u00e9couverte am\u00e9lior\u00e9e pour votre entit\u00e9 Web. De plus, ce th\u00e8me remarquable int\u00e8gre un syst\u00e8me d&rsquo;examen des utilisateurs, permettant des commentaires transparents de vos lecteurs ch\u00e9ris. Que vous vous identifiiez en tant que blogueur, journaliste ou \u00e9diteur, Sahifa appara\u00eet comme le choix in\u00e9gal\u00e9 pour votre site Web d&rsquo;actualit\u00e9s ou de magazine.<\/p>\n","protected":false},"featured_media":145153,"comment_status":"open","ping_status":"open","template":"","meta":[],"product_brand":[2433],"product_cat":[1220,1212,1213],"product_tag":[1366],"class_list":{"0":"post-115468","1":"product","2":"type-product","3":"status-publish","4":"has-post-thumbnail","6":"product_brand-themeforest","7":"product_cat-blog-magazine","8":"product_cat-themes","9":"product_cat-wordpress-themes","10":"product_tag-themeforest","11":"member-discount","12":"discount-restricted","14":"first","15":"instock","16":"sale","17":"downloadable","18":"virtual","19":"sold-individually","20":"purchasable","21":"product-type-simple"},"_links":{"self":[{"href":"https:\/\/gpl-love.com\/fr\/wp-json\/wp\/v2\/product\/115468","targetHints":{"allow":["GET"]}}],"collection":[{"href":"https:\/\/gpl-love.com\/fr\/wp-json\/wp\/v2\/product"}],"about":[{"href":"https:\/\/gpl-love.com\/fr\/wp-json\/wp\/v2\/types\/product"}],"replies":[{"embeddable":true,"href":"https:\/\/gpl-love.com\/fr\/wp-json\/wp\/v2\/comments?post=115468"}],"wp:featuredmedia":[{"embeddable":true,"href":"https:\/\/gpl-love.com\/fr\/wp-json\/wp\/v2\/media\/145153"}],"wp:attachment":[{"href":"https:\/\/gpl-love.com\/fr\/wp-json\/wp\/v2\/media?parent=115468"}],"wp:term":[{"taxonomy":"product_brand","embeddable":true,"href":"https:\/\/gpl-love.com\/fr\/wp-json\/wp\/v2\/product_brand?post=115468"},{"taxonomy":"product_cat","embeddable":true,"href":"https:\/\/gpl-love.com\/fr\/wp-json\/wp\/v2\/product_cat?post=115468"},{"taxonomy":"product_tag","embeddable":true,"href":"https:\/\/gpl-love.com\/fr\/wp-json\/wp\/v2\/product_tag?post=115468"}],"curies":[{"name":"wp","href":"https:\/\/api.w.org\/{rel}","templated":true}]}}