{"id":115466,"date":"2022-05-17T00:00:00","date_gmt":"2022-05-16T22:00:00","guid":{"rendered":"http:\/\/gpl-love.com\/fr\/produit\/mailchimper-pro-wordpress-signup-form-plugin\/"},"modified":"2026-03-20T23:23:04","modified_gmt":"2026-03-20T22:23:04","slug":"mailchimper-pro-wordpress-signup-form-plugin","status":"publish","type":"product","link":"https:\/\/gpl-love.com\/fr\/produit\/mailchimper-pro-wordpress-signup-form-plugin\/","title":{"rendered":"MailChimper Pro WordPress Signup Form Plugin 1.8.3.4"},"content":{"rendered":"<h3>MailChimper Pro WordPress Signup Form Plugin Traits<\/h3>\n<p>Le plugin d&rsquo;inscription MailChimper Pro WordPress joue un r\u00f4le crucial dans la facilitation de l&rsquo;int\u00e9gration transparente des formulaires MailChimp sur les sites WordPress, ce qui en fait un atout inestimable pour les propri\u00e9taires de sites Web. Son constructeur de glisser-d\u00e9poser par des utilisateurs et sa s\u00e9lection remarquable de mod\u00e8les personnalisables permettent aux utilisateurs de cr\u00e9er des formulaires d&rsquo;inscription visuellement \u00e9tonnants et tr\u00e8s efficaces. Ce plugin am\u00e9liore encore son attrait en fournissant un large \u00e9ventail de styles de formulaire \u00e0 choisir, en accordant aux utilisateurs la possibilit\u00e9 d&rsquo;adapter les champs \u00e0 leurs pr\u00e9f\u00e9rences sp\u00e9cifiques, et m\u00eame en permettant \u00e0 l&rsquo;ajout de CSS personnalis\u00e9s pour assurer une esth\u00e9tique de marque coh\u00e9rente et coh\u00e9rente. De plus, le plugin va au-del\u00e0 en incorporant des fonctionnalit\u00e9s avanc\u00e9es telles que la soumission de formulaire bas\u00e9e sur l&rsquo;Ajax, en garantissant une exp\u00e9rience utilisateur optimale, une conformit\u00e9 au RGPD pour respecter les r\u00e9glementations de protection des donn\u00e9es et la possibilit\u00e9 d&rsquo;envoyer des e-mails de confirmation personnalis\u00e9s pour fournir un toucher personnalis\u00e9. Les capacit\u00e9s globales de MailChimper Pro simplifient consid\u00e9rablement le processus d&rsquo;\u00e9largissement des listes de diffusion et d&rsquo;am\u00e9liorer les campagnes de marketing par e-mail, la positionnant ainsi comme un outil indispensable pour les propri\u00e9taires de sites Web cherchant \u00e0 prosp\u00e9rer dans le paysage num\u00e9rique.<\/p>\n<ul>\n<li>Permet aux utilisateurs de cr\u00e9er facilement des formulaires d&rsquo;inscription personnalis\u00e9s pour leur site WordPress<\/li>\n<li>Int\u00e8gre de mani\u00e8re transparente avec le logiciel de marketing par e-mail MailChimp<\/li>\n<li>Propose une vari\u00e9t\u00e9 de styles de forme et de mod\u00e8les \u00e0 choisir<\/li>\n<li>Offre la possibilit\u00e9 de personnaliser les champs de formulaire et les options<\/li>\n<li>Offre plusieurs options d&rsquo;affichage pour les formulaires, y compris les fen\u00eatres contextuelles et les formulaires int\u00e9gr\u00e9s<\/li>\n<li>Permet la segmentation des listes d&rsquo;abonn\u00e9s en fonction des soumissions de formulaires<\/li>\n<li>Fournit des analyses d\u00e9taill\u00e9es et des rapports sur les performances du formulaire<\/li>\n<li>Offre des fonctionnalit\u00e9s de protection contre le spam et de conformit\u00e9 du RGPD<\/li>\n<li>Peut \u00eatre facilement install\u00e9 et utilis\u00e9 par les utilisateurs de WordPress de tous les niveaux de comp\u00e9tence.<\/li>\n<\/ul>\n","protected":false},"excerpt":{"rendered":"<p>MailChimper Pro, un plugin de formulaire d&rsquo;inscription WordPress tr\u00e8s robuste, offre une int\u00e9gration transparente avec MailChimp. Ses fonctionnalit\u00e9s incluent la cr\u00e9ation de formulaires d&rsquo;inscription personnalisables et de fen\u00eatres contextuelles qui attirent et engagent efficacement les visiteurs de votre site Web, facilitant ainsi la croissance sans effort de votre liste de diffusion. La vaste gamme d&rsquo;effets d&rsquo;animation, de conceptions de formulaires et de champs personnalisables fournies par MailChimper Pro vous permet de cr\u00e9er un formulaire d&rsquo;inscription vraiment unique et percutant qui am\u00e9liore consid\u00e9rablement vos taux de conversion. De plus, ce plugin poss\u00e8de des fonctionnalit\u00e9s avanc\u00e9es telles que l&rsquo;analyse et les tests A \/ B, vous permettant de suivre m\u00e9ticuleusement les performances de vos formulaires et de les optimiser pour des r\u00e9sultats sup\u00e9rieurs. Passez pas de temps, acquisez MailChimper Pro d\u00e8s aujourd&rsquo;hui et assistez \u00e0 votre liste de diffusion fleurir sous votre conservation d&rsquo;expert!<\/p>\n","protected":false},"featured_media":144414,"comment_status":"open","ping_status":"open","template":"","meta":[],"product_brand":[2435],"product_cat":[1191,1181,1186],"product_tag":[1231],"class_list":{"0":"post-115466","1":"product","2":"type-product","3":"status-publish","4":"has-post-thumbnail","6":"product_brand-codecanyon","7":"product_cat-formes","8":"product_cat-plugins","9":"product_cat-wordpress-plugins","10":"product_tag-codecanyon","11":"member-discount","12":"discount-restricted","14":"first","15":"instock","16":"sale","17":"downloadable","18":"virtual","19":"sold-individually","20":"purchasable","21":"product-type-simple"},"_links":{"self":[{"href":"https:\/\/gpl-love.com\/fr\/wp-json\/wp\/v2\/product\/115466","targetHints":{"allow":["GET"]}}],"collection":[{"href":"https:\/\/gpl-love.com\/fr\/wp-json\/wp\/v2\/product"}],"about":[{"href":"https:\/\/gpl-love.com\/fr\/wp-json\/wp\/v2\/types\/product"}],"replies":[{"embeddable":true,"href":"https:\/\/gpl-love.com\/fr\/wp-json\/wp\/v2\/comments?post=115466"}],"wp:featuredmedia":[{"embeddable":true,"href":"https:\/\/gpl-love.com\/fr\/wp-json\/wp\/v2\/media\/144414"}],"wp:attachment":[{"href":"https:\/\/gpl-love.com\/fr\/wp-json\/wp\/v2\/media?parent=115466"}],"wp:term":[{"taxonomy":"product_brand","embeddable":true,"href":"https:\/\/gpl-love.com\/fr\/wp-json\/wp\/v2\/product_brand?post=115466"},{"taxonomy":"product_cat","embeddable":true,"href":"https:\/\/gpl-love.com\/fr\/wp-json\/wp\/v2\/product_cat?post=115466"},{"taxonomy":"product_tag","embeddable":true,"href":"https:\/\/gpl-love.com\/fr\/wp-json\/wp\/v2\/product_tag?post=115466"}],"curies":[{"name":"wp","href":"https:\/\/api.w.org\/{rel}","templated":true}]}}