{"id":115464,"date":"2021-05-24T00:00:00","date_gmt":"2021-05-23T22:00:00","guid":{"rendered":"http:\/\/gpl-love.com\/fr\/produit\/moana-contact-form-7-builder\/"},"modified":"2026-04-10T18:31:41","modified_gmt":"2026-04-10T16:31:41","slug":"moana-contact-form-7-builder","status":"publish","type":"product","link":"https:\/\/gpl-love.com\/fr\/produit\/moana-contact-form-7-builder\/","title":{"rendered":"Moana Contact Form 7 Builder 1.6"},"content":{"rendered":"<h3>Moana Contact Form 7 Builder Traits<\/h3>\n<p>Le constructeur de MOANA Contact Form 7 est un outil incroyablement convivial et intuitif qui aide \u00e0 la cr\u00e9ation de formulaires de contact personnalis\u00e9s, ce qui rend le processus \u00e0 la fois sans effort et tr\u00e8s efficace. Cet outil remarquable propose une interface glisser-d\u00e9poser, qui offre aux utilisateurs la possibilit\u00e9 de concevoir sans effort des formulaires de contact qui s&rsquo;alignent parfaitement avec la marque et l&rsquo;exp\u00e9rience utilisateur de leur site Web. De plus, la large s\u00e9lection d&rsquo;options de personnalisation disponibles garantit que les utilisateurs peuvent adapter leurs formulaires pour r\u00e9pondre \u00e0 leurs sp\u00e9cifications exactes. Avec l&rsquo;inclusion de mod\u00e8les pr\u00e9d\u00e9finis, les utilisateurs ont acc\u00e8s \u00e0 un \u00e9ventail d&rsquo;options qui peuvent \u00eatre facilement modifi\u00e9es pour r\u00e9pondre \u00e0 leurs besoins. La capacit\u00e9 d&rsquo;ajouter des champs de formulaire, des groupes de champs et une logique conditionnelle am\u00e9liore encore les capacit\u00e9s de personnalisation, permettant la cr\u00e9ation de formes personnalis\u00e9es et personnalis\u00e9es. Le constructeur de MOANA Contact Form 7 poss\u00e8de \u00e9galement des fonctionnalit\u00e9s avanc\u00e9es, telles que la protection du spam, qui garantit que les soumissions des utilisateurs sont authentiques et fiables. L&rsquo;int\u00e9gration avec des outils tiers, tels que MailChimp et Salesforce, \u00e9tend en outre la fonctionnalit\u00e9 du plugin, permettant une compatibilit\u00e9 transparente avec les syst\u00e8mes existants. En conclusion, le constructeur de MOANA Contact Form 7 est un choix exceptionnel pour les personnes cherchant \u00e0 cr\u00e9er des formulaires de contact professionnels et visuellement attrayants.<\/p>\n<ul>\n<li>Interface de glisser-d\u00e9poser facile \u00e0 utiliser pour construire le formulaire de contact personnalis\u00e9 7 formulaires<\/li>\n<li>Permet la personnalisation des champs de formulaire, des \u00e9tiquettes, des styles et des r\u00e8gles de validation<\/li>\n<li>Comprend des mod\u00e8les de formulaires pr\u00e9d\u00e9finis pour gagner du temps et des efforts<\/li>\n<li>Int\u00e9gration avec des services de marketing par e-mail populaires tels que MailChimp et un contact constant<\/li>\n<li>La conception r\u00e9active garantit que les formulaires sont adapt\u00e9s aux mobiles<\/li>\n<li>Fonctionnalit\u00e9s avanc\u00e9es, y compris la logique conditionnelle, les t\u00e9l\u00e9chargements de fichiers et les champs cach\u00e9s<\/li>\n<li>Protection de spam int\u00e9gr\u00e9e \u00e0 l&rsquo;aide de Google recaptcha<\/li>\n<li>Acc\u00e8s \u00e0 des mises \u00e0 jour en temps opportun et au support technique de l&rsquo;\u00e9quipe Moana<\/li>\n<li>Compatible avec WordPress -0+ et Contact Form 7 Version -1+<\/li>\n<\/ul>\n","protected":false},"excerpt":{"rendered":"<p>Le MOANA Contact Form 7 Builder est un outil incroyablement robuste et efficace qui permet aux utilisateurs de g\u00e9n\u00e9rer rapidement et sans effort sans effort des formulaires de contact personnalis\u00e9s. Son interface conviviale, avec un syst\u00e8me instinctif de glisser-d\u00e9poser, permet aux individus d&rsquo;incorporer de mani\u00e8re transparente divers champs, de styles de tailleur \u00e0 leur go\u00fbt et de configurer des param\u00e8tres pour produire des formes qui s&rsquo;alignent parfaitement avec les exigences sp\u00e9cifiques de leurs sites Web. Que l&rsquo;on cherche un formulaire de contact de base ou un questionnaire plus complexe, le constructeur de contact Moana 7 simplifie le processus de fabrication et de mise en \u0153uvre de sa vision unique. Arm\u00e9 de cette formidable ressource, on peut augmenter rapidement la fonctionnalit\u00e9 de leur site Web et enrichir l&rsquo;exp\u00e9rience utilisateur globale sans retard indu.<\/p>\n","protected":false},"featured_media":144555,"comment_status":"open","ping_status":"open","template":"","meta":[],"product_brand":[2435],"product_cat":[1191,1181,1186],"product_tag":[1231],"class_list":{"0":"post-115464","1":"product","2":"type-product","3":"status-publish","4":"has-post-thumbnail","6":"product_brand-codecanyon","7":"product_cat-formes","8":"product_cat-plugins","9":"product_cat-wordpress-plugins","10":"product_tag-codecanyon","11":"member-discount","12":"discount-restricted","14":"first","15":"instock","16":"sale","17":"downloadable","18":"virtual","19":"sold-individually","20":"purchasable","21":"product-type-simple"},"_links":{"self":[{"href":"https:\/\/gpl-love.com\/fr\/wp-json\/wp\/v2\/product\/115464","targetHints":{"allow":["GET"]}}],"collection":[{"href":"https:\/\/gpl-love.com\/fr\/wp-json\/wp\/v2\/product"}],"about":[{"href":"https:\/\/gpl-love.com\/fr\/wp-json\/wp\/v2\/types\/product"}],"replies":[{"embeddable":true,"href":"https:\/\/gpl-love.com\/fr\/wp-json\/wp\/v2\/comments?post=115464"}],"wp:featuredmedia":[{"embeddable":true,"href":"https:\/\/gpl-love.com\/fr\/wp-json\/wp\/v2\/media\/144555"}],"wp:attachment":[{"href":"https:\/\/gpl-love.com\/fr\/wp-json\/wp\/v2\/media?parent=115464"}],"wp:term":[{"taxonomy":"product_brand","embeddable":true,"href":"https:\/\/gpl-love.com\/fr\/wp-json\/wp\/v2\/product_brand?post=115464"},{"taxonomy":"product_cat","embeddable":true,"href":"https:\/\/gpl-love.com\/fr\/wp-json\/wp\/v2\/product_cat?post=115464"},{"taxonomy":"product_tag","embeddable":true,"href":"https:\/\/gpl-love.com\/fr\/wp-json\/wp\/v2\/product_tag?post=115464"}],"curies":[{"name":"wp","href":"https:\/\/api.w.org\/{rel}","templated":true}]}}