{"id":115462,"date":"2023-02-06T00:00:00","date_gmt":"2023-02-05T23:00:00","guid":{"rendered":"http:\/\/gpl-love.com\/fr\/produit\/eva-fashion-woocommerce-theme\/"},"modified":"2026-03-20T23:04:39","modified_gmt":"2026-03-20T22:04:39","slug":"eva-fashion-woocommerce-theme","status":"publish","type":"product","link":"https:\/\/gpl-love.com\/fr\/produit\/eva-fashion-woocommerce-theme\/","title":{"rendered":"Eva Fashion WooCommerce Theme 1.9.9.84"},"content":{"rendered":"<h3>Eva Fashion WooCommerce Theme Traits<\/h3>\n<p>Le th\u00e8me WooCommerce de la mode Eva d\u00e9gage un sentiment de sophistication et de raffinement, ce qui en fait un choix impeccable pour les boutiques virtuelles d\u00e9di\u00e9es au monde de la mode. Sa conception esth\u00e9tique et adaptative garantit que vos produits sont pr\u00e9sent\u00e9s de la mani\u00e8re la plus captivante, tout en favorisant simultan\u00e9ment une exp\u00e9rience utilisateur transparente et intuitive pour votre client\u00e8le estim\u00e9e. De plus, ce th\u00e8me poss\u00e8de une pl\u00e9thore d&rsquo;options personnalisables, vous accordant la possibilit\u00e9 de g\u00e9rer sans effort un magasin distinct et personnalis\u00e9 qui r\u00e9sonne avec votre identit\u00e9 de marque unique. De plus, le th\u00e8me s&rsquo;int\u00e8gre parfaitement \u00e0 WooCommerce, vous permettant de g\u00e9rer sans effort votre inventaire, de rationaliser le traitement des commandes et de faciliter les transactions de paiement rapides et s\u00e9curis\u00e9es. En plus de ces fonctionnalit\u00e9s indispensables, le th\u00e8me Eva Fashion WooCommerce comprend une gamme de fonctionnalit\u00e9s inestimables, y compris, mais sans s&rsquo;y limiter, la vue rapide du produit, le zoom de produit et un mega menu enti\u00e8rement personnalisable. Avec son design visuellement \u00e9tonnant et ses fonctionnalit\u00e9s robustes, ce th\u00e8me est la quintessence de l&rsquo;excellence pour tout d\u00e9taillant de mode cherchant \u00e0 \u00e9tablir une boutique en ligne impressionnante.<\/p>\n<ul>\n<li>Design moderne et \u00e9l\u00e9gant avec des dispositions de page d&rsquo;accueil personnalisables<\/li>\n<li>Compatible avec WooCommerce pour la cr\u00e9ation et la gestion des magasins en ligne faciles<\/li>\n<li>Conception sensible au mobile pour une visualisation optimale sur tous les appareils<\/li>\n<li>Options de disposition de l&rsquo;en-t\u00eate et de pied pour choisir parmi<\/li>\n<li>Comprend une vari\u00e9t\u00e9 de widgets personnalis\u00e9s et de codes short pour ajouter des fonctionnalit\u00e9s<\/li>\n<li>Prise en charge int\u00e9gr\u00e9e pour les constructeurs de pages populaires comme Elementor et Visual Composer<\/li>\n<li>SEO optimis\u00e9 pour aider \u00e0 am\u00e9liorer les classements des moteurs de recherche<\/li>\n<li>Documentation compl\u00e8te et support client disponible pour l&rsquo;aide<\/li>\n<li>Traduction pr\u00eate pour les sites Web multilingues<\/li>\n<li>Mises \u00e0 jour r\u00e9guli\u00e8res et correctifs de bogues fournis par l&rsquo;\u00e9quipe du d\u00e9veloppeur.<\/li>\n<\/ul>\n","protected":false},"excerpt":{"rendered":"<p>Am\u00e9liorez votre boutique de mode en ligne en utilisant les entr\u00e9es sophistiqu\u00e9es et multifonctionnelles: le th\u00e8me Eva Fashion WooCommerce. Ce th\u00e8me visuellement agr\u00e9able englobe un design \u00e9l\u00e9gant et contemporain, qui est id\u00e9al pour montrer votre marchandise \u00e0 la mode. Gr\u00e2ce \u00e0 un \u00e9ventail de choix de personnalisation, tels que diff\u00e9rentes palettes de couleurs et s\u00e9lections de polices, vous avez la possibilit\u00e9 de personnaliser le th\u00e8me pour vous aligner sur votre marque distinctive. De plus, le th\u00e8me offre une rencontre d&rsquo;achat conviviale et transparente, \u00e9quip\u00e9e d&rsquo;une navigation sans effort et d&rsquo;une disposition r\u00e9active optimis\u00e9e pour la compatibilit\u00e9 sur tous les appareils. \u00c9levez vos revenus et augmentez le parcours de magasinage de votre client\u00e8le en adoptant les avantages in\u00e9gal\u00e9s offerts par la contribution: le th\u00e8me Eva Fashion WooCommerce.<\/p>\n","protected":false},"featured_media":143787,"comment_status":"open","ping_status":"open","template":"","meta":[],"product_brand":[2433],"product_cat":[1238,1444,1212],"product_tag":[1366],"class_list":{"0":"post-115462","1":"product","2":"type-product","3":"status-publish","4":"has-post-thumbnail","6":"product_brand-themeforest","7":"product_cat-commerce-electronique-themes","8":"product_cat-creatif-commerce-electronique-themes","9":"product_cat-themes","10":"product_tag-themeforest","11":"member-discount","12":"discount-restricted","14":"first","15":"instock","16":"sale","17":"downloadable","18":"virtual","19":"sold-individually","20":"purchasable","21":"product-type-simple"},"_links":{"self":[{"href":"https:\/\/gpl-love.com\/fr\/wp-json\/wp\/v2\/product\/115462","targetHints":{"allow":["GET"]}}],"collection":[{"href":"https:\/\/gpl-love.com\/fr\/wp-json\/wp\/v2\/product"}],"about":[{"href":"https:\/\/gpl-love.com\/fr\/wp-json\/wp\/v2\/types\/product"}],"replies":[{"embeddable":true,"href":"https:\/\/gpl-love.com\/fr\/wp-json\/wp\/v2\/comments?post=115462"}],"wp:featuredmedia":[{"embeddable":true,"href":"https:\/\/gpl-love.com\/fr\/wp-json\/wp\/v2\/media\/143787"}],"wp:attachment":[{"href":"https:\/\/gpl-love.com\/fr\/wp-json\/wp\/v2\/media?parent=115462"}],"wp:term":[{"taxonomy":"product_brand","embeddable":true,"href":"https:\/\/gpl-love.com\/fr\/wp-json\/wp\/v2\/product_brand?post=115462"},{"taxonomy":"product_cat","embeddable":true,"href":"https:\/\/gpl-love.com\/fr\/wp-json\/wp\/v2\/product_cat?post=115462"},{"taxonomy":"product_tag","embeddable":true,"href":"https:\/\/gpl-love.com\/fr\/wp-json\/wp\/v2\/product_tag?post=115462"}],"curies":[{"name":"wp","href":"https:\/\/api.w.org\/{rel}","templated":true}]}}