{"id":115460,"date":"2022-06-09T00:00:00","date_gmt":"2022-06-08T22:00:00","guid":{"rendered":"http:\/\/gpl-love.com\/fr\/produit\/junko-technology-theme-pour-woocommerce-wordpress\/"},"modified":"2026-03-20T23:21:15","modified_gmt":"2026-03-20T22:21:15","slug":"junko-technology-theme-pour-woocommerce-wordpress","status":"publish","type":"product","link":"https:\/\/gpl-love.com\/fr\/produit\/junko-technology-theme-pour-woocommerce-wordpress\/","title":{"rendered":"Junko Technology Th\u00e8me pour WooCommerce WordPress 1.1.2"},"content":{"rendered":"<h3>Junko Technology Th\u00e8me pour WooCommerce WordPress Traits<\/h3>\n<p>Le th\u00e8me de la technologie Junko pour WooCommerce WordPress poss\u00e8de une pl\u00e9thore d&rsquo;options de personnalisation et une interface intuitive, s&rsquo;adressant sp\u00e9cifiquement aux sites Web de commerce \u00e9lectronique. Son design \u00e9l\u00e9gant et contemporain am\u00e9liore non seulement l&rsquo;attrait visuel, mais offre \u00e9galement une myriade de fonctionnalit\u00e9s, y compris une multitude de dispositions de page d&rsquo;accueil, des grilles de produits personnalisables et une vaste palette de couleurs, permettant aux entreprises de fa\u00e7onner une boutique en ligne distinctive et professionnelle. En outre, ce th\u00e8me est optimis\u00e9 pour la vitesse et l&rsquo;optimisation des moteurs de recherche (SEO), garantissant des temps de chargement rapides et des classements \u00e9lev\u00e9s sur les moteurs de recherche. De plus, l&rsquo;int\u00e9gration transparente avec WooCommerce simplifie la gestion des produits, des commandes et des paiements, ce qui le rend sans effort pour les entreprises de toutes tailles, qu&rsquo;il s&rsquo;agisse de petites entreprises ou de grandes soci\u00e9t\u00e9s, pour cr\u00e9er une \u00e9tape en ligne visuellement captivante et prosp\u00e8re.<\/p>\n<ul>\n<li>Enti\u00e8rement compatible avec WooCommerce et WordPress<\/li>\n<li>Design unique, \u00e9l\u00e9gant et moderne<\/li>\n<li>Offre une excellente exp\u00e9rience utilisateur aux clients<\/li>\n<li>Offre une vari\u00e9t\u00e9 d&rsquo;options de personnalisation<\/li>\n<li>Optimisation de SEO int\u00e9gr\u00e9e pour am\u00e9liorer le classement des moteurs de recherche<\/li>\n<li>Mobile r\u00e9actif pour une exp\u00e9rience fluide sur diff\u00e9rents appareils<\/li>\n<li>Prend en charge plusieurs passerelles de paiement pour des options de paiement flexibles<\/li>\n<li>Facile \u00e0 installer et \u00e0 installer, m\u00eame pour les d\u00e9butants<\/li>\n<li>Compatible avec une vari\u00e9t\u00e9 de plugins et d&rsquo;extensions pour des fonctionnalit\u00e9s suppl\u00e9mentaires<\/li>\n<li>R\u00e9guli\u00e8rement mis \u00e0 jour avec de nouvelles fonctionnalit\u00e9s et corrections de bogues.<\/li>\n<\/ul>\n","protected":false},"excerpt":{"rendered":"<p>Le th\u00e8me de la technologie Junko pour WooCommerce WordPress est un th\u00e8me de commerce \u00e9lectronique exceptionnellement sophistiqu\u00e9 et contemporain qui a \u00e9t\u00e9 m\u00e9ticuleusement con\u00e7u pour r\u00e9pondre sp\u00e9cifiquement aux exigences des magasins de technologie en ligne. Ce th\u00e8me d\u00e9gage une aura de propret\u00e9 et de minimalisme, vous permettant de montrer de mani\u00e8re experte votre assortiment de produits d&rsquo;une mani\u00e8re extr\u00eamement professionnelle et \u00e9l\u00e9gante. De plus, le th\u00e8me poss\u00e8de la capacit\u00e9 remarquable \u00e0 s&rsquo;adapter de mani\u00e8re transparente \u00e0 diverses tailles d&rsquo;\u00e9cran et est optimis\u00e9e avec diligence pour l&rsquo;optimisation des moteurs de recherche (SEO), garantissant que votre site Web semble non seulement visuellement \u00e9tonnant mais atteint \u00e9galement des classements louables sur tous les appareils. Incroyablement, ce th\u00e8me offre des options de personnalisation sans effort qui vous accordent le pouvoir de l&rsquo;adapter en fonction de vos pr\u00e9f\u00e9rences pr\u00e9cises, vous permettant ainsi d&rsquo;\u00e9tablir une boutique en ligne sans pr\u00e9c\u00e9dent et distinctive qui se distingue sans effort de la concurrence \u00e9crasante. Que vous veniez des ordinateurs portables, des smartphones ou tout autre type de merveilles technologiques, soyez assur\u00e9 que le th\u00e8me de la technologie Junko d\u00e9passe toutes les attentes et \u00e9merge comme le choix sans \u00e9quivoque et exemplaire pour \u00e9lever les performances et la pr\u00e9sentation de votre site WooCommerce WordPress.<\/p>\n","protected":false},"featured_media":144294,"comment_status":"open","ping_status":"open","template":"","meta":[],"product_brand":[2433],"product_cat":[1238,1444,1212],"product_tag":[1366],"class_list":{"0":"post-115460","1":"product","2":"type-product","3":"status-publish","4":"has-post-thumbnail","6":"product_brand-themeforest","7":"product_cat-commerce-electronique-themes","8":"product_cat-creatif-commerce-electronique-themes","9":"product_cat-themes","10":"product_tag-themeforest","11":"member-discount","12":"discount-restricted","14":"first","15":"instock","16":"sale","17":"downloadable","18":"virtual","19":"sold-individually","20":"purchasable","21":"product-type-simple"},"_links":{"self":[{"href":"https:\/\/gpl-love.com\/fr\/wp-json\/wp\/v2\/product\/115460","targetHints":{"allow":["GET"]}}],"collection":[{"href":"https:\/\/gpl-love.com\/fr\/wp-json\/wp\/v2\/product"}],"about":[{"href":"https:\/\/gpl-love.com\/fr\/wp-json\/wp\/v2\/types\/product"}],"replies":[{"embeddable":true,"href":"https:\/\/gpl-love.com\/fr\/wp-json\/wp\/v2\/comments?post=115460"}],"wp:featuredmedia":[{"embeddable":true,"href":"https:\/\/gpl-love.com\/fr\/wp-json\/wp\/v2\/media\/144294"}],"wp:attachment":[{"href":"https:\/\/gpl-love.com\/fr\/wp-json\/wp\/v2\/media?parent=115460"}],"wp:term":[{"taxonomy":"product_brand","embeddable":true,"href":"https:\/\/gpl-love.com\/fr\/wp-json\/wp\/v2\/product_brand?post=115460"},{"taxonomy":"product_cat","embeddable":true,"href":"https:\/\/gpl-love.com\/fr\/wp-json\/wp\/v2\/product_cat?post=115460"},{"taxonomy":"product_tag","embeddable":true,"href":"https:\/\/gpl-love.com\/fr\/wp-json\/wp\/v2\/product_tag?post=115460"}],"curies":[{"name":"wp","href":"https:\/\/api.w.org\/{rel}","templated":true}]}}