{"id":115458,"date":"2021-05-24T00:00:00","date_gmt":"2021-05-23T22:00:00","guid":{"rendered":"http:\/\/gpl-love.com\/fr\/produit\/koncrete-construction-building-wordpress-theme\/"},"modified":"2026-03-20T23:21:40","modified_gmt":"2026-03-20T22:21:40","slug":"koncrete-construction-building-wordpress-theme","status":"publish","type":"product","link":"https:\/\/gpl-love.com\/fr\/produit\/koncrete-construction-building-wordpress-theme\/","title":{"rendered":"Koncrete Construction Building WordPress Theme 1.5.8"},"content":{"rendered":"<h3>Koncrete Construction Building WordPress Theme Traits<\/h3>\n<p>Le th\u00e8me WordPress de construction de Koncrete Construction, qui est un mod\u00e8le de site Web remarquablement de haute qualit\u00e9, a \u00e9t\u00e9 sp\u00e9cifiquement con\u00e7u pour les entreprises de construction, les constructeurs, les entrepreneurs et d&rsquo;autres entreprises \u00e9troitement li\u00e9es. Ce th\u00e8me pr\u00e9sente un design exceptionnellement contemporain et \u00e9l\u00e9gant qui poss\u00e8de non seulement des fonctionnalit\u00e9s mais aussi un attrait visuel captivant. Avec son interface intuitivement con\u00e7ue et conviviale, adapter sans effort le th\u00e8me pour s&rsquo;aligner sur votre marque et vos besoins commerciaux devient une brise absolue. De plus, une vaste gamme de fonctionnalit\u00e9s et de plugins accompagnent ce th\u00e8me, vous permettant de fabriquer des pages \u00e0 couper le souffle, de pr\u00e9senter vos projets et services et d&rsquo;interagir efficacement avec votre public cible. En optant pour le th\u00e8me WordPress du b\u00e2timent Koncrete Construction, vous prenez une d\u00e9cision vraiment magnifique en termes d&rsquo;\u00e9tablissement d&rsquo;une pr\u00e9sence en ligne robuste et de propulser la croissance de votre entreprise \u00e0 de nouveaux sommets.<\/p>\n<ul>\n<li>Design professionnel et moderne adapt\u00e9 \u00e0 l&rsquo;industrie de la construction<\/li>\n<li>Optimis\u00e9 pour la vitesse et les performances pour assurer des temps de chargement rapide<\/li>\n<li>Enti\u00e8rement r\u00e9actif et convivial pour accueillir les utilisateurs sur tous les appareils<\/li>\n<li>Construit en utilisant les derni\u00e8res technologies Web et les normes de codage<\/li>\n<li>Page d&rsquo;accueil personnalisable et mod\u00e8les pr\u00e9d\u00e9finis pour une configuration de site Web facile<\/li>\n<li>Int\u00e9gration avec des plugins WordPress populaires pour des fonctionnalit\u00e9s suppl\u00e9mentaires<\/li>\n<li>Interface intuitive et conviviale pour une facilit\u00e9 d&rsquo;utilisation<\/li>\n<li>Documentation compl\u00e8te et support client pour l&rsquo;assistance et le d\u00e9pannage<\/li>\n<\/ul>\n","protected":false},"excerpt":{"rendered":"<p>Le th\u00e8me WordPress du b\u00e2timent Koncrete Construction est vraiment une option exemplaire pour les entreprises dans le domaine de la construction, de l&rsquo;architecture et de l&rsquo;ing\u00e9nierie. B\u00e9n\u00e9ficiant d&rsquo;un design vierge et contemporain, ce th\u00e8me offre une apparence sophistiqu\u00e9e et polie \u00e0 votre site Web. Ce qui distingue ce th\u00e8me, c&rsquo;est sa pl\u00e9thore de fonctionnalit\u00e9s, y compris une conception r\u00e9active qui garantit une adaptation transparente sur diff\u00e9rents appareils, une multitude d&rsquo;options de personnalisation pour permettre des touches personnalis\u00e9es, une interface intuitive et conviviale qui simplifie le processus de cr\u00e9ation de site Web, et Plugins haut de gamme pr\u00e9install\u00e9 qui \u00e9l\u00e8vent les fonctionnalit\u00e9s de votre site Web. En optant pour le th\u00e8me WordPress de construction de la construction de Koncrete, vous s\u00e9lectionnez efficacement une solution globale qui r\u00e9pond \u00e0 la cr\u00e9ation d&rsquo;un site Web extraordinaire qui r\u00e9pond \u00e0 toutes les exigences de votre entreprise.<\/p>\n","protected":false},"featured_media":144322,"comment_status":"open","ping_status":"open","template":"","meta":[],"product_brand":[2433],"product_cat":[1516,1212,1213],"product_tag":[1366],"class_list":{"0":"post-115458","1":"product","2":"type-product","3":"status-publish","4":"has-post-thumbnail","6":"product_brand-themeforest","7":"product_cat-entreprise","8":"product_cat-themes","9":"product_cat-wordpress-themes","10":"product_tag-themeforest","11":"member-discount","12":"discount-restricted","14":"first","15":"instock","16":"sale","17":"downloadable","18":"virtual","19":"sold-individually","20":"purchasable","21":"product-type-simple"},"_links":{"self":[{"href":"https:\/\/gpl-love.com\/fr\/wp-json\/wp\/v2\/product\/115458","targetHints":{"allow":["GET"]}}],"collection":[{"href":"https:\/\/gpl-love.com\/fr\/wp-json\/wp\/v2\/product"}],"about":[{"href":"https:\/\/gpl-love.com\/fr\/wp-json\/wp\/v2\/types\/product"}],"replies":[{"embeddable":true,"href":"https:\/\/gpl-love.com\/fr\/wp-json\/wp\/v2\/comments?post=115458"}],"wp:featuredmedia":[{"embeddable":true,"href":"https:\/\/gpl-love.com\/fr\/wp-json\/wp\/v2\/media\/144322"}],"wp:attachment":[{"href":"https:\/\/gpl-love.com\/fr\/wp-json\/wp\/v2\/media?parent=115458"}],"wp:term":[{"taxonomy":"product_brand","embeddable":true,"href":"https:\/\/gpl-love.com\/fr\/wp-json\/wp\/v2\/product_brand?post=115458"},{"taxonomy":"product_cat","embeddable":true,"href":"https:\/\/gpl-love.com\/fr\/wp-json\/wp\/v2\/product_cat?post=115458"},{"taxonomy":"product_tag","embeddable":true,"href":"https:\/\/gpl-love.com\/fr\/wp-json\/wp\/v2\/product_tag?post=115458"}],"curies":[{"name":"wp","href":"https:\/\/api.w.org\/{rel}","templated":true}]}}