{"id":115456,"date":"2021-09-08T00:00:00","date_gmt":"2021-09-07T22:00:00","guid":{"rendered":"http:\/\/gpl-love.com\/fr\/produit\/kids-heaven-children-wordpress-theme\/"},"modified":"2026-03-20T23:21:32","modified_gmt":"2026-03-20T22:21:32","slug":"kids-heaven-children-wordpress-theme","status":"publish","type":"product","link":"https:\/\/gpl-love.com\/fr\/produit\/kids-heaven-children-wordpress-theme\/","title":{"rendered":"Kids Heaven Children WordPress Theme 3.0"},"content":{"rendered":"<h3>Kids Heaven Children WordPress Theme Traits<\/h3>\n<p>Kids Heaven Children WordPress Le th\u00e8me est une solution globale qui vise \u00e0 faciliter la cr\u00e9ation de sites Web visuellement captivants et captivants pour les enfants. B\u00e9n\u00e9ficiant d&rsquo;un large \u00e9ventail de fonctionnalit\u00e9s, ce th\u00e8me a \u00e9t\u00e9 m\u00e9ticuleusement con\u00e7u pour r\u00e9pondre aux divers besoins des services de garde d&rsquo;enfants, des \u00e9coles maternelles, de la maternelle et d&rsquo;autres entreprises connexes. Son design vibrant et fougueux d\u00e9gage un air de jeu, tandis que sa disposition r\u00e9active garantit une compatibilit\u00e9 transparente sur tous les appareils, favorisant ainsi une exp\u00e9rience utilisateur coh\u00e9rente et positive. En plus de cela, ce th\u00e8me offre une abondance d&rsquo;options de personnalisation, vous permettant d&rsquo;adapter sans effort son apparence et sa fonctionnalit\u00e9 pour vous aligner sur vos besoins sp\u00e9cifiques. De plus, il est \u00e9quip\u00e9 d&rsquo;un vaste assortiment de mod\u00e8les, de widgets et de plugins pr\u00e9d\u00e9finis, qui servent tous \u00e0 rationaliser et \u00e0 acc\u00e9l\u00e9rer le processus de cr\u00e9ation du site Web. Enfin, il convient de noter que le th\u00e8me WordPress Kids Heaven Children est d\u00e9lib\u00e9r\u00e9ment optimis\u00e9 pour le r\u00e9f\u00e9rencement, facilitant efficacement des classements plus \u00e9lev\u00e9s sur les moteurs de recherche et entra\u00eenant un plus grand afflux de trafic vers votre site Web.<\/p>\n<ul>\n<li>Un th\u00e8me WordPress dynamique et amusant con\u00e7u sp\u00e9cifiquement pour les sites Web des enfants<\/li>\n<li>Propose un design color\u00e9 et ludique, avec des options de couleurs personnalisables disponibles<\/li>\n<li>Comprend plus de 10 mod\u00e8les de page con\u00e7us par des professionnels pour une cr\u00e9ation de site Web facile<\/li>\n<li>Compatible avec tous les plugins WordPress populaires et enti\u00e8rement r\u00e9actifs pour les appareils mobiles<\/li>\n<li>Facile \u00e0 utiliser un g\u00e9n\u00e9rateur de pages glisser-d\u00e9poser pour la personnalisation et la cr\u00e9ation de pages uniques<\/li>\n<li>Livr\u00e9 avec des options int\u00e9gr\u00e9es pour pr\u00e9senter des \u00e9v\u00e9nements, des galeries et des articles de blog<\/li>\n<li>Comprend une fonctionnalit\u00e9 d&rsquo;importation de d\u00e9monstration en un clic pratique pour le d\u00e9marrage rapidement<\/li>\n<li>SEO optimis\u00e9 pour un meilleur classement des moteurs de recherche et inclut l&rsquo;int\u00e9gration Schema.org<\/li>\n<li>Construit sur une base solide de code propre et efficace pour des temps de chargement plus rapides et de meilleures performances<\/li>\n<li>Comprend un support d\u00e9di\u00e9 et des mises \u00e0 jour r\u00e9guli\u00e8res pour vous assurer que votre site Web reste \u00e0 jour et fonctionne bien.<\/li>\n<\/ul>\n","protected":false},"excerpt":{"rendered":"<p>Le th\u00e8me WordPress Kids Heaven Children se pr\u00e9sente comme la solution ultime pour les individus souhaitant se lancer dans la cr\u00e9ation d&rsquo;un site Web dynamique et jovial qui tourne autour des activit\u00e9s et des int\u00e9r\u00eats des enfants. Avec sa conception visuellement attrayante, vive et accrocheuse, ainsi que ses attributs personnalisables, l&rsquo;\u00e9laboration d&rsquo;un site Web \u00e0 la fois distinctif et captivant pour les parents et les enfants devient une entreprise transparente. La nature conviviale du th\u00e8me, combin\u00e9e \u00e0 son large \u00e9ventail d&rsquo;options pour adapter la disposition, les couleurs, les polices et divers autres \u00e9l\u00e9ments, assure une exp\u00e9rience transparente pour les utilisateurs. De plus, il poss\u00e8de une qualit\u00e9 tr\u00e8s r\u00e9active, garantissant ainsi que votre site Web maintient son attrait visuel et ses performances optimales sur tous les appareils. Que vous g\u00e9riez une garderie, une \u00e9cole maternelle ou simplement aspirer \u00e0 exposer les projets artistiques ou artisanaux de vos enfants, le th\u00e8me WordPress Kids Heaven Children appara\u00eet comme l&rsquo;incarnation de l&rsquo;excellence et le choix id\u00e9al.<\/p>\n","protected":false},"featured_media":144312,"comment_status":"open","ping_status":"open","template":"","meta":[],"product_brand":[2433],"product_cat":[1242,1212,1213],"product_tag":[1366],"class_list":{"0":"post-115456","1":"product","2":"type-product","3":"status-publish","4":"has-post-thumbnail","6":"product_brand-themeforest","7":"product_cat-creatif","8":"product_cat-themes","9":"product_cat-wordpress-themes","10":"product_tag-themeforest","11":"member-discount","12":"discount-restricted","14":"first","15":"instock","16":"sale","17":"downloadable","18":"virtual","19":"sold-individually","20":"purchasable","21":"product-type-simple"},"_links":{"self":[{"href":"https:\/\/gpl-love.com\/fr\/wp-json\/wp\/v2\/product\/115456","targetHints":{"allow":["GET"]}}],"collection":[{"href":"https:\/\/gpl-love.com\/fr\/wp-json\/wp\/v2\/product"}],"about":[{"href":"https:\/\/gpl-love.com\/fr\/wp-json\/wp\/v2\/types\/product"}],"replies":[{"embeddable":true,"href":"https:\/\/gpl-love.com\/fr\/wp-json\/wp\/v2\/comments?post=115456"}],"wp:featuredmedia":[{"embeddable":true,"href":"https:\/\/gpl-love.com\/fr\/wp-json\/wp\/v2\/media\/144312"}],"wp:attachment":[{"href":"https:\/\/gpl-love.com\/fr\/wp-json\/wp\/v2\/media?parent=115456"}],"wp:term":[{"taxonomy":"product_brand","embeddable":true,"href":"https:\/\/gpl-love.com\/fr\/wp-json\/wp\/v2\/product_brand?post=115456"},{"taxonomy":"product_cat","embeddable":true,"href":"https:\/\/gpl-love.com\/fr\/wp-json\/wp\/v2\/product_cat?post=115456"},{"taxonomy":"product_tag","embeddable":true,"href":"https:\/\/gpl-love.com\/fr\/wp-json\/wp\/v2\/product_tag?post=115456"}],"curies":[{"name":"wp","href":"https:\/\/api.w.org\/{rel}","templated":true}]}}