{"id":115445,"date":"2022-03-08T00:00:00","date_gmt":"2022-03-07T23:00:00","guid":{"rendered":"http:\/\/gpl-love.com\/fr\/produit\/product-loops-pour-woocommerce\/"},"modified":"2026-04-10T18:37:03","modified_gmt":"2026-04-10T16:37:03","slug":"product-loops-pour-woocommerce","status":"publish","type":"product","link":"https:\/\/gpl-love.com\/fr\/produit\/product-loops-pour-woocommerce\/","title":{"rendered":"Product Loops pour WooCommerce 1.7.2"},"content":{"rendered":"<h3>Product Loops pour WooCommerce Traits<\/h3>\n<p>Les boucles de produit pour WooCommerce sont un plugin tr\u00e8s efficace et efficace qui am\u00e9liore consid\u00e9rablement la pr\u00e9sentation visuelle des listes de produits sur votre boutique WooCommerce. En incorporant ce plugin ing\u00e9nieux, vous avez la capacit\u00e9 remarquable de personnaliser sans effort l&rsquo;apparence de vos boucles de produit, augmentant ainsi leur attrait esth\u00e9tique et leur attractivit\u00e9 globale. De plus, ce plugin remarquable vous permet d&rsquo;int\u00e9grer de mani\u00e8re transparente les filtres de produit et les options de tri, vous permettant ainsi d&rsquo;organiser m\u00e9ticuleusement vos informations de produit de mani\u00e8re exceptionnellement syst\u00e9matique et visuellement agr\u00e9able. Que votre objectif soit de mettre en \u00e9vidence vos derniers arrivants ou de pr\u00e9senter efficacement vos produits les plus vendus, soyez assur\u00e9 que les boucles de produit pour WooCommerce vous accordent la polyvalence in\u00e9gal\u00e9e pour organiser une liste de produits qui r\u00e9pond pr\u00e9cis\u00e9ment \u00e0 vos exigences uniques et sp\u00e9cifiques. En outre, la convivialit\u00e9 sans pr\u00e9c\u00e9dent et l&rsquo;int\u00e9gration sans effort de ce plugin avec votre magasin WooCommerce existant en font un choix exceptionnellement prudent pour les entreprises de toutes grandeur<\/p>\n<ul>\n<li>Permet une cr\u00e9ation et une personnalisation faciles des boucles de produit dans WooCommerce<\/li>\n<li>Offre des mod\u00e8les pr\u00e9-construits pour divers conceptions de boucle de produit<\/li>\n<li>Fournit des options flexibles pour afficher des informations sur les produits, telles que les prix et les avis<\/li>\n<li>Aide \u00e0 am\u00e9liorer l&rsquo;exp\u00e9rience utilisateur globale des clients qui parcourent des produits sur un magasin WooCommerce<\/li>\n<li>Compatible avec tous les th\u00e8mes WordPress et les cadres CSS<\/li>\n<li>L\u00e9ger et optimis\u00e9 pour les temps de chargement rapide<\/li>\n<li>Offre un contr\u00f4le complet sur la conception et la disposition des boucles de produit, y compris la possibilit\u00e9 d&rsquo;ajouter des CSS et HTML personnalis\u00e9s<\/li>\n<li>Permet une int\u00e9gration facile avec d&rsquo;autres plugins et extensions WooCommerce<\/li>\n<li>Fournit un excellent support et documentation pour aider les utilisateurs \u00e0 tirer le meilleur parti du produit.<\/li>\n<\/ul>\n","protected":false},"excerpt":{"rendered":"<p>D\u00e9couvrez un coup de pouce significatif \u00e0 la fois dans vos ventes et \u00e0 la satisfaction du client en mettant en \u0153uvre les boucles de produit puissantes et polyvalentes pour WooCommerce. En int\u00e9grant ce plugin exceptionnel dans votre site Web, vous gagnez la possibilit\u00e9 de pr\u00e9senter sans effort des grilles de produits et carrousels personnalis\u00e9s et enti\u00e8rement personnalisables. Cet outil riche en fonctionnalit\u00e9s facilite non seulement les options de filtrage, de tri et de pagination pratiques, mais garantit \u00e9galement que vos clients peuvent rapidement localiser et acqu\u00e9rir pr\u00e9cis\u00e9ment ce qu&rsquo;ils souhaitent. De plus, le plugin offre des fonctionnalit\u00e9s de style avanc\u00e9es et une compatibilit\u00e9 compl\u00e8te avec les appareils mobiles, garantissant que vos \u00e9crans de produit visuellement \u00e9tonnants s&rsquo;adapteront de mani\u00e8re transparente \u00e0 n&rsquo;importe quelle taille d&rsquo;\u00e9cran. \u00c9levez vos triomphes de commerce \u00e9lectronique \u00e0 des hauteurs sans pr\u00e9c\u00e9dent avec les capacit\u00e9s in\u00e9gal\u00e9es des boucles de produit pour WooCommerce.<\/p>\n","protected":false},"featured_media":145023,"comment_status":"open","ping_status":"open","template":"","meta":[],"product_brand":[2435],"product_cat":[1182,1223,1181],"product_tag":[1231],"class_list":{"0":"post-115445","1":"product","2":"type-product","3":"status-publish","4":"has-post-thumbnail","6":"product_brand-codecanyon","7":"product_cat-commerce-electronique-plugins","8":"product_cat-personnalisation-commerce-electronique-plugins","9":"product_cat-plugins","10":"product_tag-codecanyon","11":"member-discount","12":"discount-restricted","14":"first","15":"instock","16":"sale","17":"downloadable","18":"virtual","19":"sold-individually","20":"purchasable","21":"product-type-simple"},"_links":{"self":[{"href":"https:\/\/gpl-love.com\/fr\/wp-json\/wp\/v2\/product\/115445","targetHints":{"allow":["GET"]}}],"collection":[{"href":"https:\/\/gpl-love.com\/fr\/wp-json\/wp\/v2\/product"}],"about":[{"href":"https:\/\/gpl-love.com\/fr\/wp-json\/wp\/v2\/types\/product"}],"replies":[{"embeddable":true,"href":"https:\/\/gpl-love.com\/fr\/wp-json\/wp\/v2\/comments?post=115445"}],"wp:featuredmedia":[{"embeddable":true,"href":"https:\/\/gpl-love.com\/fr\/wp-json\/wp\/v2\/media\/145023"}],"wp:attachment":[{"href":"https:\/\/gpl-love.com\/fr\/wp-json\/wp\/v2\/media?parent=115445"}],"wp:term":[{"taxonomy":"product_brand","embeddable":true,"href":"https:\/\/gpl-love.com\/fr\/wp-json\/wp\/v2\/product_brand?post=115445"},{"taxonomy":"product_cat","embeddable":true,"href":"https:\/\/gpl-love.com\/fr\/wp-json\/wp\/v2\/product_cat?post=115445"},{"taxonomy":"product_tag","embeddable":true,"href":"https:\/\/gpl-love.com\/fr\/wp-json\/wp\/v2\/product_tag?post=115445"}],"curies":[{"name":"wp","href":"https:\/\/api.w.org\/{rel}","templated":true}]}}