{"id":115443,"date":"2021-05-23T00:00:00","date_gmt":"2021-05-22T22:00:00","guid":{"rendered":"http:\/\/gpl-love.com\/fr\/produit\/hotello-hotel-booking-wordpress-theme\/"},"modified":"2026-03-20T23:19:49","modified_gmt":"2026-03-20T22:19:49","slug":"hotello-hotel-booking-wordpress-theme","status":"publish","type":"product","link":"https:\/\/gpl-love.com\/fr\/produit\/hotello-hotel-booking-wordpress-theme\/","title":{"rendered":"Hotello Hotel Booking WordPress Theme 1.3.6"},"content":{"rendered":"<h3>Hotello Hotel Booking WordPress Theme Traits<\/h3>\n<p>Le th\u00e8me WordPress de la r\u00e9servation d&rsquo;h\u00f4tel Hotello est une solution premium qui a \u00e9t\u00e9 m\u00e9ticuleusement con\u00e7ue pour aider les prestataires d&rsquo;h\u00f4tel et d&rsquo;h\u00e9bergement \u00e0 \u00e9tablir une pr\u00e9sence en ligne sophistiqu\u00e9e. Ce th\u00e8me remarquable poss\u00e8de une myriade de fonctionnalit\u00e9s impressionnantes, y compris un syst\u00e8me de r\u00e9servation avanc\u00e9, la possibilit\u00e9 de personnaliser les dispositions de page dans le d\u00e9sir de votre c\u0153ur et une conception r\u00e9active qui garantit une exp\u00e9rience de vision optimale sur tous les appareils. Avec les capacit\u00e9s extraordinaires de Hotello, g\u00e9rant sans effort les tarifs de la chambre, la disponibilit\u00e9 et les r\u00e9servations devient une brise absolue, ce qui le rend le choix parfait pour les h\u00f4tels, les stations baln\u00e9aires et les maisons d&rsquo;h\u00f4tes. En outre, le th\u00e8me accorde aux utilisateurs l&rsquo;acc\u00e8s \u00e0 un d\u00e9licieux assortiment de mod\u00e8les pr\u00e9d\u00e9finis sp\u00e9cifiquement adapt\u00e9s aux chambres, aux galeries et aux t\u00e9moignages, garantissant que la fabrication d&rsquo;un site Web vraiment \u00e0 couper le souffle pr\u00e9sentant la magnificence de votre propri\u00e9t\u00e9 n&rsquo;a jamais \u00e9t\u00e9 aussi facile. En somme, le th\u00e8me WordPress de la r\u00e9servation d&rsquo;h\u00f4tel Hotello est un outil extr\u00eamement puissant et polyvalent qui est pr\u00eat \u00e0 renforcer consid\u00e9rablement votre pr\u00e9sence en ligne et \u00e0 captiver l&rsquo;attention d&rsquo;une client\u00e8le plus grande.<\/p>\n<ul>\n<li>Un th\u00e8me WordPress moderne et \u00e9l\u00e9gant con\u00e7u sp\u00e9cifiquement pour les r\u00e9servations d&rsquo;h\u00f4tel<\/li>\n<li>Optimis\u00e9 pour la vitesse et les performances, assurer des temps de chargement rapides pour les utilisateurs<\/li>\n<li>Livr\u00e9 avec une gamme de mod\u00e8les pr\u00e9-con\u00e7us pour afficher des chambres d&rsquo;h\u00f4tel, des \u00e9quipements et des plans de prix<\/li>\n<li>Offre une int\u00e9gration transparente avec des moteurs de r\u00e9servation populaires, comme Airbnb et Booking.com<\/li>\n<li>Syst\u00e8me de gestion de r\u00e9servation facile \u00e0 utiliser, permettant aux propri\u00e9taires d&rsquo;h\u00f4tel de visualiser et de g\u00e9rer les r\u00e9servations directement \u00e0 partir de leur tableau de bord WordPress<\/li>\n<li>Conception enti\u00e8rement r\u00e9active, garantir que le site Web de votre h\u00f4tel a fi\u00e8re allure sur tous les appareils<\/li>\n<li>Options de conception personnalisables, y compris une gamme de sch\u00e9mas de couleurs et de polices \u00e0 choisir<\/li>\n<li>Int\u00e9gration int\u00e9gr\u00e9e des m\u00e9dias sociaux, permettant aux invit\u00e9s de partager leurs d\u00e9tails de r\u00e9servation avec des amis et la famille<\/li>\n<li>Conception conviviale de r\u00e9f\u00e9rence<\/li>\n<li>Documentation compl\u00e8te et \u00e9quipe de support d\u00e9di\u00e9e disponible pour r\u00e9pondre \u00e0 toutes les questions ou pr\u00e9occupations<\/li>\n<\/ul>\n","protected":false},"excerpt":{"rendered":"<p>Le th\u00e8me WordPress de la r\u00e9servation d&rsquo;h\u00f4tel Hotello, avec une esth\u00e9tique \u00e9l\u00e9gante et moderne, a \u00e9t\u00e9 m\u00e9ticuleusement con\u00e7u pour r\u00e9pondre aux besoins des h\u00f4tels et des h\u00e9bergements de voyage. Ce mod\u00e8le de conception d\u00e9licieusement regorge d&rsquo;une gamme de fonctionnalit\u00e9s de pointe, y compris la possibilit\u00e9 de personnaliser des dispositions, des options de r\u00e9servation transparentes et un design r\u00e9actif tr\u00e8s adaptable, ce qui le rend la s\u00e9lection par excellence pour les h\u00f4tels aspirant \u00e0 pr\u00e9senter leurs propri\u00e9t\u00e9s distinctives dans le domaine num\u00e9rique . Avec son interface remarquablement conviviale et un arsenal d&rsquo;outils robustes \u00e0 votre disposition, le th\u00e8me de Hotello WordPress sert d&rsquo;atout indispensable pour les h\u00f4teliers aspirant \u00e0 amplifier leur pr\u00e9sence en ligne et \u00e0 augmenter leurs r\u00e9servations.<\/p>\n","protected":false},"featured_media":144196,"comment_status":"open","ping_status":"open","template":"","meta":[],"product_brand":[2433],"product_cat":[1558,1212,1213],"product_tag":[1366],"class_list":{"0":"post-115443","1":"product","2":"type-product","3":"status-publish","4":"has-post-thumbnail","6":"product_brand-themeforest","7":"product_cat-hotel-resort","8":"product_cat-themes","9":"product_cat-wordpress-themes","10":"product_tag-themeforest","11":"member-discount","12":"discount-restricted","14":"first","15":"instock","16":"sale","17":"downloadable","18":"virtual","19":"sold-individually","20":"purchasable","21":"product-type-simple"},"_links":{"self":[{"href":"https:\/\/gpl-love.com\/fr\/wp-json\/wp\/v2\/product\/115443","targetHints":{"allow":["GET"]}}],"collection":[{"href":"https:\/\/gpl-love.com\/fr\/wp-json\/wp\/v2\/product"}],"about":[{"href":"https:\/\/gpl-love.com\/fr\/wp-json\/wp\/v2\/types\/product"}],"replies":[{"embeddable":true,"href":"https:\/\/gpl-love.com\/fr\/wp-json\/wp\/v2\/comments?post=115443"}],"wp:featuredmedia":[{"embeddable":true,"href":"https:\/\/gpl-love.com\/fr\/wp-json\/wp\/v2\/media\/144196"}],"wp:attachment":[{"href":"https:\/\/gpl-love.com\/fr\/wp-json\/wp\/v2\/media?parent=115443"}],"wp:term":[{"taxonomy":"product_brand","embeddable":true,"href":"https:\/\/gpl-love.com\/fr\/wp-json\/wp\/v2\/product_brand?post=115443"},{"taxonomy":"product_cat","embeddable":true,"href":"https:\/\/gpl-love.com\/fr\/wp-json\/wp\/v2\/product_cat?post=115443"},{"taxonomy":"product_tag","embeddable":true,"href":"https:\/\/gpl-love.com\/fr\/wp-json\/wp\/v2\/product_tag?post=115443"}],"curies":[{"name":"wp","href":"https:\/\/api.w.org\/{rel}","templated":true}]}}