{"id":115441,"date":"2023-04-13T00:00:00","date_gmt":"2023-04-12T22:00:00","guid":{"rendered":"http:\/\/gpl-love.com\/fr\/produit\/green-planet-ecology-et-environment-wordpress-theme\/"},"modified":"2026-03-20T23:19:01","modified_gmt":"2026-03-20T22:19:01","slug":"green-planet-ecology-et-environment-wordpress-theme","status":"publish","type":"product","link":"https:\/\/gpl-love.com\/fr\/produit\/green-planet-ecology-et-environment-wordpress-theme\/","title":{"rendered":"Green Planet Ecology et Environment WordPress Theme 1.1.6"},"content":{"rendered":"<h3>Green Planet Ecology et Environment WordPress Theme Traits<\/h3>\n<p>Le th\u00e8me WordPress de l&rsquo;\u00e9cologie et de l&rsquo;environnement de la plan\u00e8te verte est un th\u00e8me incroyablement captivant et exceptionnellement r\u00e9actif qui a \u00e9t\u00e9 m\u00e9ticuleusement con\u00e7u sp\u00e9cifiquement pour les entreprises et les organisations qui mettent fortement l&rsquo;accent sur les causes environnementales. Avec son design \u00e9l\u00e9gant et de pointe, ce th\u00e8me offre un large \u00e9ventail de fonctionnalit\u00e9s personnalisables qui vous offrent la possibilit\u00e9 de fa\u00e7onner un site Web unique et captivant qui incarne v\u00e9ritablement votre marque. B\u00e9n\u00e9ficiant d&rsquo;un constructeur de pages de glisser-d\u00e9poser tr\u00e8s influent, d&rsquo;une multitude de pages pr\u00e9-con\u00e7ues et d&rsquo;options de th\u00e8me avanc\u00e9es, Green Planet simplifie le processus de construction d&rsquo;un site Web centr\u00e9 sur des pr\u00e9occupations environnementales qui sont \u00e0 la fois conviviales et agr\u00e9ables esth\u00e9tiquement. Que votre objectif soit d&rsquo;\u00e9tablir une pr\u00e9sence en ligne pour votre organisation environnementale ou d&rsquo;exposer vos produits ou services respectueux de l&rsquo;environnement, le th\u00e8me WordPress de la plan\u00e8te verte est l&rsquo;outil ultime pour vous aider \u00e0 atteindre vos aspirations.<\/p>\n<ul>\n<li>Th\u00e8me WordPress personnalisable et convivial con\u00e7u pour les organisations environnementales et \u00e9cologiques<\/li>\n<li>Propose une conception moderne et visuellement attrayante avec plusieurs options de mise en page<\/li>\n<li>Comprend des widgets personnalis\u00e9s et des types de publication pour afficher des informations sur les initiatives et projets environnementaux<\/li>\n<li>Fournit une vari\u00e9t\u00e9 de fonctionnalit\u00e9s pratiques pour l&rsquo;engagement avec les supporters et les membres, tels que les boutons de don, les calendriers d&rsquo;\u00e9v\u00e9nements et les liens de m\u00e9dias sociaux<\/li>\n<li>Prend en charge les options de langue anglaise et espagnole<\/li>\n<li>Compatible avec des plugins populaires tels que WooCommerce et Contact Form 7 pour ajouter des fonctionnalit\u00e9s<\/li>\n<li>Comprend une documentation et un soutien approfondis des d\u00e9veloppeurs de th\u00e8me<\/li>\n<li>R\u00e9guli\u00e8rement mis \u00e0 jour et maintenu pour assurer la compatibilit\u00e9 avec les derni\u00e8res versions WordPress et les mises \u00e0 jour de s\u00e9curit\u00e9.<\/li>\n<\/ul>\n","protected":false},"excerpt":{"rendered":"<p>Le th\u00e8me de l&rsquo;\u00e9cologie verte et de l&rsquo;environnement exquis et tr\u00e8s fonctionnelle de la plan\u00e8te verte a \u00e9t\u00e9 sp\u00e9cifiquement adapt\u00e9 pour r\u00e9pondre aux besoins exigeants des organisations environnementales, des organismes de bienfaisance et des ONG. Ce th\u00e8me impressionnant, qui adopte un sch\u00e9ma de couleurs vert pour refl\u00e9ter sa concentration \u00e9cologique, poss\u00e8de un niveau de personnalisation in\u00e9gal\u00e9, permettant aux utilisateurs de le fa\u00e7onner sans effort \u00e0 leurs sp\u00e9cifications uniques. Avec une multitude de fonctionnalit\u00e9s \u00e0 votre disposition, vous pouvez fa\u00e7onner sans effort un site Web percutant et informatif qui laissera une impression durable aux visiteurs. Le th\u00e8me est rempli d&rsquo;un vaste \u00e9ventail de mod\u00e8les pr\u00e9-con\u00e7us et de pages multiples, permettant m\u00eame aux utilisateurs les plus novices de construire sans effort un site Web qui d\u00e9gage le professionnalisme et captive l&rsquo;attention du public. La simplicit\u00e9 inh\u00e9rente du th\u00e8me est encore accentu\u00e9e par son interface intuitive et ses outils conviviaux, garantir que la gestion de votre contenu, la publication de articles de blog et la pr\u00e9sentation de vos projets de mani\u00e8re visuellement \u00e9tonnante devient une entreprise sans couture et sans effort. Indubitablement, le th\u00e8me WordPress de l&rsquo;\u00e9cologie et de l&rsquo;environnement de la plan\u00e8te verte est le choix ultime pour les individus passionn\u00e9s qui s&rsquo;efforcent de faire une diff\u00e9rence tangible et aspirent ardemment \u00e0 contribuer \u00e0 l&rsquo;am\u00e9lioration de notre plan\u00e8te en sensibilisant \u00e0 des probl\u00e8mes environnementaux pressants \u00e0 travers leur site Web.<\/p>\n","protected":false},"featured_media":144146,"comment_status":"open","ping_status":"open","template":"","meta":[],"product_brand":[2433],"product_cat":[1242,1212,1213],"product_tag":[1366],"class_list":{"0":"post-115441","1":"product","2":"type-product","3":"status-publish","4":"has-post-thumbnail","6":"product_brand-themeforest","7":"product_cat-creatif","8":"product_cat-themes","9":"product_cat-wordpress-themes","10":"product_tag-themeforest","11":"member-discount","12":"discount-restricted","14":"first","15":"instock","16":"sale","17":"downloadable","18":"virtual","19":"sold-individually","20":"purchasable","21":"product-type-simple"},"_links":{"self":[{"href":"https:\/\/gpl-love.com\/fr\/wp-json\/wp\/v2\/product\/115441","targetHints":{"allow":["GET"]}}],"collection":[{"href":"https:\/\/gpl-love.com\/fr\/wp-json\/wp\/v2\/product"}],"about":[{"href":"https:\/\/gpl-love.com\/fr\/wp-json\/wp\/v2\/types\/product"}],"replies":[{"embeddable":true,"href":"https:\/\/gpl-love.com\/fr\/wp-json\/wp\/v2\/comments?post=115441"}],"wp:featuredmedia":[{"embeddable":true,"href":"https:\/\/gpl-love.com\/fr\/wp-json\/wp\/v2\/media\/144146"}],"wp:attachment":[{"href":"https:\/\/gpl-love.com\/fr\/wp-json\/wp\/v2\/media?parent=115441"}],"wp:term":[{"taxonomy":"product_brand","embeddable":true,"href":"https:\/\/gpl-love.com\/fr\/wp-json\/wp\/v2\/product_brand?post=115441"},{"taxonomy":"product_cat","embeddable":true,"href":"https:\/\/gpl-love.com\/fr\/wp-json\/wp\/v2\/product_cat?post=115441"},{"taxonomy":"product_tag","embeddable":true,"href":"https:\/\/gpl-love.com\/fr\/wp-json\/wp\/v2\/product_tag?post=115441"}],"curies":[{"name":"wp","href":"https:\/\/api.w.org\/{rel}","templated":true}]}}