{"id":115437,"date":"2025-03-20T00:00:00","date_gmt":"2025-03-19T23:00:00","guid":{"rendered":"http:\/\/gpl-love.com\/fr\/produit\/wp-rentals-booking-accommodation-wordpress-theme\/"},"modified":"2026-03-20T23:50:27","modified_gmt":"2026-03-20T22:50:27","slug":"wp-rentals-booking-accommodation-wordpress-theme","status":"publish","type":"product","link":"https:\/\/gpl-love.com\/fr\/produit\/wp-rentals-booking-accommodation-wordpress-theme\/","title":{"rendered":"WP Rentals Booking Accommodation WordPress Theme 3.14.1"},"content":{"rendered":"<h3>WP Rentals Booking Accommodation WordPress Theme Traits<\/h3>\n<p>Le th\u00e8me WOTHPRESS WordPress de la location de WP, avec sa myriade de fonctionnalit\u00e9s impressionnantes, a \u00e9t\u00e9 d\u00e9lib\u00e9r\u00e9ment con\u00e7u pour offrir une exp\u00e9rience utilisateur in\u00e9gal\u00e9e pour ceux qui recherchent des r\u00e9servations d&rsquo;h\u00e9bergement de location. Dans ce th\u00e8me, on peut trouver une vaste s\u00e9lection de formulaires de r\u00e9servation personnalisables, de listes de propri\u00e9t\u00e9s et de calendriers de r\u00e9servation, tous sp\u00e9cifiquement adapt\u00e9s pour r\u00e9pondre aux besoins uniques des entreprises de location. En outre, il propose une gamme d&rsquo;outils de gestion de r\u00e9servation puissants, permettant aux utilisateurs de garder sans effort un \u0153il sur leurs r\u00e9servations, leurs paiements et leurs clients. De plus, le vaste panneau d&rsquo;options de th\u00e8me du th\u00e8me permet aux utilisateurs d&rsquo;aligner sans effort leur identit\u00e9 de marque avec son esth\u00e9tique. Sans aucun doute, WP Rentals est une solution in\u00e9gal\u00e9e pour les entreprises de location \u00e0 la recherche d&rsquo;un syst\u00e8me de r\u00e9servation fiable, esth\u00e9tiquement agr\u00e9able et centr\u00e9 sur l&rsquo;utilisateur.<\/p>\n<ul>\n<li>Design \u00e9l\u00e9gant et moderne<\/li>\n<li>Exp\u00e9rience utilisateur boost\u00e9e<\/li>\n<li>Syst\u00e8me de r\u00e9servation frontal d\u00e9di\u00e9 et interactif<\/li>\n<li>Filtres de recherche avanc\u00e9s et options de tri<\/li>\n<li>Pages de propri\u00e9t\u00e9s enti\u00e8rement personnalisables<\/li>\n<li>Gestion facile des r\u00e9servations et des h\u00e9bergements<\/li>\n<li>Options de passerelle de paiement multiples<\/li>\n<li>Int\u00e9gration transparente avec des plateformes de r\u00e9servation populaires telles qu&rsquo;Airbnb et TripAdvisor<\/li>\n<li>Syst\u00e8me de messagerie et de r\u00e9vision int\u00e9gr\u00e9e pour les invit\u00e9s et les h\u00f4tes<\/li>\n<li>Compatible avec divers modules compl\u00e9mentaires et plugins pour des fonctionnalit\u00e9s suppl\u00e9mentaires.<\/li>\n<\/ul>\n","protected":false},"excerpt":{"rendered":"<p>Le th\u00e8me WOTHPRESS WORDPRESS HODATION WP Rentals est un outil tr\u00e8s polyvalent et enti\u00e8rement personnalisable qui r\u00e9pond aux besoins des propri\u00e9taires d&rsquo;entreprises de location de biens ainsi que des agences immobili\u00e8res. B\u00e9n\u00e9ficiant d&rsquo;une interface intuitive et conviviale, ce th\u00e8me pr\u00e9sente une opportunit\u00e9 transparente d&rsquo;\u00e9tablir un site Web visuellement convaincant qui pr\u00e9sente efficacement vos propri\u00e9t\u00e9s tout en facilitant les r\u00e9servations en ligne pour votre client\u00e8le estim\u00e9e. Ce th\u00e8me propose une gamme de fonctionnalit\u00e9s remarquables, telles qu&rsquo;un syst\u00e8me de r\u00e9servation robuste, des outils de gestion immobili\u00e8re complets, des options de tarification flexibles, une int\u00e9gration transparente avec Google Maps, et bien plus encore. En incorporant le th\u00e8me de WP Rentals WordPress de r\u00e9servation de l&rsquo;h\u00e9bergement dans votre pr\u00e9sence en ligne, vous pouvez am\u00e9liorer consid\u00e9rablement votre visibilit\u00e9 dans le domaine num\u00e9rique et propulser votre entreprise vers un succ\u00e8s sans pr\u00e9c\u00e9dent.<\/p>\n","protected":false},"featured_media":146192,"comment_status":"open","ping_status":"open","template":"","meta":[],"product_brand":[2433],"product_cat":[1516,1212,1213],"product_tag":[1366],"class_list":{"0":"post-115437","1":"product","2":"type-product","3":"status-publish","4":"has-post-thumbnail","6":"product_brand-themeforest","7":"product_cat-entreprise","8":"product_cat-themes","9":"product_cat-wordpress-themes","10":"product_tag-themeforest","11":"member-discount","12":"discount-restricted","14":"first","15":"instock","16":"sale","17":"downloadable","18":"virtual","19":"sold-individually","20":"purchasable","21":"product-type-simple"},"_links":{"self":[{"href":"https:\/\/gpl-love.com\/fr\/wp-json\/wp\/v2\/product\/115437","targetHints":{"allow":["GET"]}}],"collection":[{"href":"https:\/\/gpl-love.com\/fr\/wp-json\/wp\/v2\/product"}],"about":[{"href":"https:\/\/gpl-love.com\/fr\/wp-json\/wp\/v2\/types\/product"}],"replies":[{"embeddable":true,"href":"https:\/\/gpl-love.com\/fr\/wp-json\/wp\/v2\/comments?post=115437"}],"wp:featuredmedia":[{"embeddable":true,"href":"https:\/\/gpl-love.com\/fr\/wp-json\/wp\/v2\/media\/146192"}],"wp:attachment":[{"href":"https:\/\/gpl-love.com\/fr\/wp-json\/wp\/v2\/media?parent=115437"}],"wp:term":[{"taxonomy":"product_brand","embeddable":true,"href":"https:\/\/gpl-love.com\/fr\/wp-json\/wp\/v2\/product_brand?post=115437"},{"taxonomy":"product_cat","embeddable":true,"href":"https:\/\/gpl-love.com\/fr\/wp-json\/wp\/v2\/product_cat?post=115437"},{"taxonomy":"product_tag","embeddable":true,"href":"https:\/\/gpl-love.com\/fr\/wp-json\/wp\/v2\/product_tag?post=115437"}],"curies":[{"name":"wp","href":"https:\/\/api.w.org\/{rel}","templated":true}]}}