{"id":115435,"date":"2022-06-11T00:00:00","date_gmt":"2022-06-10T22:00:00","guid":{"rendered":"http:\/\/gpl-love.com\/fr\/produit\/roofix-roofing-services-wordpress-theme\/"},"modified":"2026-04-10T18:38:26","modified_gmt":"2026-04-10T16:38:26","slug":"roofix-roofing-services-wordpress-theme","status":"publish","type":"product","link":"https:\/\/gpl-love.com\/fr\/produit\/roofix-roofing-services-wordpress-theme\/","title":{"rendered":"Roofix Roofing Services WordPress Theme 2.0.5"},"content":{"rendered":"<h3>Roofix Roofing Services WordPress Theme Traits<\/h3>\n<p>Le th\u00e8me WordPress des services de toiture Roofix a \u00e9t\u00e9 m\u00e9ticuleusement con\u00e7u pour r\u00e9pondre aux besoins des soci\u00e9t\u00e9s de services de toiture, ce qui en fait un formidable outil pour ces entreprises. Emball\u00e9 avec une pl\u00e9thore de fonctionnalit\u00e9s pratiques, ce th\u00e8me rationalise le processus de localisation et d&rsquo;achat de vos services. Les ajouts notables incluent un formulaire de r\u00e9servation convivial, des capacit\u00e9s de planification de rendez-vous transparentes et des tables de prix compl\u00e8tes. De plus, ce th\u00e8me poss\u00e8de une personnalisation compl\u00e8te, permettant des ajustements sans effort pour s&rsquo;aligner sur vos exigences de marque distinctes. Avec sa disposition navigable sans effort et son interface conviviale, le th\u00e8me WordPress des services de toiture Roofix appara\u00eet comme la solution ultime pour toute entreprise de toiture aspirant \u00e0 \u00e9tablir une pr\u00e9sence en ligne dominante et \u00e0 attirer une client\u00e8le plus grande.<\/p>\n<ul>\n<li>Design professionnel et moderne sp\u00e9cialement con\u00e7u pour les soci\u00e9t\u00e9s de toiture<\/li>\n<li>Disposition r\u00e9active qui a fi\u00e8re allure sur n&rsquo;importe quel appareil ou taille d&rsquo;\u00e9cran<\/li>\n<li>Options de personnalisation faciles, y compris les sch\u00e9mas de couleurs et les polices<\/li>\n<li>Int\u00e9gration avec des plugins WordPress populaires, tels que le formulaire de contact 7 et le r\u00e9f\u00e9rencement Yoast<\/li>\n<li>Plusieurs options de disposition de page d&rsquo;accueil et pages pr\u00e9d\u00e9finies pour une configuration facile<\/li>\n<li>Syst\u00e8me de r\u00e9servation de rendez-vous int\u00e9gr\u00e9 et galerie de vitrine de service<\/li>\n<li>Options de blog et de portefeuille illimit\u00e9 pour pr\u00e9senter le travail de votre entreprise<\/li>\n<li>\u00c9quipe de support d\u00e9di\u00e9e disponible pour aider \u00e0 la configuration et \u00e0 la personnalisation<\/li>\n<li>Mises \u00e0 jour et am\u00e9liorations r\u00e9guli\u00e8res pour assurer la compatibilit\u00e9 avec la derni\u00e8re version et les plugins WordPress.<\/li>\n<\/ul>\n","protected":false},"excerpt":{"rendered":"<p>Le th\u00e8me WordPress des services de toiture Roofix, fabriqu\u00e9s avec une attention impeccable aux d\u00e9tails, est un th\u00e8me de site Web exceptionnellement polyvalent et visuellement captivant exclusivement pour r\u00e9pondre aux besoins des entrepreneurs en toiture et des services de r\u00e9paration. Ce th\u00e8me d&rsquo;avant-garde poss\u00e8de non seulement une exp\u00e9rience de navigation transparente, mais aussi une exposition remarquable de votre profonde expertise dans le domaine des services de toiture, assurant que les visiteurs de votre site Web estim\u00e9s se procurent un acc\u00e8s sans entrave \u00e0 un r\u00e9f\u00e9rentiel complet d&rsquo;informations indispensables. Renforc\u00e9 par une interface intuitive et conviviale, le th\u00e8me de Roox pr\u00e9sente un \u00e9ventail impressionnant d&rsquo;options de personnalisation, vous permettant d&rsquo;amplifier la pr\u00e9sence de votre marque et d&rsquo;inculquer une impression ind\u00e9l\u00e9bile dans l&rsquo;esprit de votre public, propulsant ainsi votre site Web \u00e0 une stature de distinction sans pr\u00e9c\u00e9dent. . Avec son design \u00e9l\u00e9gant et contemporain, ce th\u00e8me est arm\u00e9 de caract\u00e9ristiques de pointe, d&rsquo;un constructeur de dispositions sans effort, d&rsquo;un constructeur de curseur et d&rsquo;une myriade d&rsquo;autres fonctionnalit\u00e9s de pointe. Pr\u00e9parez-vous \u00e0 vous lancer dans un voyage exaltant vers un triomphe sans pr\u00e9c\u00e9dent lorsque vous transcendez les limites des sites Web de toiture conventionnels avec le th\u00e8me WordPress des services de toiture de toit.<\/p>\n","protected":false},"featured_media":145145,"comment_status":"open","ping_status":"open","template":"","meta":[],"product_brand":[2433],"product_cat":[1516,1212,1213],"product_tag":[1366],"class_list":{"0":"post-115435","1":"product","2":"type-product","3":"status-publish","4":"has-post-thumbnail","6":"product_brand-themeforest","7":"product_cat-entreprise","8":"product_cat-themes","9":"product_cat-wordpress-themes","10":"product_tag-themeforest","11":"member-discount","12":"discount-restricted","14":"first","15":"instock","16":"sale","17":"downloadable","18":"virtual","19":"sold-individually","20":"purchasable","21":"product-type-simple"},"_links":{"self":[{"href":"https:\/\/gpl-love.com\/fr\/wp-json\/wp\/v2\/product\/115435","targetHints":{"allow":["GET"]}}],"collection":[{"href":"https:\/\/gpl-love.com\/fr\/wp-json\/wp\/v2\/product"}],"about":[{"href":"https:\/\/gpl-love.com\/fr\/wp-json\/wp\/v2\/types\/product"}],"replies":[{"embeddable":true,"href":"https:\/\/gpl-love.com\/fr\/wp-json\/wp\/v2\/comments?post=115435"}],"wp:featuredmedia":[{"embeddable":true,"href":"https:\/\/gpl-love.com\/fr\/wp-json\/wp\/v2\/media\/145145"}],"wp:attachment":[{"href":"https:\/\/gpl-love.com\/fr\/wp-json\/wp\/v2\/media?parent=115435"}],"wp:term":[{"taxonomy":"product_brand","embeddable":true,"href":"https:\/\/gpl-love.com\/fr\/wp-json\/wp\/v2\/product_brand?post=115435"},{"taxonomy":"product_cat","embeddable":true,"href":"https:\/\/gpl-love.com\/fr\/wp-json\/wp\/v2\/product_cat?post=115435"},{"taxonomy":"product_tag","embeddable":true,"href":"https:\/\/gpl-love.com\/fr\/wp-json\/wp\/v2\/product_tag?post=115435"}],"curies":[{"name":"wp","href":"https:\/\/api.w.org\/{rel}","templated":true}]}}