{"id":115433,"date":"2021-05-23T00:00:00","date_gmt":"2021-05-22T22:00:00","guid":{"rendered":"http:\/\/gpl-love.com\/fr\/produit\/outdoor-creative-photography-portfolio-wordpress-theme\/"},"modified":"2026-04-10T18:35:28","modified_gmt":"2026-04-10T16:35:28","slug":"outdoor-creative-photography-portfolio-wordpress-theme","status":"publish","type":"product","link":"https:\/\/gpl-love.com\/fr\/produit\/outdoor-creative-photography-portfolio-wordpress-theme\/","title":{"rendered":"Outdoor Creative Photography Portfolio WordPress Theme 3.9.3"},"content":{"rendered":"<h3>Outdoor Creative Photography Portfolio WordPress Theme Traits<\/h3>\n<p>Le th\u00e8me WordPress du portefeuille de photographies cr\u00e9atifs en plein air sert de solution idyllique pour que les photographes s&rsquo;efforcent de montrer leurs efforts artistiques sur Internet. Ce th\u00e8me poss\u00e8de un design contemporain et sophistiqu\u00e9 qui est compl\u00e8tement r\u00e9actif, le rendant compatible avec divers appareils. En raison de sa disposition personnalisable et de ses fonctionnalit\u00e9s conviviales, construire un portefeuille visuellement frappant qui accentue vos comp\u00e9tences et votre style distinctif est un exploit sans effort. Que vous soyez un professionnel chevronn\u00e9 ou un amateur qui se lance dans votre voyage photographique, ce th\u00e8me englobe tous les outils n\u00e9cessaires pour pr\u00e9senter efficacement votre travail et captiver les clients potentiels. En tirant parti des options de portfolio avanc\u00e9es du th\u00e8me, de l&rsquo;int\u00e9gration transparente avec les plateformes de m\u00e9dias sociaux et des widgets facilement configurables, vous pouvez sans aucun doute vous assurer que votre portefeuille en ligne attire une attention in\u00e9gal\u00e9e et se distingue de la concurrence. Pourquoi retarder davantage? Embrassez le th\u00e8me WordPress du portefeuille de photographies cr\u00e9atifs en plein air aujourd&rsquo;hui et propulsez votre entreprise de photographie \u00e0 des hauteurs sans pr\u00e9c\u00e9dent!<\/p>\n<ul>\n<li>Un th\u00e8me de portefeuille \u00e9tonnant et visuellement attrayant con\u00e7u sp\u00e9cialement pour la photographie en plein air et cr\u00e9atif<\/li>\n<li>Options hautement personnalisables pour pr\u00e9senter votre travail de la meilleure fa\u00e7on possible<\/li>\n<li>Image et curseurs vid\u00e9o en vedette pour faire une impression durable sur les visiteurs<\/li>\n<li>Disposages de galerie et de portefeuille con\u00e7us pour mettre en \u00e9vidence les d\u00e9tails de vos images<\/li>\n<li>Filtres de portfolio avanc\u00e9s pour permettre aux visiteurs de parcourir facilement et de trouver les images qu&rsquo;ils recherchent<\/li>\n<li>Options d&rsquo;en-t\u00eate et de pied de page multiples pour fournir une apparence unique \u00e0 votre site Web<\/li>\n<li>Optimisation du r\u00e9f\u00e9rencement pour une meilleure visibilit\u00e9 en ligne et un classement sur les moteurs de recherche<\/li>\n<li>Conception r\u00e9active pour une visualisation transparente sur tous les appareils et tailles d&rsquo;\u00e9cran<\/li>\n<li>Int\u00e9gration avec les m\u00e9dias sociaux et les options de partage pour renforcer votre pr\u00e9sence en ligne<\/li>\n<li>Mises \u00e0 jour r\u00e9guli\u00e8res et support client d\u00e9di\u00e9 \u00e0 une exp\u00e9rience sans tracas.<\/li>\n<\/ul>\n","protected":false},"excerpt":{"rendered":"<p>Le th\u00e8me WordPress du portefeuille de photographies cr\u00e9atifs en plein air, qui est sp\u00e9cialement con\u00e7u pour les photographes en plein air qui cherchent \u00e0 montrer leurs chefs-d&rsquo;\u0153uvre dans un portefeuille en ligne impressionnant, se distingue comme la s\u00e9lection ultime. Son design sophistiqu\u00e9 et contemporain permet une personnalisation compl\u00e8te, vous permettant de forger sans effort un site Web distinctif et personnalis\u00e9 qui s&rsquo;aligne impeccablement sur votre identit\u00e9 de marque. B\u00e9n\u00e9ficiant de caract\u00e9ristiques de photographie avanc\u00e9es et d&rsquo;une disposition sensible \u00e0 mobile, ce th\u00e8me garantit la pr\u00e9sentation optimale de vos instantan\u00e9s \u00e0 couper le souffle sur tous les appareils. Ind\u00e9pendamment de la possibilit\u00e9 de b\u00e9n\u00e9ficier d&rsquo;une exp\u00e9rience substantielle dans le domaine ou de vous lancer dans votre voyage photographique, soyez assur\u00e9 que le th\u00e8me du portefeuille de photographies cr\u00e9atifs en plein air WordPress propulsera incontestablement votre pr\u00e9sence en ligne \u00e0 des hauteurs in\u00e9gal\u00e9es.<\/p>\n","protected":false},"featured_media":144881,"comment_status":"open","ping_status":"open","template":"","meta":[],"product_brand":[2433],"product_cat":[1242,1212,1213],"product_tag":[1366],"class_list":{"0":"post-115433","1":"product","2":"type-product","3":"status-publish","4":"has-post-thumbnail","6":"product_brand-themeforest","7":"product_cat-creatif","8":"product_cat-themes","9":"product_cat-wordpress-themes","10":"product_tag-themeforest","11":"member-discount","12":"discount-restricted","14":"first","15":"instock","16":"sale","17":"downloadable","18":"virtual","19":"sold-individually","20":"purchasable","21":"product-type-simple"},"_links":{"self":[{"href":"https:\/\/gpl-love.com\/fr\/wp-json\/wp\/v2\/product\/115433","targetHints":{"allow":["GET"]}}],"collection":[{"href":"https:\/\/gpl-love.com\/fr\/wp-json\/wp\/v2\/product"}],"about":[{"href":"https:\/\/gpl-love.com\/fr\/wp-json\/wp\/v2\/types\/product"}],"replies":[{"embeddable":true,"href":"https:\/\/gpl-love.com\/fr\/wp-json\/wp\/v2\/comments?post=115433"}],"wp:featuredmedia":[{"embeddable":true,"href":"https:\/\/gpl-love.com\/fr\/wp-json\/wp\/v2\/media\/144881"}],"wp:attachment":[{"href":"https:\/\/gpl-love.com\/fr\/wp-json\/wp\/v2\/media?parent=115433"}],"wp:term":[{"taxonomy":"product_brand","embeddable":true,"href":"https:\/\/gpl-love.com\/fr\/wp-json\/wp\/v2\/product_brand?post=115433"},{"taxonomy":"product_cat","embeddable":true,"href":"https:\/\/gpl-love.com\/fr\/wp-json\/wp\/v2\/product_cat?post=115433"},{"taxonomy":"product_tag","embeddable":true,"href":"https:\/\/gpl-love.com\/fr\/wp-json\/wp\/v2\/product_tag?post=115433"}],"curies":[{"name":"wp","href":"https:\/\/api.w.org\/{rel}","templated":true}]}}