{"id":115429,"date":"2021-10-02T00:00:00","date_gmt":"2021-10-01T22:00:00","guid":{"rendered":"http:\/\/gpl-love.com\/fr\/produit\/flatastic-versatile-multi-vendor-wordpress-theme\/"},"modified":"2026-03-20T23:05:59","modified_gmt":"2026-03-20T22:05:59","slug":"flatastic-versatile-multi-vendor-wordpress-theme","status":"publish","type":"product","link":"https:\/\/gpl-love.com\/fr\/produit\/flatastic-versatile-multi-vendor-wordpress-theme\/","title":{"rendered":"Flatastic Versatile Multi Vendor WordPress Theme 1.8.8"},"content":{"rendered":"<h3>Flatastic Versatile Multi Vendor WordPress Theme Traits<\/h3>\n<p>Le th\u00e8me Flatastic Versatile Multi Vendor WordPress est un th\u00e8me extr\u00eamement multiforme et adaptable, confisqu\u00e9 de mani\u00e8re r\u00e9fl\u00e9chie pour r\u00e9pondre aux exigences complexes des sites Web de commerce \u00e9lectronique multi-fournisseur. B\u00e9n\u00e9ficiant d&rsquo;un design \u00e9l\u00e9gamment rationalis\u00e9 et contemporain, ce th\u00e8me a \u00e9t\u00e9 m\u00e9ticuleusement optimis\u00e9 pour offrir des performances et une convivialit\u00e9 in\u00e9gal\u00e9es, facilitant la navigation sans faille et les achats sans effort. Distingu\u00e9 par une pl\u00e9thore d&rsquo;outils et de fonctionnalit\u00e9s robustes, y compris des fonctionnalit\u00e9s de recherche de pointe, diverses options de passerelle de paiement et des dispositions de produits personnalisables, ce th\u00e8me est un choix exemplaire pour tout genre de boutique en ligne. De plus, le th\u00e8me est m\u00e9ticuleusement r\u00e9actif, assurant une exp\u00e9rience visuellement splendide sur tous les appareils, que ce soit des t\u00e9l\u00e9phones mobiles ou des tablettes. Dans l&rsquo;ensemble, le th\u00e8me Flatastic Versatile Multi Vendor WordPress appara\u00eet comme une solution extraordinairement efficace pour toute entreprise de commerce \u00e9lectronique cherchant \u00e0 augmenter sa pr\u00e9sence num\u00e9rique et \u00e0 renforcer la rentabilit\u00e9.<\/p>\n<ul>\n<li>Th\u00e8me hautement personnalisable et polyvalent con\u00e7u pour les sites Web de commerce \u00e9lectronique avec plusieurs fournisseurs<\/li>\n<li>Conception propre et moderne avec des options \u00e0 choisir parmi 6 dispositions de page d&rsquo;accueil diff\u00e9rentes<\/li>\n<li>Options et filtres de recherche avanc\u00e9s pour aider les clients \u00e0 trouver facilement des produits<\/li>\n<li>Options pour les ventes de produits physiques et num\u00e9riques<\/li>\n<li>Int\u00e9gr\u00e9 aux passerelles de paiement populaires pour les transactions s\u00e9curis\u00e9es et sans tracas<\/li>\n<li>Tableau de bord du fournisseur pour une gestion facile des produits, des commandes et des rapports de vente<\/li>\n<li>Plusieurs options d&rsquo;exp\u00e9dition parmi lesquelles choisir et configurer<\/li>\n<li>Int\u00e9gration avec des plugins tiers populaires pour des fonctionnalit\u00e9s suppl\u00e9mentaires<\/li>\n<li>Mobile r\u00e9actif et optimis\u00e9 pour les vitesses de chargement rapide<\/li>\n<li>Mises \u00e0 jour r\u00e9guli\u00e8res et support client des d\u00e9veloppeurs de th\u00e8mes<\/li>\n<\/ul>\n","protected":false},"excerpt":{"rendered":"<p>Le th\u00e8me Flatastic Versatile Multi fournisseur WordPress est une option tr\u00e8s louable pour les personnes qui cherchent \u00e0 initier un march\u00e9 en ligne. B\u00e9n\u00e9ficiant d&rsquo;un large \u00e9ventail de fonctionnalit\u00e9s, telles que de nombreuses alternatives de paiement, diverses variations de produits et des tableaux de bord sp\u00e9cialement adapt\u00e9s aux fournisseurs, ce th\u00e8me facilite la gestion transparente de votre magasin virtuel. En outre, sa conception \u00e9l\u00e9gante et son interface conviviale contribuent \u00e0 un parcours client raffin\u00e9 et sophistiqu\u00e9 sans effort. Que vous proposiez des produits tangibles, des t\u00e9l\u00e9chargements num\u00e9riques ou des services, soyez assur\u00e9 que le th\u00e8me WordPress polyvalent polyvalent Flatastic WordPress r\u00e9pondra \u00e0 tous vos besoins.<\/p>\n","protected":false},"featured_media":143877,"comment_status":"open","ping_status":"open","template":"","meta":[],"product_brand":[2433],"product_cat":[1516,1212,1213],"product_tag":[1366],"class_list":{"0":"post-115429","1":"product","2":"type-product","3":"status-publish","4":"has-post-thumbnail","6":"product_brand-themeforest","7":"product_cat-entreprise","8":"product_cat-themes","9":"product_cat-wordpress-themes","10":"product_tag-themeforest","11":"member-discount","12":"discount-restricted","14":"first","15":"instock","16":"sale","17":"downloadable","18":"virtual","19":"sold-individually","20":"purchasable","21":"product-type-simple"},"_links":{"self":[{"href":"https:\/\/gpl-love.com\/fr\/wp-json\/wp\/v2\/product\/115429","targetHints":{"allow":["GET"]}}],"collection":[{"href":"https:\/\/gpl-love.com\/fr\/wp-json\/wp\/v2\/product"}],"about":[{"href":"https:\/\/gpl-love.com\/fr\/wp-json\/wp\/v2\/types\/product"}],"replies":[{"embeddable":true,"href":"https:\/\/gpl-love.com\/fr\/wp-json\/wp\/v2\/comments?post=115429"}],"wp:featuredmedia":[{"embeddable":true,"href":"https:\/\/gpl-love.com\/fr\/wp-json\/wp\/v2\/media\/143877"}],"wp:attachment":[{"href":"https:\/\/gpl-love.com\/fr\/wp-json\/wp\/v2\/media?parent=115429"}],"wp:term":[{"taxonomy":"product_brand","embeddable":true,"href":"https:\/\/gpl-love.com\/fr\/wp-json\/wp\/v2\/product_brand?post=115429"},{"taxonomy":"product_cat","embeddable":true,"href":"https:\/\/gpl-love.com\/fr\/wp-json\/wp\/v2\/product_cat?post=115429"},{"taxonomy":"product_tag","embeddable":true,"href":"https:\/\/gpl-love.com\/fr\/wp-json\/wp\/v2\/product_tag?post=115429"}],"curies":[{"name":"wp","href":"https:\/\/api.w.org\/{rel}","templated":true}]}}