{"id":115427,"date":"2021-07-13T00:00:00","date_gmt":"2021-07-12T22:00:00","guid":{"rendered":"http:\/\/gpl-love.com\/fr\/produit\/realplaces-estate-sale-et-rental-wordpress-theme\/"},"modified":"2026-04-10T18:37:49","modified_gmt":"2026-04-10T16:37:49","slug":"realplaces-estate-sale-et-rental-wordpress-theme","status":"publish","type":"product","link":"https:\/\/gpl-love.com\/fr\/produit\/realplaces-estate-sale-et-rental-wordpress-theme\/","title":{"rendered":"Real Places Estate Sale et Rental WordPress Theme 1.9.2"},"content":{"rendered":"<h3>Real Places Estate Sale et Rental WordPress Theme Traits<\/h3>\n<p>Le th\u00e8me de la vente de succession et de location de Real Places offre une solution parfaite aux personnes \u00e0 la recherche d&rsquo;un site Web sophistiqu\u00e9 et complet pour pr\u00e9senter leur entreprise immobili\u00e8re. B\u00e9n\u00e9ficiant d&rsquo;une interface conviviale, ce th\u00e8me accorde l&rsquo;acc\u00e8s aux alternatives de recherche avanc\u00e9es, aux listes de propri\u00e9t\u00e9s personnalisables et aux outils de gestion des propri\u00e9t\u00e9s simples. De plus, le th\u00e8me est m\u00e9ticuleusement con\u00e7u pour r\u00e9pondre aux exigences des agents immobiliers et des agences, des constructeurs et des soci\u00e9t\u00e9s de location de biens. Sa conception r\u00e9active, adapt\u00e9e aux appareils mobiles, garantit des performances optimales, tandis que ses vitesses de chargement opportun et son code pr\u00eat pour le SEO contribuent \u00e0 une pr\u00e9sence en ligne am\u00e9lior\u00e9e. Les endroits r\u00e9els amplifient efficacement l&rsquo;importance des entreprises immobili\u00e8res en accordant une apparence professionnelle et raffin\u00e9e qui captive sans aucun doute une client\u00e8le potentielle.<\/p>\n<ul>\n<li>Un th\u00e8me WordPress moderne et professionnel con\u00e7u sp\u00e9cifiquement pour les ventes et les locations immobili\u00e8res<\/li>\n<li>Fonctionnalit\u00e9 int\u00e9gr\u00e9e pour \u00e9num\u00e9rer et pr\u00e9senter facilement les propri\u00e9t\u00e9s, y compris les photos, les descriptions et les informations sur les prix<\/li>\n<li>Une interface conviviale qui permet \u00e0 la fois pour les professionnels de l&rsquo;immobilier et les acheteurs \/ locataires potentiels de naviguer et d&rsquo;explorer les listes disponibles<\/li>\n<li>Options de conception personnalisables pour vous assurer que votre site correspond \u00e0 votre marque et se d\u00e9marque de la concurrence<\/li>\n<li>Int\u00e9gration avec des plateformes de paiement populaires et des outils de planification pour rationaliser le processus de location et de vente<\/li>\n<li>Conception r\u00e9active qui a fi\u00e8re allure sur tous les appareils, des ordinateurs de bureau aux smartphones<\/li>\n<li>Optimisation du r\u00e9f\u00e9rencement pour augmenter le classement et la visibilit\u00e9 des moteurs de recherche de votre site<\/li>\n<li>Mises \u00e0 jour r\u00e9guli\u00e8res et soutien continu pour vous assurer que votre site reste \u00e0 jour et s\u00e9curis\u00e9.<\/li>\n<\/ul>\n","protected":false},"excerpt":{"rendered":"<p>Le th\u00e8me WordPress de la succession et de location r\u00e9els se pr\u00e9sente comme une solution fiable et contemporaine pour g\u00e9rer efficacement votre entreprise immobili\u00e8re. B\u00e9n\u00e9ficiant d&rsquo;une interface vierge et conviviale, ce th\u00e8me propose une vaste gamme de fonctionnalit\u00e9s, y compris des listes de propri\u00e9t\u00e9s, des filtres de recherche avanc\u00e9s, une int\u00e9gration transparente avec Google Maps et la possibilit\u00e9 de personnaliser les pages de propri\u00e9t\u00e9s. De plus, il s&rsquo;adresse \u00e9galement aux locations de biens, permettant une pr\u00e9sentation sans effort de vos propri\u00e9t\u00e9s locatives et une gestion de r\u00e9servation rationalis\u00e9e. De plus, ce th\u00e8me est pleinement r\u00e9actif, garantissant une pr\u00e9sentation visuelle impeccable sur divers appareils. Que vous soyez un agent immobilier ou un propri\u00e9taire, le th\u00e8me Real Places est la s\u00e9lection id\u00e9ale pour afficher vos propri\u00e9t\u00e9s dans un cadre en ligne.<\/p>\n","protected":false},"featured_media":145087,"comment_status":"open","ping_status":"open","template":"","meta":[],"product_brand":[2433],"product_cat":[1356,1212,1213],"product_tag":[1366],"class_list":{"0":"post-115427","1":"product","2":"type-product","3":"status-publish","4":"has-post-thumbnail","6":"product_brand-themeforest","7":"product_cat-immobilier","8":"product_cat-themes","9":"product_cat-wordpress-themes","10":"product_tag-themeforest","11":"member-discount","12":"discount-restricted","14":"first","15":"instock","16":"sale","17":"downloadable","18":"virtual","19":"sold-individually","20":"purchasable","21":"product-type-simple"},"_links":{"self":[{"href":"https:\/\/gpl-love.com\/fr\/wp-json\/wp\/v2\/product\/115427","targetHints":{"allow":["GET"]}}],"collection":[{"href":"https:\/\/gpl-love.com\/fr\/wp-json\/wp\/v2\/product"}],"about":[{"href":"https:\/\/gpl-love.com\/fr\/wp-json\/wp\/v2\/types\/product"}],"replies":[{"embeddable":true,"href":"https:\/\/gpl-love.com\/fr\/wp-json\/wp\/v2\/comments?post=115427"}],"wp:featuredmedia":[{"embeddable":true,"href":"https:\/\/gpl-love.com\/fr\/wp-json\/wp\/v2\/media\/145087"}],"wp:attachment":[{"href":"https:\/\/gpl-love.com\/fr\/wp-json\/wp\/v2\/media?parent=115427"}],"wp:term":[{"taxonomy":"product_brand","embeddable":true,"href":"https:\/\/gpl-love.com\/fr\/wp-json\/wp\/v2\/product_brand?post=115427"},{"taxonomy":"product_cat","embeddable":true,"href":"https:\/\/gpl-love.com\/fr\/wp-json\/wp\/v2\/product_cat?post=115427"},{"taxonomy":"product_tag","embeddable":true,"href":"https:\/\/gpl-love.com\/fr\/wp-json\/wp\/v2\/product_tag?post=115427"}],"curies":[{"name":"wp","href":"https:\/\/api.w.org\/{rel}","templated":true}]}}