{"id":115425,"date":"2024-02-05T00:00:00","date_gmt":"2024-02-04T23:00:00","guid":{"rendered":"http:\/\/gpl-love.com\/fr\/produit\/cryptico-ico-crypto-landing-et-cryptocurrency-wordpress-theme\/"},"modified":"2026-03-20T22:59:26","modified_gmt":"2026-03-20T21:59:26","slug":"cryptico-ico-crypto-landing-et-cryptocurrency-wordpress-theme","status":"publish","type":"product","link":"https:\/\/gpl-love.com\/fr\/produit\/cryptico-ico-crypto-landing-et-cryptocurrency-wordpress-theme\/","title":{"rendered":"Cryptico ICO Crypto Landing et Cryptocurrency WordPress Theme 1.4.12"},"content":{"rendered":"<h3>Cryptico ICO Crypto Landing et Cryptocurrency WordPress Theme Traits<\/h3>\n<p>Le th\u00e8me WordPress Cryptico ICO Crypto Landing and Cryptocurrence offre une solution id\u00e9ale pour les personnes cherchant \u00e0 lancer un site Web li\u00e9 aux crypto-monnaies. Ce th\u00e8me est sp\u00e9cifiquement con\u00e7u avec les ICO et les \u00e9changes de crypto-monnaie, en fournissant tous les composants n\u00e9cessaires pour que votre site Web se d\u00e9marque vraiment. Avec son design \u00e9l\u00e9gant et contemporain, Cryptico est enti\u00e8rement r\u00e9actif et pr\u00e9sente un large \u00e9ventail d&rsquo;options de personnalisation, permettant la cr\u00e9ation d&rsquo;un site Web qui refl\u00e8te parfaitement votre marque. Notamment, ce th\u00e8me int\u00e8gre des fonctionnalit\u00e9s impressionnantes telles qu&rsquo;un minuteur \u00e0 rebours, des widgets personnalis\u00e9s et une prise en charge de plusieurs langues, facilitant ainsi le d\u00e9veloppement d&rsquo;un site Web capable d&rsquo;attirer des utilisateurs du monde entier. En outre, Cryptico est m\u00e9ticuleusement optimis\u00e9 pour le r\u00e9f\u00e9rencement, garantissant que votre site Web sera facilement d\u00e9couvrable et obtiendra des classements \u00e9lev\u00e9s sur les pages de r\u00e9sultats des moteurs de recherche. Que vous soyez un novice \u00e0 vous aventurer dans le domaine de la crypto-monnaie ou une entit\u00e9 \u00e9tablie qui cherche \u00e0 \u00e9lever les performances de votre site Web, Cryptico sert de th\u00e8me par excellence pour vos besoins.<\/p>\n<ul>\n<li>Con\u00e7u sp\u00e9cifiquement pour les pages de destination ICO et Cryptocurrency<\/li>\n<li>Comprend des mod\u00e8les de page pr\u00e9-fabriqu\u00e9s pour toutes les sections n\u00e9cessaires (livre blanc, \u00e9quipe, feuille de route, etc.)<\/li>\n<li>Support int\u00e9gr\u00e9 pour toutes les grandes crypto-monnaies<\/li>\n<li>Personnalisation facile avec le g\u00e9n\u00e9rateur de pages glisser-d\u00e9poser et le panneau d&rsquo;options de th\u00e8me<\/li>\n<li>Conception r\u00e9active mobile pour une visualisation optimale sur tous les appareils<\/li>\n<li>SEO optimis\u00e9 pour les classements de moteur de recherche plus \u00e9lev\u00e9s<\/li>\n<li>S&rsquo;int\u00e8gre \u00e0 tous les principaux portefeuilles de crypto-monnaie et passerelles de paiement<\/li>\n<li>Comprend une minuterie de compte \u00e0 rebours ICO personnalisable<\/li>\n<li>Importation de d\u00e9monstration en un clic pour commencer rapidement<\/li>\n<li>Mises \u00e0 jour r\u00e9guli\u00e8res et support client.<\/li>\n<\/ul>\n","protected":false},"excerpt":{"rendered":"<p>Cryptico ICO Crypto Landing and Cryptocurrence WordPress Le th\u00e8me est une solution innovante et compl\u00e8te pour tous vos besoins en monnaie num\u00e9rique. Ce th\u00e8me WordPress premium est con\u00e7u sp\u00e9cifiquement pour les startups de crypto-monnaie, les agences ICO, les sites Web d&rsquo;extraction de Bitcoin et les plateformes de trading de crypto. Il dispose d&rsquo;un compte \u00e0 rebours ICO, d&rsquo;une page de destination enti\u00e8rement personnalisable et d&rsquo;une pl\u00e9thore de widgets de crypto-monnaie informatifs. Avec Cryptico, vous pouvez facilement cr\u00e9er une pr\u00e9sence en ligne attrayante et professionnelle pour votre entreprise de crypto-monnaie. Son interface conviviale et son int\u00e9gration transparente avec WordPress le rend pratique m\u00eame pour les d\u00e9butants. La mise en \u00e9vidence de vos fonctionnalit\u00e9s et avantages cl\u00e9s n&rsquo;a jamais \u00e9t\u00e9 aussi facile avec les sections personnalisables de Cryptico. Entrez dans l&rsquo;avenir de la monnaie num\u00e9rique avec l&rsquo;atterrissage Cryptico ICO Crypto et le th\u00e8me WordPress crypto-monnaie.<\/p>\n","protected":false},"featured_media":143446,"comment_status":"open","ping_status":"open","template":"","meta":[],"product_brand":[2433],"product_cat":[1242,1212,1213],"product_tag":[1366],"class_list":{"0":"post-115425","1":"product","2":"type-product","3":"status-publish","4":"has-post-thumbnail","6":"product_brand-themeforest","7":"product_cat-creatif","8":"product_cat-themes","9":"product_cat-wordpress-themes","10":"product_tag-themeforest","11":"member-discount","12":"discount-restricted","14":"first","15":"instock","16":"sale","17":"downloadable","18":"virtual","19":"sold-individually","20":"purchasable","21":"product-type-simple"},"_links":{"self":[{"href":"https:\/\/gpl-love.com\/fr\/wp-json\/wp\/v2\/product\/115425","targetHints":{"allow":["GET"]}}],"collection":[{"href":"https:\/\/gpl-love.com\/fr\/wp-json\/wp\/v2\/product"}],"about":[{"href":"https:\/\/gpl-love.com\/fr\/wp-json\/wp\/v2\/types\/product"}],"replies":[{"embeddable":true,"href":"https:\/\/gpl-love.com\/fr\/wp-json\/wp\/v2\/comments?post=115425"}],"wp:featuredmedia":[{"embeddable":true,"href":"https:\/\/gpl-love.com\/fr\/wp-json\/wp\/v2\/media\/143446"}],"wp:attachment":[{"href":"https:\/\/gpl-love.com\/fr\/wp-json\/wp\/v2\/media?parent=115425"}],"wp:term":[{"taxonomy":"product_brand","embeddable":true,"href":"https:\/\/gpl-love.com\/fr\/wp-json\/wp\/v2\/product_brand?post=115425"},{"taxonomy":"product_cat","embeddable":true,"href":"https:\/\/gpl-love.com\/fr\/wp-json\/wp\/v2\/product_cat?post=115425"},{"taxonomy":"product_tag","embeddable":true,"href":"https:\/\/gpl-love.com\/fr\/wp-json\/wp\/v2\/product_tag?post=115425"}],"curies":[{"name":"wp","href":"https:\/\/api.w.org\/{rel}","templated":true}]}}