{"id":115423,"date":"2026-04-10T00:00:00","date_gmt":"2026-04-09T22:00:00","guid":{"rendered":"http:\/\/gpl-love.com\/fr\/produit\/billey-creative-portfolio-et-agency-wordpress-theme\/"},"modified":"2026-04-10T18:30:20","modified_gmt":"2026-04-10T16:30:20","slug":"billey-creative-portfolio-et-agency-wordpress-theme","status":"publish","type":"product","link":"https:\/\/gpl-love.com\/fr\/produit\/billey-creative-portfolio-et-agency-wordpress-theme\/","title":{"rendered":"Billey Creative Portfolio et Agency WordPress Theme 2.2.2"},"content":{"rendered":"<h3>Billey Creative Portfolio et Agency WordPress Theme Traits<\/h3>\n<p>Billey Creative Portfolio and Agency WordPress Th\u00e8me se pr\u00e9sente comme un th\u00e8me remarquablement puissant et polyvalent, m\u00e9ticuleusement con\u00e7u pour les individus et les entreprises cherchant \u00e0 exposer leurs efforts artistiques sur la sc\u00e8ne cyber. Exposant un design vierge et contemporain, Billey abrite un assortiment d&rsquo;attributs et de mod\u00e8les personnalisables qui facilitent la cr\u00e9ation d&rsquo;un site Web visuellement captivant et extr\u00eamement professionnel. Ind\u00e9pendamment de savoir si votre appel r\u00e9side dans les domaines de l&rsquo;art, du design, de la photographie ou d&rsquo;une agence cr\u00e9ative, Billey est rempli d&rsquo;un assemblage global d&rsquo;outils et de ressources essentiels pour pr\u00e9senter votre portefeuille, annoncer vos services et favoriser un engagement significatif avec votre public cible. Tirant parti de sa disposition r\u00e9active et utilisant un code de r\u00e9f\u00e9rencement, Billey garantit que votre site Web obtient une apparence attrayante dans tous les appareils et reste facilement d\u00e9couvrable dans un \u00e9ventail de moteurs de recherche. Ainsi, si vous \u00eates actuellement \u00e0 la recherche d&rsquo;un th\u00e8me WordPress fiable et flexible qui a le potentiel d&rsquo;\u00e9lever votre pr\u00e9sence en ligne \u00e0 des hauteurs sans pr\u00e9c\u00e9dent, assurez-vous que le portefeuille cr\u00e9atif de Billey et le th\u00e8me WordPress de l&rsquo;agence est sans \u00e9quivoque le summum de la perfection.<\/p>\n<ul>\n<li>Design \u00e9l\u00e9gant et professionnel parfait pour les portefeuilles cr\u00e9atifs et les agences<\/li>\n<li>Disposition enti\u00e8rement r\u00e9active qui a fi\u00e8re allure sur n&rsquo;importe quel appareil<\/li>\n<li>Page d&rsquo;accueil multiples et options de page int\u00e9rieure pour la personnalisation<\/li>\n<li>Importateur de d\u00e9monstration en un clic pour configurer rapidement votre site avec des dispositions pr\u00e9-con\u00e7ues<\/li>\n<li>Animations lisses et effets de transition pour une exp\u00e9rience visuellement attrayante<\/li>\n<li>Builateur de page de glisser-d\u00e9poser et de d\u00e9pression facile \u00e0 utiliser pour les dispositions personnalis\u00e9es<\/li>\n<li>Portfolio int\u00e9gr\u00e9 et sections des membres de l&rsquo;\u00e9quipe pour pr\u00e9senter votre travail et vos membres de l&rsquo;\u00e9quipe<\/li>\n<li>Panneau d&rsquo;options de th\u00e8me flexible et puissant pour une personnalisation facile<\/li>\n<li>SEO optimis\u00e9 pour am\u00e9liorer le classement des moteurs de recherche<\/li>\n<li>Compatible avec les plugins WordPress populaires pour des fonctionnalit\u00e9s ajout\u00e9es<\/li>\n<li>R\u00e9guli\u00e8rement mis \u00e0 jour avec de nouvelles fonctionnalit\u00e9s et am\u00e9liorations.<\/li>\n<\/ul>\n","protected":false},"excerpt":{"rendered":"<p>Billey Creative Portfolio and Agency WordPress Le th\u00e8me est un outil tr\u00e8s polyvalent, parfait pour toute agence cr\u00e9ative ou individu qui cherche \u00e0 pr\u00e9senter son portefeuille. Ce th\u00e8me WordPress est charg\u00e9 de fonctionnalit\u00e9s avanc\u00e9es et d&rsquo;options personnalisables, vous permettant de cr\u00e9er facilement un site Web professionnel unique. Billey Creative Portfolio and Agency WordPress Le th\u00e8me est enti\u00e8rement r\u00e9actif, garantissant que votre contenu est id\u00e9al sur tous les appareils. Sa conception conviviale SEO aide \u00e0 am\u00e9liorer la visibilit\u00e9 de votre site Web sur les moteurs de recherche. Avec son int\u00e9gration transparente avec WooCommerce, vous pouvez facilement configurer une boutique en ligne. Sans oublier, il offre un support client de premier ordre, pr\u00eat \u00e0 vous aider chaque fois que vous en avez besoin. Le th\u00e8me est \u00e9galement conforme au RGPD, offrant une plate-forme s\u00fbre et s\u00e9curis\u00e9e \u00e0 vos utilisateurs. Avec le portefeuille cr\u00e9atif de Billey et le th\u00e8me WordPress de l&rsquo;agence, vous pouvez exprimer votre cr\u00e9ativit\u00e9 et impressionner les clients potentiels avec une puissante pr\u00e9sence en ligne.<\/p>\n","protected":false},"featured_media":143240,"comment_status":"open","ping_status":"open","template":"","meta":[],"product_brand":[2433],"product_cat":[1242,1212,1213],"product_tag":[1366],"class_list":{"0":"post-115423","1":"product","2":"type-product","3":"status-publish","4":"has-post-thumbnail","6":"product_brand-themeforest","7":"product_cat-creatif","8":"product_cat-themes","9":"product_cat-wordpress-themes","10":"product_tag-themeforest","11":"member-discount","12":"discount-restricted","14":"first","15":"instock","16":"sale","17":"downloadable","18":"virtual","19":"sold-individually","20":"purchasable","21":"product-type-simple"},"_links":{"self":[{"href":"https:\/\/gpl-love.com\/fr\/wp-json\/wp\/v2\/product\/115423","targetHints":{"allow":["GET"]}}],"collection":[{"href":"https:\/\/gpl-love.com\/fr\/wp-json\/wp\/v2\/product"}],"about":[{"href":"https:\/\/gpl-love.com\/fr\/wp-json\/wp\/v2\/types\/product"}],"replies":[{"embeddable":true,"href":"https:\/\/gpl-love.com\/fr\/wp-json\/wp\/v2\/comments?post=115423"}],"wp:featuredmedia":[{"embeddable":true,"href":"https:\/\/gpl-love.com\/fr\/wp-json\/wp\/v2\/media\/143240"}],"wp:attachment":[{"href":"https:\/\/gpl-love.com\/fr\/wp-json\/wp\/v2\/media?parent=115423"}],"wp:term":[{"taxonomy":"product_brand","embeddable":true,"href":"https:\/\/gpl-love.com\/fr\/wp-json\/wp\/v2\/product_brand?post=115423"},{"taxonomy":"product_cat","embeddable":true,"href":"https:\/\/gpl-love.com\/fr\/wp-json\/wp\/v2\/product_cat?post=115423"},{"taxonomy":"product_tag","embeddable":true,"href":"https:\/\/gpl-love.com\/fr\/wp-json\/wp\/v2\/product_tag?post=115423"}],"curies":[{"name":"wp","href":"https:\/\/api.w.org\/{rel}","templated":true}]}}