{"id":115421,"date":"2025-06-16T00:00:00","date_gmt":"2025-06-15T22:00:00","guid":{"rendered":"http:\/\/gpl-love.com\/fr\/produit\/gravity-forms-quiz-addon\/"},"modified":"2026-03-20T23:18:06","modified_gmt":"2026-03-20T22:18:06","slug":"gravity-forms-quiz-addon","status":"publish","type":"product","link":"https:\/\/gpl-love.com\/fr\/produit\/gravity-forms-quiz-addon\/","title":{"rendered":"Gravity Forms Quiz Addon 4.3.0"},"content":{"rendered":"<h3>Gravity Forms Quiz Addon Traits<\/h3>\n<p>Le quiz Addon des formulaires Gravity est un outil extr\u00eamement pr\u00e9cieux qui offre aux propri\u00e9taires de sites Web la possibilit\u00e9 de cultiver des quiz et des enqu\u00eates captivants pour leur public estim\u00e9. Gr\u00e2ce \u00e0 l&rsquo;utilisation de cet addon remarquable, vous \u00eates autoris\u00e9 \u00e0 fabriquer des quiz d\u00e9bordant de questions multiples \u00e0 choix multiples, de cases et de menus d\u00e9roulants, facilitant ainsi l&rsquo;\u00e9valuation des connaissances de vos visiteurs ou de la collecte de commentaires perspicaces. En outre, un aspect remarquable de cet addon implique la capacit\u00e9 d&rsquo;allouer des points \u00e0 chaque question, d&rsquo;\u00e9tablir des crit\u00e8res de r\u00e9ussite \/ \u00e9chec et m\u00eame de pr\u00e9senter des messages personnalis\u00e9s subordonn\u00e9s aux r\u00e9sultats du quiz. En plus de ces fonctionnalit\u00e9s remarquables, l&rsquo;addon profite d&rsquo;une vaste gamme d&rsquo;options de personnalisation, englobant la capacit\u00e9 de modifier la disposition et la conception du quiz, incorpore des images visuellement captivantes et imposent des contraintes temporelles. En totalit\u00e9, le Quiz Addon des formulaires Gravity repr\u00e9sente une augmentation exceptionnelle pour tout site Web aspirant \u00e0 am\u00e9liorer l&rsquo;engagement du public, \u00e0 amasser des commentaires pr\u00e9cieux ou \u00e0 fournir aux visiteurs un contenu divertissant et interactif.<\/p>\n<ul>\n<li>Addon facile \u00e0 utiliser pour cr\u00e9er des quiz \u00e0 l&rsquo;aide de formes de gravit\u00e9<\/li>\n<li>Options de disposition et de conception de quiz personnalisables<\/li>\n<li>Plusieurs types de questions tels que les r\u00e9ponses \u00e0 choix multiples, vraies \/ fausses et ouvertes<\/li>\n<li>Capacit\u00e9 \u00e0 attribuer des valeurs ponctuelles et \u00e0 d\u00e9finir des scores de passage pour chaque quiz<\/li>\n<li>Int\u00e9gration avec un logiciel de marketing par e-mail populaire tel que MailChimp et Campaign Monitor<\/li>\n<li>Option pour envoyer des e-mails automatis\u00e9s avec des r\u00e9sultats de quiz et une messagerie personnalis\u00e9e<\/li>\n<li>Rapports d\u00e9taill\u00e9s et analyses pour suivre les performances du quiz et l&rsquo;engagement des utilisateurs<\/li>\n<li>Conception r\u00e9active pour les quizs pour \u00eatre adapt\u00e9s aux mobiles et accessibles sur n&rsquo;importe quel appareil<\/li>\n<li>Soumissions de quiz illimit\u00e9es et gestion des donn\u00e9es faciles dans les formulaires de gravit\u00e9.<\/li>\n<\/ul>\n","protected":false},"excerpt":{"rendered":"<p>Le quiz Addon, un outil tr\u00e8s formidable, a \u00e9t\u00e9 m\u00e9ticuleusement con\u00e7u pour int\u00e9grer de mani\u00e8re transparente les quiz dans vos formulaires WordPress. En utilisant cet addon remarquable, vous gagnez la possibilit\u00e9 de cr\u00e9er des quiz captivants et interactifs qui servent de conduit pour recueillir des id\u00e9es inestimables de vos utilisateurs. La nature conviviale de la gravit\u00e9 des formulaires de la gravit\u00e9 Addon est encore am\u00e9lior\u00e9e par son vaste gamme de fonctionnalit\u00e9s, qui vous permettent de personnaliser vos quiz et de surveiller m\u00e9ticuleusement les r\u00e9ponses des utilisateurs. Que votre objectif soit d&rsquo;am\u00e9liorer l&rsquo;engagement des utilisateurs ou de simplement obtenir des critiques constructives, l&rsquo;addon de quiz Forms Gravity est un atout indispensable pour tout site Web WordPress.<\/p>\n","protected":false},"featured_media":144088,"comment_status":"open","ping_status":"open","template":"","meta":[],"product_brand":[2565],"product_cat":[1189,1181,1186],"product_tag":[1275],"class_list":{"0":"post-115421","1":"product","2":"type-product","3":"status-publish","4":"has-post-thumbnail","6":"product_brand-gravityforms","7":"product_cat-personnalisation","8":"product_cat-plugins","9":"product_cat-wordpress-plugins","10":"product_tag-gravityforms","11":"member-discount","12":"discount-restricted","14":"first","15":"instock","16":"sale","17":"downloadable","18":"virtual","19":"sold-individually","20":"purchasable","21":"product-type-simple"},"_links":{"self":[{"href":"https:\/\/gpl-love.com\/fr\/wp-json\/wp\/v2\/product\/115421","targetHints":{"allow":["GET"]}}],"collection":[{"href":"https:\/\/gpl-love.com\/fr\/wp-json\/wp\/v2\/product"}],"about":[{"href":"https:\/\/gpl-love.com\/fr\/wp-json\/wp\/v2\/types\/product"}],"replies":[{"embeddable":true,"href":"https:\/\/gpl-love.com\/fr\/wp-json\/wp\/v2\/comments?post=115421"}],"wp:featuredmedia":[{"embeddable":true,"href":"https:\/\/gpl-love.com\/fr\/wp-json\/wp\/v2\/media\/144088"}],"wp:attachment":[{"href":"https:\/\/gpl-love.com\/fr\/wp-json\/wp\/v2\/media?parent=115421"}],"wp:term":[{"taxonomy":"product_brand","embeddable":true,"href":"https:\/\/gpl-love.com\/fr\/wp-json\/wp\/v2\/product_brand?post=115421"},{"taxonomy":"product_cat","embeddable":true,"href":"https:\/\/gpl-love.com\/fr\/wp-json\/wp\/v2\/product_cat?post=115421"},{"taxonomy":"product_tag","embeddable":true,"href":"https:\/\/gpl-love.com\/fr\/wp-json\/wp\/v2\/product_tag?post=115421"}],"curies":[{"name":"wp","href":"https:\/\/api.w.org\/{rel}","templated":true}]}}