{"id":115419,"date":"2026-03-18T00:00:00","date_gmt":"2026-03-17T23:00:00","guid":{"rendered":"http:\/\/gpl-love.com\/fr\/produit\/hub-responsive-multi-purpose-wordpress-theme\/"},"modified":"2026-03-20T23:19:59","modified_gmt":"2026-03-20T22:19:59","slug":"hub-responsive-multi-purpose-wordpress-theme","status":"publish","type":"product","link":"https:\/\/gpl-love.com\/fr\/produit\/hub-responsive-multi-purpose-wordpress-theme\/","title":{"rendered":"Hub Responsive Multi-Purpose WordPress Theme 6.0.2"},"content":{"rendered":"<h3>Hub Responsive Multi-Purpose WordPress Theme Traits<\/h3>\n<p>Le th\u00e8me WordPress polyvalent r\u00e9actif Hub est un th\u00e8me incroyablement polyvalent et exceptionnellement moderne qui a la capacit\u00e9 de r\u00e9pondre \u00e0 une myriade de fins. Avec sa mise en page intuitivement r\u00e9active, ce th\u00e8me s&rsquo;adapte sans effort et s&rsquo;int\u00e8gre de mani\u00e8re transparente \u00e0 divers appareils et tailles d&rsquo;\u00e9cran. De plus, le th\u00e8me poss\u00e8de un vaste r\u00e9pertoire d&rsquo;options de personnalisation, permettant ainsi aux utilisateurs de le personnaliser en fonction de leurs exigences sp\u00e9cifiques. En plus de cela, le th\u00e8me est accompagn\u00e9 d&rsquo;une pl\u00e9thore de mod\u00e8les et de d\u00e9mos pr\u00e9d\u00e9finis, permettant aux utilisateurs d&rsquo;\u00e9tablir rapidement leurs sites Web sans aucun tracas. Rassurez-vous, la nature conviviale de ce th\u00e8me assure une exp\u00e9rience fluide et gratifiante pour les utilisateurs. Ce th\u00e8me remarquable est vraiment une quintessence de l&rsquo;excellence, r\u00e9pondant aux divers besoins des entreprises, des blogueurs, des cr\u00e9atifs et essentiellement quiconque cherche \u00e0 forger une pr\u00e9sence en ligne visuellement captivante et fonctionnellement efficace. En exploitant la puissance du th\u00e8me WordPress polyvalent r\u00e9actif de Hub, les utilisateurs peuvent organiser sans effort une plate-forme en ligne captivante et polie professionnellement.<\/p>\n<ul>\n<li>Conception enti\u00e8rement personnalisable et flexible pour s&rsquo;adapter \u00e0 n&rsquo;importe quel site Web ou entreprise<\/li>\n<li>12 d\u00e9mos pr\u00e9-construites \u00e0 choisir et \u00e0 personnaliser<\/li>\n<li>Panneau d&rsquo;options de th\u00e8me avanc\u00e9 pour une personnalisation facile<\/li>\n<li>Conception r\u00e9active optimis\u00e9e pour tous les appareils<\/li>\n<li>Compatible avec les plugins WordPress populaires tels que WooCommerce, Yoast SEO et MailChimp<\/li>\n<li>Options d&rsquo;en-t\u00eate et de pied de page multiples<\/li>\n<li>Drag et d\u00e9posez le constructeur de pages pour la cr\u00e9ation de sites Web faciles et rapides<\/li>\n<li>Fonctionnalit\u00e9 Mega Menu int\u00e9gr\u00e9e pour une navigation facile<\/li>\n<li>SEO optimis\u00e9 pour une meilleure visibilit\u00e9 sur les moteurs de recherche<\/li>\n<li>Comprend plus de 800 polices Google et plus de 2000 ic\u00f4nes<\/li>\n<li>Traduction pr\u00eate et compatible avec le plugin de traduction WPML<\/li>\n<li>R\u00e9guli\u00e8rement mis \u00e0 jour avec de nouvelles fonctionnalit\u00e9s et corrections de bogues.<\/li>\n<\/ul>\n","protected":false},"excerpt":{"rendered":"<p>Pr\u00e9sentation du th\u00e8me WordPress polyvalent r\u00e9actif Hub Entar Hub, une s\u00e9lection remarquable pour les propri\u00e9taires de sites Web cherchant \u00e0 \u00e9tablir un site Web extraordinairement captivant et polyvalent. Avec son design \u00e9l\u00e9gant et ses fonctionnalit\u00e9s puissantes, ce th\u00e8me s&rsquo;av\u00e8re \u00eatre une quintessence d&rsquo;excellence pour les entreprises, les blogueurs et les cr\u00e9atifs. Sa r\u00e9activit\u00e9 compl\u00e8te et sa convivialit\u00e9 sur les mobiles garantissent que votre site Web pr\u00e9sente une apparence splendide sur divers appareils. En outre, il englobe des attributs avanc\u00e9s tels que des dispositions personnalisables, des options d&rsquo;en-t\u00eate de collecteur et un g\u00e9n\u00e9rateur de page de glisser-d\u00e9poser par l&rsquo;utilisateur. Que vous ayez l&rsquo;intention de montrer vos produits, de diffuser votre dernier article de blog ou de cr\u00e9er un portefeuille impressionnant, le th\u00e8me de Hub Entarning r\u00e9pond impeccablement \u00e0 vos besoins. Commencez votre voyage aujourd&rsquo;hui et r\u00e9volutionnez votre site Web dans une existence en ligne extr\u00eamement agr\u00e9able esth\u00e9tiquement et fonctionnellement efficace.<\/p>\n","protected":false},"featured_media":144207,"comment_status":"open","ping_status":"open","template":"","meta":[],"product_brand":[2433],"product_cat":[1214,1212,1213],"product_tag":[1366],"class_list":{"0":"post-115419","1":"product","2":"type-product","3":"status-publish","4":"has-post-thumbnail","6":"product_brand-themeforest","7":"product_cat-polyvalent","8":"product_cat-themes","9":"product_cat-wordpress-themes","10":"product_tag-themeforest","11":"member-discount","12":"discount-restricted","14":"first","15":"instock","16":"sale","17":"downloadable","18":"virtual","19":"sold-individually","20":"purchasable","21":"product-type-simple"},"_links":{"self":[{"href":"https:\/\/gpl-love.com\/fr\/wp-json\/wp\/v2\/product\/115419","targetHints":{"allow":["GET"]}}],"collection":[{"href":"https:\/\/gpl-love.com\/fr\/wp-json\/wp\/v2\/product"}],"about":[{"href":"https:\/\/gpl-love.com\/fr\/wp-json\/wp\/v2\/types\/product"}],"replies":[{"embeddable":true,"href":"https:\/\/gpl-love.com\/fr\/wp-json\/wp\/v2\/comments?post=115419"}],"wp:featuredmedia":[{"embeddable":true,"href":"https:\/\/gpl-love.com\/fr\/wp-json\/wp\/v2\/media\/144207"}],"wp:attachment":[{"href":"https:\/\/gpl-love.com\/fr\/wp-json\/wp\/v2\/media?parent=115419"}],"wp:term":[{"taxonomy":"product_brand","embeddable":true,"href":"https:\/\/gpl-love.com\/fr\/wp-json\/wp\/v2\/product_brand?post=115419"},{"taxonomy":"product_cat","embeddable":true,"href":"https:\/\/gpl-love.com\/fr\/wp-json\/wp\/v2\/product_cat?post=115419"},{"taxonomy":"product_tag","embeddable":true,"href":"https:\/\/gpl-love.com\/fr\/wp-json\/wp\/v2\/product_tag?post=115419"}],"curies":[{"name":"wp","href":"https:\/\/api.w.org\/{rel}","templated":true}]}}