{"id":115352,"date":"2022-05-16T00:00:00","date_gmt":"2022-05-15T22:00:00","guid":{"rendered":"http:\/\/gpl-love.com\/fr\/produit\/private-content-multilevel-content-wordpress-plugin\/"},"modified":"2026-04-10T18:37:02","modified_gmt":"2026-04-10T16:37:02","slug":"private-content-multilevel-content-wordpress-plugin","status":"publish","type":"product","link":"https:\/\/gpl-love.com\/fr\/produit\/private-content-multilevel-content-wordpress-plugin\/","title":{"rendered":"Private Content Multilevel Content WordPress Plugin 8.2.3"},"content":{"rendered":"<h3>Private Content Multilevel Content WordPress Plugin Traits<\/h3>\n<p>Le plugin WordPress de contenu \u00e0 plusieurs niveaux de contenu priv\u00e9 sert d&rsquo;outil indispensable pour les personnes qui poss\u00e8dent des sites Web et d\u00e9sirent la gestion transparente de leurs niveaux d&rsquo;acc\u00e8s au contenu. Ce plugin remarquable vous permet d&rsquo;\u00e9tablir sans effort des zones priv\u00e9es exclusivement accessibles aux membres de votre site Web, vous accordant ainsi le pouvoir de r\u00e9glementer l&rsquo;accessibilit\u00e9 du contenu. En vertu de ses capacit\u00e9s de contenu \u00e0 plusieurs niveaux, vous avez la capacit\u00e9 de limiter l&rsquo;acc\u00e8s \u00e0 certaines pages ou publications subordonn\u00e9es au statut d&rsquo;adh\u00e9sion d&rsquo;un utilisateur. Par cons\u00e9quent, cela garantit que les membres uniquement autoris\u00e9s se procurent le privil\u00e8ge de parcourir et de s&rsquo;engager avec votre contenu. De plus, le plugin poss\u00e8de un processus de configuration convivial et offre de nombreuses opportunit\u00e9s de personnalisation, ce qui en fait un investissement exceptionnel pour tous ceux qui cherchent \u00e0 fabriquer une communaut\u00e9 en ligne s\u00e9curis\u00e9e et exclusive.<\/p>\n<ul>\n<li>Cr\u00e9ez et g\u00e9rez facilement le contenu priv\u00e9 sur votre site WordPress en utilisant le plugin de contenu \u00e0 plusieurs niveaux de contenu priv\u00e9<\/li>\n<li>Configurez plusieurs niveaux d&rsquo;acc\u00e8s pour diff\u00e9rents utilisateurs ou groupes, ce qui permet un contr\u00f4le strict sur qui peut afficher et modifier votre contenu priv\u00e9<\/li>\n<li>Choisissez parmi diff\u00e9rents types de contenu tels que les publications, les pages et les types de publication personnalis\u00e9s pour garder tous vos contenus priv\u00e9s organis\u00e9s et facilement accessibles<\/li>\n<li>Personnalisez le plugin pour correspondre \u00e0 la conception et \u00e0 la marque de votre site Web avec une gamme d&rsquo;options de style et de mod\u00e8les<\/li>\n<li>Gardez votre contenu priv\u00e9 s\u00e9curis\u00e9 avec des fonctionnalit\u00e9s de chiffrement et d&rsquo;authentification int\u00e9gr\u00e9es, en vous assurant qu&rsquo;il ne peut \u00eatre accessible que par les utilisateurs autoris\u00e9s<\/li>\n<li>Utilisez l&rsquo;interface intuitive du plugin pour ajouter, modifier et g\u00e9rer rapidement votre contenu priv\u00e9, gagner du temps et augmenter la productivit\u00e9<\/li>\n<li>B\u00e9n\u00e9ficier des mises \u00e0 jour r\u00e9guli\u00e8res et du support du d\u00e9veloppeur du plugin, garantissant que votre site reste \u00e0 jour et s\u00e9curis\u00e9<\/li>\n<li>Augmenter l&rsquo;engagement et la r\u00e9tention en offrant un contenu exclusif en coulisses \u00e0 vos utilisateurs et abonn\u00e9s<\/li>\n<li>Choisissez parmi une gamme d&rsquo;options de prix pour r\u00e9pondre \u00e0 vos besoins, y compris une version gratuite avec des fonctionnalit\u00e9s limit\u00e9es et une version premium avec un acc\u00e8s complet \u00e0 toutes les fonctionnalit\u00e9s et mises \u00e0 jour.<\/li>\n<\/ul>\n","protected":false},"excerpt":{"rendered":"<p>Nous sommes ravis de pr\u00e9senter le plugin WordPress de contenu \u00e0 plusieurs niveaux de contenu priv\u00e9, un outil incroyablement robuste qui vous permet d&rsquo;\u00e9tablir sans effort des zones confidentielles et imprenables dans votre site WordPress. Ce plugin remarquable vous permet de limiter le contenu particulier exclusivement aux utilisateurs ou groupes d&rsquo;utilisateurs d\u00e9sign\u00e9s, tout en vous accordant la possibilit\u00e9 d&rsquo;administrer des autorisations avec la plus grande facilit\u00e9 et garantir que les individus autoris\u00e9s peuvent \u00eatre entr\u00e9s en mat\u00e9riaux sensibles. Con\u00e7u avec la plus grande pr\u00e9cision, ce plugin s&rsquo;av\u00e8re \u00eatre une solution impeccable pour les sites d&rsquo;adh\u00e9sion, les plates-formes d&rsquo;apprentissage en ligne et toute autre entit\u00e9 n\u00e9cessitant la plus grande s\u00e9curit\u00e9 de la gestion de contenu. Nous vous implorons de vous lancer dans ce voyage aujourd&rsquo;hui et de saisir la commande compl\u00e8te sur votre contenu!<\/p>\n","protected":false},"featured_media":145022,"comment_status":"open","ping_status":"open","template":"","meta":[],"product_brand":[2435],"product_cat":[1189,1181,1186],"product_tag":[1231],"class_list":{"0":"post-115352","1":"product","2":"type-product","3":"status-publish","4":"has-post-thumbnail","6":"product_brand-codecanyon","7":"product_cat-personnalisation","8":"product_cat-plugins","9":"product_cat-wordpress-plugins","10":"product_tag-codecanyon","11":"member-discount","12":"discount-restricted","14":"first","15":"instock","16":"sale","17":"downloadable","18":"virtual","19":"sold-individually","20":"purchasable","21":"product-type-simple"},"_links":{"self":[{"href":"https:\/\/gpl-love.com\/fr\/wp-json\/wp\/v2\/product\/115352","targetHints":{"allow":["GET"]}}],"collection":[{"href":"https:\/\/gpl-love.com\/fr\/wp-json\/wp\/v2\/product"}],"about":[{"href":"https:\/\/gpl-love.com\/fr\/wp-json\/wp\/v2\/types\/product"}],"replies":[{"embeddable":true,"href":"https:\/\/gpl-love.com\/fr\/wp-json\/wp\/v2\/comments?post=115352"}],"wp:featuredmedia":[{"embeddable":true,"href":"https:\/\/gpl-love.com\/fr\/wp-json\/wp\/v2\/media\/145022"}],"wp:attachment":[{"href":"https:\/\/gpl-love.com\/fr\/wp-json\/wp\/v2\/media?parent=115352"}],"wp:term":[{"taxonomy":"product_brand","embeddable":true,"href":"https:\/\/gpl-love.com\/fr\/wp-json\/wp\/v2\/product_brand?post=115352"},{"taxonomy":"product_cat","embeddable":true,"href":"https:\/\/gpl-love.com\/fr\/wp-json\/wp\/v2\/product_cat?post=115352"},{"taxonomy":"product_tag","embeddable":true,"href":"https:\/\/gpl-love.com\/fr\/wp-json\/wp\/v2\/product_tag?post=115352"}],"curies":[{"name":"wp","href":"https:\/\/api.w.org\/{rel}","templated":true}]}}