{"id":115350,"date":"2025-09-01T00:00:00","date_gmt":"2025-08-31T22:00:00","guid":{"rendered":"http:\/\/gpl-love.com\/fr\/produit\/woocommerce-multiple-customer-addresses\/"},"modified":"2026-04-10T18:47:27","modified_gmt":"2026-04-10T16:47:27","slug":"woocommerce-multiple-customer-addresses","status":"publish","type":"product","link":"https:\/\/gpl-love.com\/fr\/produit\/woocommerce-multiple-customer-addresses\/","title":{"rendered":"WooCommerce Multiple Customer Addresses 25.5"},"content":{"rendered":"<h3>WooCommerce Multiple Customer Addresses Traits<\/h3>\n<p>WooCommerce plusieurs adresses client est un plugin incroyablement robuste et convivial sp\u00e9cifiquement adapt\u00e9 pour r\u00e9pondre aux besoins des propri\u00e9taires de magasins en ligne cherchant \u00e0 fournir \u00e0 leurs clients la plus grande commodit\u00e9 gr\u00e2ce \u00e0 la fourniture de plusieurs adresses d&rsquo;exp\u00e9dition et de facturation. Gr\u00e2ce \u00e0 la mise en \u0153uvre de ce plugin, les clients ont la possibilit\u00e9 d&rsquo;incorporer, modifier et superviser de nombreuses adresses directement \u00e0 partir de leur tableau de bord personnel. Consid\u00e9r\u00e9 comme un plugin extraordinairement riche en fonctionnalit\u00e9s, il permet aux propri\u00e9taires de magasins d&rsquo;\u00e9tablir plusieurs adresses d&rsquo;exp\u00e9dition et de facturation pour chaque client, ce qui en fait une solution id\u00e9ale pour les entreprises impliqu\u00e9es dans de nombreuses transactions avec plusieurs clients ou servant des clients qui exigent souvent des exp\u00e9ditions \u00e0 des destinations variables. De plus, le processus d&rsquo;installation et de configuration de ce plugin s&rsquo;av\u00e8re remarquablement sans tracas, et il s&rsquo;accompagne d&rsquo;une documentation compl\u00e8te et d&rsquo;un support in\u00e9branlable, garantissant ainsi une exp\u00e9rience transparente et sans probl\u00e8me pour les propri\u00e9taires de magasins et les clients. Tout bien consid\u00e9r\u00e9, l&rsquo;acquisition de plusieurs adresses client WooCommerce est une n\u00e9cessit\u00e9 absolue pour tout magasin de commerce \u00e9lectronique aspirant \u00e0 am\u00e9liorer l&rsquo;exp\u00e9rience client et \u00e0 rationaliser le processus d&rsquo;exp\u00e9dition complexe.<\/p>\n<ul>\n<li>Permet aux clients de stocker plusieurs adresses d&rsquo;exp\u00e9dition et de facturation dans leur compte pour un paiement plus rapide<\/li>\n<li>Permet aux clients de sp\u00e9cifier une adresse diff\u00e9rente pour chaque commande, ce qui facilite l&rsquo;exp\u00e9dition des entreprises sur plusieurs emplacements<\/li>\n<li>Remplit automatiquement les adresses enregistr\u00e9es \u00e0 la caisse, r\u00e9duisant les erreurs de frappe et le temps d&rsquo;\u00e9conomie pour les clients<\/li>\n<li>Fournit un moyen pratique pour les clients de g\u00e9rer et de mettre \u00e0 jour leurs adresses, en r\u00e9duisant le risque de colis non livr\u00e9s<\/li>\n<li>Fonctionne de mani\u00e8re transparente avec WooCommerce, ne n\u00e9cessitant aucune exp\u00e9rience de codage ou technique pour installer et utiliser<\/li>\n<li>Peut \u00eatre personnalis\u00e9 pour correspondre \u00e0 la conception de votre site Web, offrant une apparence coh\u00e9rente pour les clients<\/li>\n<li>Aide les entreprises \u00e0 fournir un service personnalis\u00e9 en leur permettant de s&rsquo;adresser aux clients par nom et emplacement<\/li>\n<li>Fournit un avantage concurrentiel en offrant une fonctionnalit\u00e9 que de nombreuses autres entreprises en ligne n&rsquo;ont pas.<\/li>\n<\/ul>\n","protected":false},"excerpt":{"rendered":"<p>Le plugin d&rsquo;adresses de client multiple WooCommerce pr\u00e9sente une solution remarquable pour les clients qui souhaitent stocker et g\u00e9rer efficacement de nombreuses adresses d&rsquo;exp\u00e9dition dans leur compte, am\u00e9liorant ainsi l&rsquo;exp\u00e9dit\u00e9 et la commodit\u00e9 du processus de paiement. Ce plugin inestimable s&rsquo;av\u00e8re particuli\u00e8rement avantageux pour les entreprises qui s&rsquo;adressent \u00e0 une client\u00e8le qui envoie fr\u00e9quemment des articles \u00e0 des adresses variables ou pour les clients poss\u00e9dant plusieurs demeures. En utilisant ce plugin exceptionnel, les clients re\u00e7oivent la capacit\u00e9 sans effort de d\u00e9signer de mani\u00e8re transparente l&rsquo;adresse sp\u00e9cifique \u00e0 laquelle leur commande devrait \u00eatre allou\u00e9e, favorisant ainsi non seulement l&rsquo;efficacit\u00e9 temporelle mais aussi diminuer la probabilit\u00e9 de r\u00e9partitions erron\u00e9es.<\/p>\n","protected":false},"featured_media":145931,"comment_status":"open","ping_status":"open","template":"","meta":[],"product_brand":[2435],"product_cat":[1182,1223,1181],"product_tag":[1231],"class_list":{"0":"post-115350","1":"product","2":"type-product","3":"status-publish","4":"has-post-thumbnail","6":"product_brand-codecanyon","7":"product_cat-commerce-electronique-plugins","8":"product_cat-personnalisation-commerce-electronique-plugins","9":"product_cat-plugins","10":"product_tag-codecanyon","11":"member-discount","12":"discount-restricted","14":"first","15":"instock","16":"sale","17":"downloadable","18":"virtual","19":"sold-individually","20":"purchasable","21":"product-type-simple"},"_links":{"self":[{"href":"https:\/\/gpl-love.com\/fr\/wp-json\/wp\/v2\/product\/115350","targetHints":{"allow":["GET"]}}],"collection":[{"href":"https:\/\/gpl-love.com\/fr\/wp-json\/wp\/v2\/product"}],"about":[{"href":"https:\/\/gpl-love.com\/fr\/wp-json\/wp\/v2\/types\/product"}],"replies":[{"embeddable":true,"href":"https:\/\/gpl-love.com\/fr\/wp-json\/wp\/v2\/comments?post=115350"}],"wp:featuredmedia":[{"embeddable":true,"href":"https:\/\/gpl-love.com\/fr\/wp-json\/wp\/v2\/media\/145931"}],"wp:attachment":[{"href":"https:\/\/gpl-love.com\/fr\/wp-json\/wp\/v2\/media?parent=115350"}],"wp:term":[{"taxonomy":"product_brand","embeddable":true,"href":"https:\/\/gpl-love.com\/fr\/wp-json\/wp\/v2\/product_brand?post=115350"},{"taxonomy":"product_cat","embeddable":true,"href":"https:\/\/gpl-love.com\/fr\/wp-json\/wp\/v2\/product_cat?post=115350"},{"taxonomy":"product_tag","embeddable":true,"href":"https:\/\/gpl-love.com\/fr\/wp-json\/wp\/v2\/product_tag?post=115350"}],"curies":[{"name":"wp","href":"https:\/\/api.w.org\/{rel}","templated":true}]}}