{"id":115348,"date":"2023-11-05T00:00:00","date_gmt":"2023-11-04T23:00:00","guid":{"rendered":"http:\/\/gpl-love.com\/fr\/produit\/lapa-minimal-et-modern-woocommerce-theme\/"},"modified":"2026-03-20T23:21:47","modified_gmt":"2026-03-20T22:21:47","slug":"lapa-minimal-et-modern-woocommerce-theme","status":"publish","type":"product","link":"https:\/\/gpl-love.com\/fr\/produit\/lapa-minimal-et-modern-woocommerce-theme\/","title":{"rendered":"Lapa Minimal et Modern WooCommerce Theme 1.4"},"content":{"rendered":"<h3>Lapa Minimal et Modern WooCommerce Theme Traits<\/h3>\n<p>Le th\u00e8me WooCommerce minimal et moderne est une option exemplaire pour les personnes cherchant \u00e0 \u00e9tablir une boutique en ligne qui d\u00e9gage une esth\u00e9tique minimaliste et contemporaine. B\u00e9n\u00e9ficiant d&rsquo;une conception \u00e0 la fois immacul\u00e9e et sophistiqu\u00e9e, ce th\u00e8me offre une personnalisation compl\u00e8te pour r\u00e9pondre \u00e0 vos besoins sp\u00e9cifiques, tout en garantissant des temps de chargement optimis\u00e9s et des performances sans faille. Son vaste r\u00e9pertoire de caract\u00e9ristiques puissantes englobe une disposition adapt\u00e9e aux mobiles, la capacit\u00e9 de personnaliser les couleurs et les polices, ainsi qu&rsquo;une int\u00e9gration transparente avec WooCommerce, facilitant ainsi une gestion facile de vos produits, commandes et paiements. De plus, LAPA fournit une gamme de mod\u00e8les et d&rsquo;\u00e9l\u00e9ments pr\u00e9-con\u00e7us, rendant la cr\u00e9ation d&rsquo;un site Web de qualit\u00e9 professionnelle r\u00e9alisable sans effort, m\u00eame pour ceux qui manquent d&rsquo;expertise de codage. Dans l&rsquo;ensemble, Lapa est une n\u00e9cessit\u00e9 incontestable pour les personnes visant \u00e0 construire une boutique en ligne qui d\u00e9gage la modernit\u00e9 et l&rsquo;\u00e9l\u00e9gance, se distinguant finalement au milieu de la comp\u00e9tition.<\/p>\n<ul>\n<li>Design propre et moderne, adapt\u00e9 \u00e0 tout type de boutique en ligne<\/li>\n<li>Enti\u00e8rement personnalisable avec des options de couleurs illimit\u00e9es et l&rsquo;int\u00e9gration des polices Google<\/li>\n<li>Compatible avec WooCommerce, la plate-forme de commerce \u00e9lectronique la plus populaire<\/li>\n<li>Comprend des options de filtrage de produit avanc\u00e9es et des pages de produits personnalisables<\/li>\n<li>Conception adapt\u00e9e aux mobiles et r\u00e9active, assurant une exp\u00e9rience utilisateur fluide sur n&rsquo;importe quel appareil<\/li>\n<li>Optimis\u00e9 pour le r\u00e9f\u00e9rencement et les temps de chargement rapide, l&rsquo;am\u00e9lioration du classement des moteurs de recherche et la satisfaction du client<\/li>\n<li>Comprend une documentation approfondie et un soutien fiable des d\u00e9veloppeurs de th\u00e8me<\/li>\n<li>Construit avec HTML5, CSS3 et Bootstrap Framework, garantissant la durabilit\u00e9 et la s\u00e9curit\u00e9 du th\u00e8me.<\/li>\n<li>Comprend des fonctionnalit\u00e9s telles que les effets de survol de l&rsquo;image, la comparaison des produits et les critiques et les notes pour les clients.<\/li>\n<\/ul>\n","protected":false},"excerpt":{"rendered":"<p>Le th\u00e8me WooCommerce Lapa Minimal and Modern se distingue par son design et sa r\u00e9activit\u00e9 \u00e9tonnants, servant de th\u00e8me WordPress impeccable adapt\u00e9 aux magasins virtuels contemporains. B\u00e9n\u00e9ficiant d&rsquo;une fonction esth\u00e9tique et simple \u00e9pur\u00e9e, Lapa ouvre la voie \u00e0 la personnalisation et \u00e0 la configuration sans effort, vous permettant de montrer votre marchandise de mani\u00e8re raffin\u00e9e et polie. B\u00e9n\u00e9ficiant d&rsquo;une compatibilit\u00e9 compl\u00e8te avec WooCommerce, ce th\u00e8me comprend tous les attributs essentiels n\u00e9cessaires pour faire fonctionner une boutique en ligne prosp\u00e8re, englobant les capacit\u00e9s de filtrage des produits, la fonctionnalit\u00e9 de la liste de souhaits et un processus de paiement rationalis\u00e9. Que vous vous retrouviez \u00e0 vous lancer dans votre premi\u00e8re incursion dans les ventes en ligne ou que vous cherchiez \u00e0 \u00e9lever le statut de votre magasin pr\u00e9existant, le th\u00e8me WooCommerce LAPA Minimal and Modern repr\u00e9sente une s\u00e9lection exemplaire.<\/p>\n","protected":false},"featured_media":144330,"comment_status":"open","ping_status":"open","template":"","meta":[],"product_brand":[2433],"product_cat":[1238,1444,1212],"product_tag":[1366],"class_list":{"0":"post-115348","1":"product","2":"type-product","3":"status-publish","4":"has-post-thumbnail","6":"product_brand-themeforest","7":"product_cat-commerce-electronique-themes","8":"product_cat-creatif-commerce-electronique-themes","9":"product_cat-themes","10":"product_tag-themeforest","11":"member-discount","12":"discount-restricted","14":"first","15":"instock","16":"sale","17":"downloadable","18":"virtual","19":"sold-individually","20":"purchasable","21":"product-type-simple"},"_links":{"self":[{"href":"https:\/\/gpl-love.com\/fr\/wp-json\/wp\/v2\/product\/115348","targetHints":{"allow":["GET"]}}],"collection":[{"href":"https:\/\/gpl-love.com\/fr\/wp-json\/wp\/v2\/product"}],"about":[{"href":"https:\/\/gpl-love.com\/fr\/wp-json\/wp\/v2\/types\/product"}],"replies":[{"embeddable":true,"href":"https:\/\/gpl-love.com\/fr\/wp-json\/wp\/v2\/comments?post=115348"}],"wp:featuredmedia":[{"embeddable":true,"href":"https:\/\/gpl-love.com\/fr\/wp-json\/wp\/v2\/media\/144330"}],"wp:attachment":[{"href":"https:\/\/gpl-love.com\/fr\/wp-json\/wp\/v2\/media?parent=115348"}],"wp:term":[{"taxonomy":"product_brand","embeddable":true,"href":"https:\/\/gpl-love.com\/fr\/wp-json\/wp\/v2\/product_brand?post=115348"},{"taxonomy":"product_cat","embeddable":true,"href":"https:\/\/gpl-love.com\/fr\/wp-json\/wp\/v2\/product_cat?post=115348"},{"taxonomy":"product_tag","embeddable":true,"href":"https:\/\/gpl-love.com\/fr\/wp-json\/wp\/v2\/product_tag?post=115348"}],"curies":[{"name":"wp","href":"https:\/\/api.w.org\/{rel}","templated":true}]}}