{"id":115346,"date":"2023-11-05T00:00:00","date_gmt":"2023-11-04T23:00:00","guid":{"rendered":"http:\/\/gpl-love.com\/fr\/produit\/helas-multipurpose-woocommerce-theme\/"},"modified":"2026-03-20T23:19:27","modified_gmt":"2026-03-20T22:19:27","slug":"helas-multipurpose-woocommerce-theme","status":"publish","type":"product","link":"https:\/\/gpl-love.com\/fr\/produit\/helas-multipurpose-woocommerce-theme\/","title":{"rendered":"Helas Multipurpose WooCommerce Theme 1.4.0"},"content":{"rendered":"<h3>Helas Multipurpose WooCommerce Theme Traits<\/h3>\n<p>Le th\u00e8me WooCommerce Helas multipurpose est un th\u00e8me WordPress exceptionnellement robuste et polyvalent qui a \u00e9t\u00e9 m\u00e9ticuleusement con\u00e7u pour faciliter la cr\u00e9ation de sites de commerce \u00e9lectronique visuellement frappants et tr\u00e8s r\u00e9actifs. B\u00e9n\u00e9ficiant d&rsquo;une vaste gamme de mod\u00e8les et de dispositions pr\u00e9d\u00e9finis, ce formidable th\u00e8me permet aux utilisateurs de fa\u00e7onner sans effort une boutique en ligne distinctive et m\u00e9morable qui se distingue sans effort de ses concurrents. Compl\u00e9tant son \u00e9ventail d\u00e9j\u00e0 impressionnant de fonctionnalit\u00e9s, le th\u00e8me WooCommerce Helas multipurpose accorde en outre aux utilisateurs une interface qui est remarquablement conviviale et un constructeur de glisser-d\u00e9poser intuitif, permettant ainsi la personnalisation transparente de chaque aspect concevable de son site Web, en emp\u00eachant tout tout, en emp\u00eachant tout, englobant tout sans couture de tous les aspects concevables de son site Web, englobant ainsi tout De la disposition et du design, jusqu&rsquo;aux minuties de la palette de couleurs et de la typographie. En plus de ces attributs d\u00e9j\u00e0 remarquables, ce th\u00e8me est enti\u00e8rement compatible avec WooCommerce, qui est largement consid\u00e9r\u00e9 comme la premi\u00e8re plate-forme de commerce \u00e9lectronique pour WordPress. Par cons\u00e9quent, l&rsquo;int\u00e9gration de ce puissant appariement garantit que la gestion des produits, commandes et paiements de son magasin est une entreprise sans effort. Que l&rsquo;on soit un n\u00e9ophyte de l&rsquo;industrie ou un professionnel chevronn\u00e9, il est ind\u00e9niable que le th\u00e8me WooCommerce Helas multipurpose soit une v\u00e9ritable panac\u00e9e en ce qui concerne la cr\u00e9ation d&rsquo;une boutique en ligne poli, professionnelle et finalement triomphante.<\/p>\n<ul>\n<li>Design professionnel et moderne qui peut \u00eatre utilis\u00e9 pour une vari\u00e9t\u00e9 d&rsquo;entreprises<\/li>\n<li>Construit pour WooCommerce, permettant une int\u00e9gration facile avec des plateformes de commerce \u00e9lectronique populaires<\/li>\n<li>Enti\u00e8rement r\u00e9actif, assurer une visualisation optimale sur toutes les tailles d&rsquo;\u00e9cran<\/li>\n<li>Plusieurs options de mise en page, y compris les options en bo\u00eete et pleine largeur<\/li>\n<li>Sections de t\u00eate et de pied de page personnalisables \u00e0 des fins de marque et de marketing<\/li>\n<li>Fonction d&rsquo;importation de d\u00e9monstration en un clic pour une configuration et une personnalisation faciles<\/li>\n<li>De nombreux mod\u00e8les de pages, y compris le contact pr\u00e9-con\u00e7u et sur les pages<\/li>\n<li>Int\u00e9gration avec des plugins populaires tels que Elementor, Slider Revolution et MailChimp<\/li>\n<li>SEO optimis\u00e9 pour une am\u00e9lioration de la visibilit\u00e9 du moteur de recherche<\/li>\n<li>Traduction pr\u00eate, avec le support pour plusieurs langues<\/li>\n<li>Documentation et prise en charge approfondies pour un d\u00e9pannage et une installation faciles.<\/li>\n<\/ul>\n","protected":false},"excerpt":{"rendered":"<p>Le th\u00e8me WooCommerce Helas polyvalent, fa\u00e7onn\u00e9 pour r\u00e9pondre aux besoins des entreprises en ligne qui s&rsquo;efforcent d&rsquo;\u00e9tablir un site Web de commerce \u00e9lectronique \u00e9l\u00e9gant et transparent, est un th\u00e8me incroyablement polyvalent et contemporain. B\u00e9n\u00e9ficiant d&rsquo;une conception \u00e9l\u00e9gante et r\u00e9active, ce th\u00e8me pr\u00e9sente \u00e0 ses utilisateurs une interface utilisateur intuitive, facilitant la gestion sans effort des produits, des commandes et des clients. Offrant une pl\u00e9thore d&rsquo;options de personnalisation telles que des sch\u00e9mas de couleurs, des polices et des dispositions, ce th\u00e8me vous permet d&rsquo;adapter m\u00e9ticuleusement votre boutique en ligne pour s&rsquo;harmoniser parfaitement avec votre marque. De plus, le th\u00e8me Helas est \u00e9quip\u00e9 d&rsquo;une vari\u00e9t\u00e9 de plugins premium, \u00e9levant les fonctionnalit\u00e9s de votre boutique et offrant \u00e0 vos clients une exp\u00e9rience de paiement sans friction. Embarquez dans votre voyage de lancement d&rsquo;une boutique en ligne avec la plus grande confiance, gracieuset\u00e9 du th\u00e8me WooCommerce Helas.<\/p>\n","protected":false},"featured_media":144173,"comment_status":"open","ping_status":"open","template":"","meta":[],"product_brand":[2433],"product_cat":[1214,1212,1213],"product_tag":[1366],"class_list":{"0":"post-115346","1":"product","2":"type-product","3":"status-publish","4":"has-post-thumbnail","6":"product_brand-themeforest","7":"product_cat-polyvalent","8":"product_cat-themes","9":"product_cat-wordpress-themes","10":"product_tag-themeforest","11":"member-discount","12":"discount-restricted","14":"first","15":"instock","16":"sale","17":"downloadable","18":"virtual","19":"sold-individually","20":"purchasable","21":"product-type-simple"},"_links":{"self":[{"href":"https:\/\/gpl-love.com\/fr\/wp-json\/wp\/v2\/product\/115346","targetHints":{"allow":["GET"]}}],"collection":[{"href":"https:\/\/gpl-love.com\/fr\/wp-json\/wp\/v2\/product"}],"about":[{"href":"https:\/\/gpl-love.com\/fr\/wp-json\/wp\/v2\/types\/product"}],"replies":[{"embeddable":true,"href":"https:\/\/gpl-love.com\/fr\/wp-json\/wp\/v2\/comments?post=115346"}],"wp:featuredmedia":[{"embeddable":true,"href":"https:\/\/gpl-love.com\/fr\/wp-json\/wp\/v2\/media\/144173"}],"wp:attachment":[{"href":"https:\/\/gpl-love.com\/fr\/wp-json\/wp\/v2\/media?parent=115346"}],"wp:term":[{"taxonomy":"product_brand","embeddable":true,"href":"https:\/\/gpl-love.com\/fr\/wp-json\/wp\/v2\/product_brand?post=115346"},{"taxonomy":"product_cat","embeddable":true,"href":"https:\/\/gpl-love.com\/fr\/wp-json\/wp\/v2\/product_cat?post=115346"},{"taxonomy":"product_tag","embeddable":true,"href":"https:\/\/gpl-love.com\/fr\/wp-json\/wp\/v2\/product_tag?post=115346"}],"curies":[{"name":"wp","href":"https:\/\/api.w.org\/{rel}","templated":true}]}}