{"id":115344,"date":"2021-08-08T00:00:00","date_gmt":"2021-08-07T22:00:00","guid":{"rendered":"http:\/\/gpl-love.com\/fr\/produit\/industrial-corporate-industry-et-factory\/"},"modified":"2026-03-20T23:20:16","modified_gmt":"2026-03-20T22:20:16","slug":"industrial-corporate-industry-et-factory","status":"publish","type":"product","link":"https:\/\/gpl-love.com\/fr\/produit\/industrial-corporate-industry-et-factory\/","title":{"rendered":"Industrial Corporate Industry et Factory 1.4.3"},"content":{"rendered":"<h3>Industrial Corporate Industry et Factory Traits<\/h3>\n<p>Notre produit a \u00e9t\u00e9 m\u00e9ticuleusement con\u00e7u pour r\u00e9pondre aux exigences sp\u00e9cifiques de l&rsquo;industrie des entreprises industrielles et des usines. Gr\u00e2ce \u00e0 l&rsquo;int\u00e9gration de la technologie de pointe et \u00e0 l&rsquo;utilisation de mat\u00e9riaux de premier ordre, nous proposons une solution in\u00e9gal\u00e9e qui garantit \u00e0 la fois la fiabilit\u00e9 et l&rsquo;efficacit\u00e9 de tous vos besoins industriels. Il a \u00e9t\u00e9 sp\u00e9cialement con\u00e7u pour supporter les environnements les plus difficiles et sans compromis tout en fonctionnant de mani\u00e8re transparente m\u00eame sous les charges les plus lourdes. Que votre objectif soit d&rsquo;am\u00e9liorer la productivit\u00e9, de r\u00e9duire les d\u00e9penses de maintenance ou d&rsquo;\u00e9lever la s\u00e9curit\u00e9 des travailleurs, notre produit appara\u00eet comme le choix par excellence. En priorisant les principes de qualit\u00e9 et de durabilit\u00e9, nous vous assurons que notre produit offrira constamment des performances exceptionnelles et une fiabilit\u00e9 in\u00e9branlable pour d&rsquo;innombrables ann\u00e9es \u00e0 venir. Par cons\u00e9quent, si vous vous trouvez \u00e0 la recherche d&rsquo;une solution fiable et ferme pour vos besoins industriels, il n&rsquo;est vraiment pas n\u00e9cessaire de chercher plus loin que notre produit in\u00e9gal\u00e9.<\/p>\n<ul>\n<li>Syst\u00e8me de communication rationalis\u00e9 et efficace entre diff\u00e9rents d\u00e9partements et postes de travail dans l&rsquo;industrie des entreprises industrielles et l&rsquo;usine<\/li>\n<li>Productivit\u00e9 am\u00e9lior\u00e9e et r\u00e9duction des temps d&rsquo;arr\u00eat gr\u00e2ce \u00e0 la surveillance et \u00e0 l&rsquo;analyse des donn\u00e9es en temps r\u00e9el<\/li>\n<li>Param\u00e8tres personnalisables et interface conviviale pour une int\u00e9gration facile avec les syst\u00e8mes existants<\/li>\n<li>Outils complets de rapports et de visualisation des donn\u00e9es pour une analyse pr\u00e9cise et une prise de d\u00e9cision<\/li>\n<li>Des fonctionnalit\u00e9s de s\u00e9curit\u00e9 robustes pour assurer la confidentialit\u00e9 et prot\u00e9ger contre les cyber-menaces<\/li>\n<li>Assistance et assistance technique 24\/7 pour le fonctionnement et la maintenance transparentes<\/li>\n<li>Conception \u00e9volutive pour s&rsquo;adapter \u00e0 l&rsquo;expansion et \u00e0 la croissance futures<\/li>\n<li>Composants modulaires pour la flexibilit\u00e9 et la personnalisation pour r\u00e9pondre aux besoins et aux exigences sp\u00e9cifiques<\/li>\n<li>Les co\u00fbts de maintenance et d&rsquo;exploitation faibles pour la rentabilit\u00e9 maximale<\/li>\n<li>Conception respectueuse de l&rsquo;environnement et durable pour r\u00e9duire l&#8217;empreinte carbone et la consommation d&rsquo;\u00e9nergie.<\/li>\n<\/ul>\n","protected":false},"excerpt":{"rendered":"<p>Notre produit innovant a \u00e9t\u00e9 m\u00e9ticuleusement con\u00e7u pour am\u00e9liorer et rationaliser les op\u00e9rations dans l&rsquo;industrie des entreprises industrielles, ainsi que les milieux d&rsquo;usine. En exploitant la puissance de notre technologie de pointe, les entreprises peuvent superviser et gouverner sans effort l&rsquo;ensemble du processus de production, surveiller avec diligence les niveaux d&rsquo;inventaire, g\u00e9rer habilement la logistique de la cha\u00eene d&rsquo;approvisionnement et augmenter consid\u00e9rablement l&rsquo;efficacit\u00e9 globale. De plus, notre solution compl\u00e8te offre la capacit\u00e9 inestimable d&rsquo;\u00e9quiper les entreprises d&rsquo;analyse de donn\u00e9es en temps r\u00e9el, ce qui les permet de prendre rapidement des d\u00e9cisions \u00e9clair\u00e9es et astucieuses, tout en r\u00e9pondant \u00e0 tous les dilemmes de production ou fluctuations de demande. Avec notre produit exceptionnel, les entreprises peuvent optimiser efficacement leurs op\u00e9rations, en atteignant des niveaux de productivit\u00e9 in\u00e9gal\u00e9s, tout en freinant efficacement les co\u00fbts et en minimisant tout gaspillage.<\/p>\n","protected":false},"featured_media":144226,"comment_status":"open","ping_status":"open","template":"","meta":[],"product_brand":[2433],"product_cat":[1516,1212,1213],"product_tag":[1366],"class_list":{"0":"post-115344","1":"product","2":"type-product","3":"status-publish","4":"has-post-thumbnail","6":"product_brand-themeforest","7":"product_cat-entreprise","8":"product_cat-themes","9":"product_cat-wordpress-themes","10":"product_tag-themeforest","11":"member-discount","12":"discount-restricted","14":"first","15":"instock","16":"sale","17":"downloadable","18":"virtual","19":"sold-individually","20":"purchasable","21":"product-type-simple"},"_links":{"self":[{"href":"https:\/\/gpl-love.com\/fr\/wp-json\/wp\/v2\/product\/115344","targetHints":{"allow":["GET"]}}],"collection":[{"href":"https:\/\/gpl-love.com\/fr\/wp-json\/wp\/v2\/product"}],"about":[{"href":"https:\/\/gpl-love.com\/fr\/wp-json\/wp\/v2\/types\/product"}],"replies":[{"embeddable":true,"href":"https:\/\/gpl-love.com\/fr\/wp-json\/wp\/v2\/comments?post=115344"}],"wp:featuredmedia":[{"embeddable":true,"href":"https:\/\/gpl-love.com\/fr\/wp-json\/wp\/v2\/media\/144226"}],"wp:attachment":[{"href":"https:\/\/gpl-love.com\/fr\/wp-json\/wp\/v2\/media?parent=115344"}],"wp:term":[{"taxonomy":"product_brand","embeddable":true,"href":"https:\/\/gpl-love.com\/fr\/wp-json\/wp\/v2\/product_brand?post=115344"},{"taxonomy":"product_cat","embeddable":true,"href":"https:\/\/gpl-love.com\/fr\/wp-json\/wp\/v2\/product_cat?post=115344"},{"taxonomy":"product_tag","embeddable":true,"href":"https:\/\/gpl-love.com\/fr\/wp-json\/wp\/v2\/product_tag?post=115344"}],"curies":[{"name":"wp","href":"https:\/\/api.w.org\/{rel}","templated":true}]}}