{"id":115342,"date":"2021-05-18T00:00:00","date_gmt":"2021-05-17T22:00:00","guid":{"rendered":"http:\/\/gpl-love.com\/fr\/produit\/education-pack-education-learning-theme-wp\/"},"modified":"2026-03-20T23:02:52","modified_gmt":"2026-03-20T22:02:52","slug":"education-pack-education-learning-theme-wp","status":"publish","type":"product","link":"https:\/\/gpl-love.com\/fr\/produit\/education-pack-education-learning-theme-wp\/","title":{"rendered":"Education Pack Education Learning Th\u00e8me WP 2.4"},"content":{"rendered":"<h3>Education Pack Education Learning Th\u00e8me WP Traits<\/h3>\n<p>Le th\u00e8me d&rsquo;apprentissage de l&rsquo;\u00e9ducation de l&rsquo;\u00e9ducation WP offre aux \u00e9ducateurs un package complet et global qui vise \u00e0 soutenir la cr\u00e9ation d&rsquo;exp\u00e9riences d&rsquo;apprentissage captivantes et tr\u00e8s efficaces pour les \u00e9tudiants. Gr\u00e2ce \u00e0 un large \u00e9ventail d&rsquo;outils personnalisables, ce th\u00e8me permet aux enseignants de concevoir leurs propres plans de cours, quiz et \u00e9valuations, tout en leur permettant de surveiller et d&rsquo;\u00e9valuer sans effort les progr\u00e8s des \u00e9l\u00e8ves. Son interface conviviale et son syst\u00e8me de navigation sans couture facilite la cr\u00e9ation rapide d&rsquo;un contenu engageant qui non seulement favorise la participation active des \u00e9l\u00e8ves, mais am\u00e9liore \u00e9galement la r\u00e9tention des connaissances. De plus, ce th\u00e8me a \u00e9t\u00e9 habilement optimis\u00e9 pour les appareils mobiles, garantissant ainsi que les \u00e9tudiants peuvent facilement acc\u00e9der \u00e0 leur mat\u00e9riel d&rsquo;apprentissage \u00e0 partir de n&rsquo;importe quel endroit. En fin de compte, le th\u00e8me d&rsquo;apprentissage de l&rsquo;\u00e9ducation de l&rsquo;\u00e9ducation WP est une ressource inestimable pour les \u00e9ducateurs qui cherchent \u00e0 augmenter leurs strat\u00e9gies d&rsquo;enseignement et \u00e0 amplifier les r\u00e9sultats globaux des \u00e9l\u00e8ves.<\/p>\n<ul>\n<li>Th\u00e8me complet d&rsquo;apprentissage \u00e9ducatif pour WordPress<\/li>\n<li>20+ mod\u00e8les de page enti\u00e8rement personnalisables pour les \u00e9coles, les universit\u00e9s et autres \u00e9tablissements d&rsquo;enseignement<\/li>\n<li>Comprend des fonctionnalit\u00e9s int\u00e9gr\u00e9es pour la cr\u00e9ation et la gestion des cours, des cours et des \u00e9v\u00e9nements<\/li>\n<li>Int\u00e9gration avec des plugins \u00e9ducatifs populaires tels que LearnDash et WP<\/li>\n<li>Conception r\u00e9active pour une visualisation optimale sur n&rsquo;importe quel appareil<\/li>\n<li>Compatible avec les constructeurs de pages populaires tels que Elementor et WPBakery<\/li>\n<li>Personnalisation facile avec une gamme de sch\u00e9mas de couleurs et d&rsquo;options de police<\/li>\n<li>\u00c9quipe de support d\u00e9di\u00e9e disponible pour aider \u00e0 toute question ou probl\u00e8me<\/li>\n<\/ul>\n","protected":false},"excerpt":{"rendered":"<p>Le th\u00e8me d&rsquo;apprentissage de l&rsquo;\u00e9ducation de l&rsquo;\u00e9ducation WP est un outil incroyablement polyvalent et complet qui a \u00e9t\u00e9 m\u00e9ticuleusement cr\u00e9\u00e9 pour am\u00e9liorer l&rsquo;exp\u00e9rience en \u00e9ducation en ligne, garantissant qu&rsquo;elle est \u00e0 la fois captivante et accessible. Ce th\u00e8me a \u00e9t\u00e9 soigneusement con\u00e7u avec un accent \u00e9gal sur l&rsquo;esth\u00e9tique et les fonctionnalit\u00e9s, offrant aux utilisateurs un \u00e9ventail de fonctionnalit\u00e9s personnalisables qui permettent la cr\u00e9ation d&rsquo;un site Web vraiment professionnel qui s&rsquo;adresse sp\u00e9cifiquement \u00e0 leur programme d&rsquo;apprentissage en ligne. B\u00e9n\u00e9ficiant d&rsquo;une conception r\u00e9active, de divers types de messages, de widgets sur mesure et d&rsquo;une pl\u00e9thore d&rsquo;outils int\u00e9gr\u00e9s, le th\u00e8me d&rsquo;apprentissage de l&rsquo;\u00e9ducation du pack d&rsquo;\u00e9ducation WP est un choix exceptionnel pour les \u00e9ducateurs et les \u00e9tudiants qui souhaitent transmettre de mani\u00e8re transparente leurs efforts d&rsquo;apprentissage dans la sph\u00e8re num\u00e9rique. Que vous soyez en train de d\u00e9velopper un cours, de vendre des produits num\u00e9riques ou simplement de diffuser du contenu \u00e9ducatif, ce th\u00e8me est sans \u00e9quivoque le choix ultime pour \u00e9tablir un environnement d&rsquo;apprentissage en ligne immersif et interactif.<\/p>\n","protected":false},"featured_media":143673,"comment_status":"open","ping_status":"open","template":"","meta":[],"product_brand":[2433],"product_cat":[1242,1212,1213],"product_tag":[1366],"class_list":{"0":"post-115342","1":"product","2":"type-product","3":"status-publish","4":"has-post-thumbnail","6":"product_brand-themeforest","7":"product_cat-creatif","8":"product_cat-themes","9":"product_cat-wordpress-themes","10":"product_tag-themeforest","11":"member-discount","12":"discount-restricted","14":"first","15":"instock","16":"sale","17":"downloadable","18":"virtual","19":"sold-individually","20":"purchasable","21":"product-type-simple"},"_links":{"self":[{"href":"https:\/\/gpl-love.com\/fr\/wp-json\/wp\/v2\/product\/115342","targetHints":{"allow":["GET"]}}],"collection":[{"href":"https:\/\/gpl-love.com\/fr\/wp-json\/wp\/v2\/product"}],"about":[{"href":"https:\/\/gpl-love.com\/fr\/wp-json\/wp\/v2\/types\/product"}],"replies":[{"embeddable":true,"href":"https:\/\/gpl-love.com\/fr\/wp-json\/wp\/v2\/comments?post=115342"}],"wp:featuredmedia":[{"embeddable":true,"href":"https:\/\/gpl-love.com\/fr\/wp-json\/wp\/v2\/media\/143673"}],"wp:attachment":[{"href":"https:\/\/gpl-love.com\/fr\/wp-json\/wp\/v2\/media?parent=115342"}],"wp:term":[{"taxonomy":"product_brand","embeddable":true,"href":"https:\/\/gpl-love.com\/fr\/wp-json\/wp\/v2\/product_brand?post=115342"},{"taxonomy":"product_cat","embeddable":true,"href":"https:\/\/gpl-love.com\/fr\/wp-json\/wp\/v2\/product_cat?post=115342"},{"taxonomy":"product_tag","embeddable":true,"href":"https:\/\/gpl-love.com\/fr\/wp-json\/wp\/v2\/product_tag?post=115342"}],"curies":[{"name":"wp","href":"https:\/\/api.w.org\/{rel}","templated":true}]}}