{"id":115340,"date":"2023-08-18T00:00:00","date_gmt":"2023-08-17T22:00:00","guid":{"rendered":"http:\/\/gpl-love.com\/fr\/produit\/cost-calculator-wordpress-plugin\/"},"modified":"2026-03-20T22:59:09","modified_gmt":"2026-03-20T21:59:09","slug":"cost-calculator-wordpress-plugin","status":"publish","type":"product","link":"https:\/\/gpl-love.com\/fr\/produit\/cost-calculator-wordpress-plugin\/","title":{"rendered":"Cost Calculator WordPress Plugin 2.4.1"},"content":{"rendered":"<h3>Cost Calculator WordPress Plugin Traits<\/h3>\n<p>Le plugin WordPress Calculator Calculator est un outil extr\u00eamement avantageux qui permet aux utilisateurs de forger et de pr\u00e9senter des calculatrices de co\u00fbts sur leurs sites Web WordPress. Ce plugin rationalise le processus de production de calculatrices pour une gamme d&rsquo;industries, englobant la finance, la construction et le commerce \u00e9lectronique. Avec son interface conviviale et ses fonctionnalit\u00e9s personnalisables, le plugin WordPress de calculatrice de co\u00fbts peut \u00eatre m\u00e9ticuleusement adapt\u00e9 pour r\u00e9pondre \u00e0 toutes les exigences sp\u00e9cifiques. De plus, le plugin est con\u00e7u pour \u00eatre r\u00e9actif et adapt\u00e9 aux mobiles, garantissant une exp\u00e9rience utilisateur optimale sur tous les appareils. La production fournie par le plugin est remarquablement pr\u00e9cise, ce qui le rend une ressource exceptionnelle pour les entreprises visant \u00e0 fournir \u00e0 leurs clients des estimations pr\u00e9cises des co\u00fbts. Tout bien consid\u00e9r\u00e9, le plugin WordPress de la calculatrice des co\u00fbts repr\u00e9sente un investissement remarquable pour les entreprises d\u00e9sireuses de fabriquer des calculatrices de co\u00fbts pour leurs sites Web.<\/p>\n<ul>\n<li>Facile \u00e0 installer et \u00e0 int\u00e9grer dans votre site Web WordPress<\/li>\n<li>Calcule rapidement et avec pr\u00e9cision le co\u00fbt des produits ou des services en fonction de la saisie des utilisateurs<\/li>\n<li>Enti\u00e8rement personnalisable pour correspondre \u00e0 l&rsquo;apparence de votre site Web<\/li>\n<li>Prend en charge diverses options de devises pour adapter votre public mondial<\/li>\n<li>L&rsquo;interface conviviale permet une exp\u00e9rience utilisateur transparente<\/li>\n<li>Fournit une r\u00e9partition d\u00e9taill\u00e9e des co\u00fbts et permet un ajustement des entr\u00e9es<\/li>\n<li>Con\u00e7u pour les entreprises de toutes tailles, des startups aux grandes entreprises<\/li>\n<li>\u00c9conomise du temps et des efforts dans les calculs des co\u00fbts manuels<\/li>\n<li>Augmente la satisfaction des clients avec les informations de tarification transparentes et pr\u00e9cises.<\/li>\n<\/ul>\n","protected":false},"excerpt":{"rendered":"<p>Exp\u00e9rience de commodit\u00e9 et d&rsquo;efficacit\u00e9 in\u00e9gal\u00e9es avec notre plugin WordPress Calculator WordPress. Cet outil est con\u00e7u pour s&rsquo;int\u00e9grer de mani\u00e8re transparente \u00e0 votre site WordPress, vous fournissant une m\u00e9thode conviviale pour calculer les co\u00fbts. Il est parfait pour les entreprises qui ont besoin d&rsquo;une solution fiable et facile \u00e0 utiliser pour estimer le prix de leurs biens ou services.<\/p>\n<p>Le plugin WordPress de calculatrice de co\u00fbts est plus qu&rsquo;une simple calculatrice. Il offre une gamme de fonctionnalit\u00e9s adapt\u00e9es \u00e0 un usage professionnel. Il permet une tarification dynamique, permettant aux utilisateurs d&rsquo;obtenir des estimations de co\u00fbts en temps r\u00e9el en fonction de leurs entr\u00e9es. Il prend \u00e9galement en charge une vari\u00e9t\u00e9 de types de devises, ce qui le rend id\u00e9al pour les entreprises qui fonctionnent \u00e0 l&rsquo;international.<\/p>\n<p>L&rsquo;un des principaux avantages de notre plugin WordPress est sa polyvalence. Que vous dirigeiez une petite entreprise ou que vous g\u00e9riez une grande entreprise, notre calculatrice de co\u00fbts peut s&rsquo;adapter \u00e0 vos besoins. Il est con\u00e7u pour \u00eatre personnalisable, vous permettant d&rsquo;ajuster ses param\u00e8tres en fonction de vos pr\u00e9f\u00e9rences.<\/p>\n<p>Le plugin WordPress Calculator Calculator est \u00e9galement facile \u00e0 installer et \u00e0 utiliser. M\u00eame si vous n&rsquo;\u00eates pas av\u00e9r\u00e9 en technologie,<\/p>\n","protected":false},"featured_media":143428,"comment_status":"open","ping_status":"open","template":"","meta":[],"product_brand":[2435],"product_cat":[1189,1181,1186],"product_tag":[1231],"class_list":{"0":"post-115340","1":"product","2":"type-product","3":"status-publish","4":"has-post-thumbnail","6":"product_brand-codecanyon","7":"product_cat-personnalisation","8":"product_cat-plugins","9":"product_cat-wordpress-plugins","10":"product_tag-codecanyon","11":"member-discount","12":"discount-restricted","14":"first","15":"instock","16":"sale","17":"downloadable","18":"virtual","19":"sold-individually","20":"purchasable","21":"product-type-simple"},"_links":{"self":[{"href":"https:\/\/gpl-love.com\/fr\/wp-json\/wp\/v2\/product\/115340","targetHints":{"allow":["GET"]}}],"collection":[{"href":"https:\/\/gpl-love.com\/fr\/wp-json\/wp\/v2\/product"}],"about":[{"href":"https:\/\/gpl-love.com\/fr\/wp-json\/wp\/v2\/types\/product"}],"replies":[{"embeddable":true,"href":"https:\/\/gpl-love.com\/fr\/wp-json\/wp\/v2\/comments?post=115340"}],"wp:featuredmedia":[{"embeddable":true,"href":"https:\/\/gpl-love.com\/fr\/wp-json\/wp\/v2\/media\/143428"}],"wp:attachment":[{"href":"https:\/\/gpl-love.com\/fr\/wp-json\/wp\/v2\/media?parent=115340"}],"wp:term":[{"taxonomy":"product_brand","embeddable":true,"href":"https:\/\/gpl-love.com\/fr\/wp-json\/wp\/v2\/product_brand?post=115340"},{"taxonomy":"product_cat","embeddable":true,"href":"https:\/\/gpl-love.com\/fr\/wp-json\/wp\/v2\/product_cat?post=115340"},{"taxonomy":"product_tag","embeddable":true,"href":"https:\/\/gpl-love.com\/fr\/wp-json\/wp\/v2\/product_tag?post=115340"}],"curies":[{"name":"wp","href":"https:\/\/api.w.org\/{rel}","templated":true}]}}