{"id":115336,"date":"2021-05-18T00:00:00","date_gmt":"2021-05-17T22:00:00","guid":{"rendered":"http:\/\/gpl-love.com\/fr\/produit\/wedding-industry-wordpress-theme\/"},"modified":"2026-04-10T18:45:24","modified_gmt":"2026-04-10T16:45:24","slug":"wedding-industry-wordpress-theme","status":"publish","type":"product","link":"https:\/\/gpl-love.com\/fr\/produit\/wedding-industry-wordpress-theme\/","title":{"rendered":"Wedding Industry WordPress Theme 4.8"},"content":{"rendered":"<h3>Wedding Industry WordPress Theme Traits<\/h3>\n<p>Le th\u00e8me WordPress de l&rsquo;industrie du mariage est une solution optimale pour les personnes cherchant \u00e0 cr\u00e9er un site Web visuellement captivant et hautement professionnel adapt\u00e9 \u00e0 leur entreprise li\u00e9e au mariage. B\u00e9n\u00e9ficiant d&rsquo;un design \u00e9l\u00e9gant et de pointe, ce th\u00e8me poss\u00e8de une personnalisation compl\u00e8te et une convivialit\u00e9, ce qui en fait un choix impeccable pour les planificateurs de mariage, les photographes, les traiteurs et autres fournisseurs de l&rsquo;industrie. Pr\u00e9senter votre travail et vos services de la mani\u00e8re la plus exquis concevable devient sans effort avec ce th\u00e8me, \u00e9tant donn\u00e9 sa gamme de fonctionnalit\u00e9s, telles que les formulaires RSVP int\u00e9gr\u00e9s, le compte \u00e0 rebours de mariage et les dispositions de galeries. De plus, l&rsquo;optimisation compl\u00e8te de la r\u00e9activit\u00e9 et de l&rsquo;optimisation du moteur de recherche de ce th\u00e8me (SEO) garantit que votre site Web sera visuellement frappant sur tous les appareils et se classera favorablement dans les r\u00e9sultats des moteurs de recherche. Entrez dans votre voyage avec le th\u00e8me WordPress de l&rsquo;industrie du mariage aujourd&rsquo;hui et assistez \u00e0 l&rsquo;\u00e9panouissement radiant de votre pr\u00e9sence en ligne!<\/p>\n<ul>\n<li>De superbes mod\u00e8les con\u00e7us par des professionnels parfaitement adapt\u00e9s \u00e0 l&rsquo;industrie du mariage<\/li>\n<li>Enti\u00e8rement personnalisable avec un g\u00e9n\u00e9rateur de page de glisser-d\u00e9poser facile \u00e0 utiliser<\/li>\n<li>Ensemble complet de pages pr\u00e9-construites, notamment la maison, les services, les services, la galerie, le blog, etc.<\/li>\n<li>R\u00e9servation int\u00e9gr\u00e9e et formulaires RSVP pour rationaliser la planification et la communication<\/li>\n<li>La conception r\u00e9active garantit une visualisation transparente sur tous les appareils<\/li>\n<li>Comprend des t\u00e9moignages, une vitrine de portefeuille et une section d\u00e9di\u00e9e pour afficher les partenaires des fournisseurs<\/li>\n<li>SEO-optimis\u00e9 pour aider \u00e0 stimuler votre visibilit\u00e9 en ligne et \u00e0 attirer plus de clients<\/li>\n<li>Prend en charge plusieurs langues, ce qui le rend id\u00e9al pour les \u00e9v\u00e9nements multiculturels<\/li>\n<li>Intregate de mani\u00e8re transparente avec les plugins WordPress populaires pour des fonctionnalit\u00e9s suppl\u00e9mentaires<\/li>\n<li>Assistance experte disponible pour r\u00e9pondre \u00e0 toutes les questions ou aide \u00e0 la personnalisation<\/li>\n<\/ul>\n","protected":false},"excerpt":{"rendered":"<p>Le th\u00e8me WordPress de l&rsquo;industrie du mariage se pr\u00e9sente comme la solution ultime pour les personnes dans la planification de mariage, l&rsquo;organisation des \u00e9v\u00e9nements et d&rsquo;autres entreprises li\u00e9es au mariage. Sa polyvalence r\u00e9side dans sa capacit\u00e9 \u00e0 \u00eatre adapt\u00e9e aux pr\u00e9f\u00e9rences individuelles, offrant des pages pr\u00e9-con\u00e7ues qui pr\u00e9sentent efficacement ses services, portefeuilles et t\u00e9moignages, entre autres. Avec la commodit\u00e9 suppl\u00e9mentaire de pouvoir int\u00e9grer sans effort du contenu et des images personnalis\u00e9s, ce th\u00e8me permet aux utilisateurs de cr\u00e9er un site Web visuellement frappant qui incarne authentiquement leur marque et leur style. De plus, la r\u00e9activit\u00e9 du th\u00e8me et l&rsquo;optimisation des moteurs de recherche garantissent une accessibilit\u00e9 et une importance universelles dans les r\u00e9sultats de recherche. En int\u00e9grant le th\u00e8me WordPress de l&rsquo;industrie du mariage dans sa pr\u00e9sence en ligne, le potentiel d&rsquo;attirer une client\u00e8le plus large est consid\u00e9rablement amplifi\u00e9.<\/p>\n","protected":false},"featured_media":145747,"comment_status":"open","ping_status":"open","template":"","meta":[],"product_brand":[2433],"product_cat":[1242,1212,1213],"product_tag":[1366],"class_list":{"0":"post-115336","1":"product","2":"type-product","3":"status-publish","4":"has-post-thumbnail","6":"product_brand-themeforest","7":"product_cat-creatif","8":"product_cat-themes","9":"product_cat-wordpress-themes","10":"product_tag-themeforest","11":"member-discount","12":"discount-restricted","14":"first","15":"instock","16":"sale","17":"downloadable","18":"virtual","19":"sold-individually","20":"purchasable","21":"product-type-simple"},"_links":{"self":[{"href":"https:\/\/gpl-love.com\/fr\/wp-json\/wp\/v2\/product\/115336","targetHints":{"allow":["GET"]}}],"collection":[{"href":"https:\/\/gpl-love.com\/fr\/wp-json\/wp\/v2\/product"}],"about":[{"href":"https:\/\/gpl-love.com\/fr\/wp-json\/wp\/v2\/types\/product"}],"replies":[{"embeddable":true,"href":"https:\/\/gpl-love.com\/fr\/wp-json\/wp\/v2\/comments?post=115336"}],"wp:featuredmedia":[{"embeddable":true,"href":"https:\/\/gpl-love.com\/fr\/wp-json\/wp\/v2\/media\/145747"}],"wp:attachment":[{"href":"https:\/\/gpl-love.com\/fr\/wp-json\/wp\/v2\/media?parent=115336"}],"wp:term":[{"taxonomy":"product_brand","embeddable":true,"href":"https:\/\/gpl-love.com\/fr\/wp-json\/wp\/v2\/product_brand?post=115336"},{"taxonomy":"product_cat","embeddable":true,"href":"https:\/\/gpl-love.com\/fr\/wp-json\/wp\/v2\/product_cat?post=115336"},{"taxonomy":"product_tag","embeddable":true,"href":"https:\/\/gpl-love.com\/fr\/wp-json\/wp\/v2\/product_tag?post=115336"}],"curies":[{"name":"wp","href":"https:\/\/api.w.org\/{rel}","templated":true}]}}