{"id":115303,"date":"2026-04-16T00:00:00","date_gmt":"2026-04-15T22:00:00","guid":{"rendered":"http:\/\/gpl-love.com\/fr\/produit\/thegem-creative-multi-purpose-high-performance-wordpress-theme\/"},"modified":"2026-04-17T00:31:03","modified_gmt":"2026-04-16T22:31:03","slug":"thegem-creative-multi-purpose-high-performance-wordpress-theme","status":"publish","type":"product","link":"https:\/\/gpl-love.com\/fr\/produit\/thegem-creative-multi-purpose-high-performance-wordpress-theme\/","title":{"rendered":"TheGem Creative Multi-Purpose High-Performance WordPress Theme 5.12.1.1"},"content":{"rendered":"<h3>TheGem Creative Multi-Purpose High-Performance WordPress Theme Traits<\/h3>\n<p>Thegem Creative Creative polyvalent le th\u00e8me WordPress haute performance se pr\u00e9sente comme une solution optimale pour les personnes cherchant \u00e0 construire un site Web impr\u00e9gn\u00e9 d&rsquo;une esth\u00e9tique polie et contemporaine. B\u00e9n\u00e9ficiant d&rsquo;une pl\u00e9thore de fonctionnalit\u00e9s robustes et adaptables, ce th\u00e8me offre aux utilisateurs la possibilit\u00e9 de construire pratiquement tout type de site Web imaginable, que ce soit un portefeuille ou un blog, une pr\u00e9sence Web d&rsquo;une entit\u00e9 d&rsquo;entreprise ou un emporium de commerce \u00e9lectronique. La philosophie de conception de Thegem hi\u00e9rarte la convivialit\u00e9, incorporant un constructeur de glisser-d\u00e9poser qui simplifie le processus de conception et de mise en \u0153uvre de dispositions personnalis\u00e9es. De plus, ce th\u00e8me accorde une prime sur l&rsquo;optimisation de la vitesse, garantissant que le temps de chargement de votre site Web reste rapide et efficace. Quel que soit son niveau de comp\u00e9tence &#8211; que ce soit le n\u00e9ophyte d\u00e9butant ou le virtuose assaisonn\u00e9 &#8211; Thegem est sans \u00e9quivoque comme le choix pr\u00e9\u00e9minent pour tous ceux qui cherchent \u00e0 forger un site Web impressionnant et performant ph\u00e9nom\u00e9nal.<\/p>\n<ul>\n<li>Th\u00e8me polyvalent adapt\u00e9 \u00e0 diff\u00e9rents types de sites Web<\/li>\n<li>Livr\u00e9 avec plus de 400 mod\u00e8les de conception pr\u00e9-fabriqu\u00e9s<\/li>\n<li>Enti\u00e8rement personnalisable avec Visual Composer Page Builder<\/li>\n<li>Vitesse haute performance et de chargement rapide<\/li>\n<li>Prend en charge WooCommerce pour la cr\u00e9ation de boutiques en ligne<\/li>\n<li>SEO optimis\u00e9 pour un meilleur classement des moteurs de recherche<\/li>\n<li>Compatible avec tous les navigateurs et appareils modernes<\/li>\n<li>Comprend des plugins premium tels que Slider Revolution et Layerslider<\/li>\n<li>\u00c9quipe de soutien professionnel et d\u00e9vou\u00e9e<\/li>\n<li>Mises \u00e0 jour et am\u00e9liorations r\u00e9guli\u00e8res pour assurer la compatibilit\u00e9 avec la derni\u00e8re version WordPress et les tendances technologiques.<\/li>\n<\/ul>\n","protected":false},"excerpt":{"rendered":"<p>Thegem, un th\u00e8me WordPress tr\u00e8s comp\u00e9tent, a \u00e9t\u00e9 complexe pour r\u00e9pondre aux exigences des professionnels de la cr\u00e9ation dans diverses industries. B\u00e9n\u00e9ficiant de ses fonctionnalit\u00e9s \u00e0 multiples facettes et de ses capacit\u00e9s de performance exceptionnelles, Thegem d\u00e9passe toutes les attentes en termes de polyvalence et de convivialit\u00e9. Peu importe si vous \u00eates designer, photographe, \u00e9crivain ou entrepreneur, Thegem vous offre une gamme d&rsquo;outils et de fonctionnalit\u00e9s indispensables essentiels pour construire un site Web sans pr\u00e9c\u00e9dent, visuellement captivant et poli professionnellement qui se distingue sans effort de la foule. Int\u00e9ress\u00e9 de mani\u00e8re transparente avec un constructeur de pages de glisser-d\u00e9poser instinctif, des \u00e9l\u00e9ments de conception personnalisables et une vaste s\u00e9lection de plugins robustes, Thegem vous permet d&rsquo;adapter tous les aspects de votre site Web, garantissant qu&rsquo;il incarne votre vision et votre style distincts. Avec Thegem \u00e0 votre disposition, votre potentiel cr\u00e9atif ne conna\u00eet pas de limites lorsque vous vous lancez dans un voyage pour cr\u00e9er un site Web qui refl\u00e8te vraiment votre individualit\u00e9 et votre flair artistique.<\/p>\n","protected":false},"featured_media":145485,"comment_status":"open","ping_status":"open","template":"","meta":[],"product_brand":[2433],"product_cat":[1214,1212,1213],"product_tag":[1366],"class_list":{"0":"post-115303","1":"product","2":"type-product","3":"status-publish","4":"has-post-thumbnail","6":"product_brand-themeforest","7":"product_cat-polyvalent","8":"product_cat-themes","9":"product_cat-wordpress-themes","10":"product_tag-themeforest","11":"member-discount","12":"discount-restricted","14":"first","15":"instock","16":"sale","17":"downloadable","18":"virtual","19":"sold-individually","20":"purchasable","21":"product-type-simple"},"_links":{"self":[{"href":"https:\/\/gpl-love.com\/fr\/wp-json\/wp\/v2\/product\/115303","targetHints":{"allow":["GET"]}}],"collection":[{"href":"https:\/\/gpl-love.com\/fr\/wp-json\/wp\/v2\/product"}],"about":[{"href":"https:\/\/gpl-love.com\/fr\/wp-json\/wp\/v2\/types\/product"}],"replies":[{"embeddable":true,"href":"https:\/\/gpl-love.com\/fr\/wp-json\/wp\/v2\/comments?post=115303"}],"wp:featuredmedia":[{"embeddable":true,"href":"https:\/\/gpl-love.com\/fr\/wp-json\/wp\/v2\/media\/145485"}],"wp:attachment":[{"href":"https:\/\/gpl-love.com\/fr\/wp-json\/wp\/v2\/media?parent=115303"}],"wp:term":[{"taxonomy":"product_brand","embeddable":true,"href":"https:\/\/gpl-love.com\/fr\/wp-json\/wp\/v2\/product_brand?post=115303"},{"taxonomy":"product_cat","embeddable":true,"href":"https:\/\/gpl-love.com\/fr\/wp-json\/wp\/v2\/product_cat?post=115303"},{"taxonomy":"product_tag","embeddable":true,"href":"https:\/\/gpl-love.com\/fr\/wp-json\/wp\/v2\/product_tag?post=115303"}],"curies":[{"name":"wp","href":"https:\/\/api.w.org\/{rel}","templated":true}]}}