{"id":115297,"date":"2025-10-23T00:00:00","date_gmt":"2025-10-22T22:00:00","guid":{"rendered":"http:\/\/gpl-love.com\/fr\/produit\/zota-elementor-multi-purpose-woocommerce-theme\/"},"modified":"2026-03-20T23:54:50","modified_gmt":"2026-03-20T22:54:50","slug":"zota-elementor-multi-purpose-woocommerce-theme","status":"publish","type":"product","link":"https:\/\/gpl-love.com\/fr\/produit\/zota-elementor-multi-purpose-woocommerce-theme\/","title":{"rendered":"Zota Elementor Multi-Purpose WooCommerce Theme 1.3.14"},"content":{"rendered":"<h3>Zota Elementor Multi-Purpose WooCommerce Theme Traits<\/h3>\n<p>Le th\u00e8me WooCommerce polyvalent Zota Elementor se pr\u00e9sente comme une r\u00e9solution tr\u00e8s appropri\u00e9e et avantageuse pour les entreprises \u00e0 la recherche d&rsquo;une plate-forme de commerce \u00e9lectronique flexible et adaptable. B\u00e9n\u00e9ficiant d&rsquo;une gamme compl\u00e8te de fonctionnalit\u00e9s innovantes et d&rsquo;une interface extr\u00eamement conviviale, ce th\u00e8me permet aux utilisateurs de fa\u00e7onner un site Web impeccablement professionnel qui est simultan\u00e9ment utilitaire et visuellement captivant. L&rsquo;incorporation transparente de WooCommerce dans le cadre rend la gestion de votre boutique en ligne un processus simple et rationalis\u00e9, tandis que l&rsquo;inclusion du constructeur de page Elementor vous offre une autorit\u00e9 absolue sur la composition esth\u00e9tique de votre site Web. Que votre inventaire soit compos\u00e9 de biens tangibles ou intangibles, le th\u00e8me WooCommerce polyvalent Zota Elementor offre un m\u00e9canisme harmonieux et efficace pour afficher vos marchandises et \u00e9tablir des interactions significatives avec votre client\u00e8le.<\/p>\n<ul>\n<li>Un th\u00e8me polyvalent et personnalisable pour les magasins en ligne \u00e0 l&rsquo;aide de la plateforme WooCommerce<\/li>\n<li>Con\u00e7u avec le constructeur de page Elementor, permettant une personnalisation facile \u00e0 glisser-d\u00e9poser sans aucune connaissance de codage requise<\/li>\n<li>Comprend plusieurs dispositions de d\u00e9monstration pr\u00e9d\u00e9finies pour une vari\u00e9t\u00e9 d&rsquo;industries et de niches<\/li>\n<li>Design enti\u00e8rement r\u00e9actif et adapt\u00e9 \u00e0 mobile garantissent une exp\u00e9rience d&rsquo;achat sans couture pour les clients sur n&rsquo;importe quel appareil<\/li>\n<li>Optimis\u00e9 pour les vitesses de chargement rapide pour am\u00e9liorer l&rsquo;exp\u00e9rience utilisateur et les classements des moteurs de recherche<\/li>\n<li>Prend en charge une vari\u00e9t\u00e9 de fonctionnalit\u00e9s populaires de WooCommerce, telles que les variations de produits, les fonctionnalit\u00e9s de panier et de paiement et d&rsquo;int\u00e9gration avec les passerelles de paiement populaires<\/li>\n<li>Comprend une gamme d&rsquo;options de personnalisation pour les en-t\u00eates, les pieds de page, les widgets et plus encore pour cr\u00e9er une boutique en ligne unique qui s&rsquo;aligne sur votre marque et votre style<\/li>\n<li>Les mises \u00e0 jour r\u00e9guli\u00e8res et le soutien de l&rsquo;\u00e9quipe ZOTA garantissent une compatibilit\u00e9 continue avec les mises \u00e0 jour WordPress et WooCommerce et fournissent une assistance pour tout probl\u00e8me ou question.<\/li>\n<\/ul>\n","protected":false},"excerpt":{"rendered":"<p>Le th\u00e8me WooCommerce polyvalent Zota Elementor, r\u00e9put\u00e9 pour sa qualit\u00e9 exceptionnelle, est un th\u00e8me WordPress de haut niveau con\u00e7u pour offrir aux utilisateurs une exp\u00e9rience in\u00e9gal\u00e9e dans la cr\u00e9ation de magasins en ligne visuellement \u00e9tonnants et tr\u00e8s fonctionnels. Ce th\u00e8me premium poss\u00e8de une multitude de dispositions et de mod\u00e8les pr\u00e9-con\u00e7us, m\u00e9ticuleusement con\u00e7us pour r\u00e9pondre aux divers besoins et pr\u00e9f\u00e9rences de ses utilisateurs. La PI\u00c8CE DE R\u00c9SISTANCE r\u00e9side dans son int\u00e9gration avec le constructeur de pages de glisser-d\u00e9poser Elementor tr\u00e8s acclam\u00e9, qui permet aux utilisateurs de personnaliser sans effort leurs magasins en ligne \u00e0 la perfection. De plus, le th\u00e8me WooCommerce polyvalent ZOTA Elementor se synchronise avec toute transparence avec la plate-forme WooCommerce, garantissant une fusion transparente des produits, commandes et paiements de votre magasin. Avec Zota \u00e0 votre disposition, la possibilit\u00e9 de fa\u00e7onner une boutique en ligne qui d\u00e9gage non seulement votre vision unique mais r\u00e9pond \u00e9galement sans effort aux besoins de vos clients devient une r\u00e9alit\u00e9, tout le besoin de connaissances de codage complexes.<\/p>\n","protected":false},"featured_media":146491,"comment_status":"open","ping_status":"open","template":"","meta":[],"product_brand":[2433],"product_cat":[1238,1444,1212],"product_tag":[1366],"class_list":{"0":"post-115297","1":"product","2":"type-product","3":"status-publish","4":"has-post-thumbnail","6":"product_brand-themeforest","7":"product_cat-commerce-electronique-themes","8":"product_cat-creatif-commerce-electronique-themes","9":"product_cat-themes","10":"product_tag-themeforest","11":"member-discount","12":"discount-restricted","14":"first","15":"instock","16":"sale","17":"downloadable","18":"virtual","19":"sold-individually","20":"purchasable","21":"product-type-simple"},"_links":{"self":[{"href":"https:\/\/gpl-love.com\/fr\/wp-json\/wp\/v2\/product\/115297","targetHints":{"allow":["GET"]}}],"collection":[{"href":"https:\/\/gpl-love.com\/fr\/wp-json\/wp\/v2\/product"}],"about":[{"href":"https:\/\/gpl-love.com\/fr\/wp-json\/wp\/v2\/types\/product"}],"replies":[{"embeddable":true,"href":"https:\/\/gpl-love.com\/fr\/wp-json\/wp\/v2\/comments?post=115297"}],"wp:featuredmedia":[{"embeddable":true,"href":"https:\/\/gpl-love.com\/fr\/wp-json\/wp\/v2\/media\/146491"}],"wp:attachment":[{"href":"https:\/\/gpl-love.com\/fr\/wp-json\/wp\/v2\/media?parent=115297"}],"wp:term":[{"taxonomy":"product_brand","embeddable":true,"href":"https:\/\/gpl-love.com\/fr\/wp-json\/wp\/v2\/product_brand?post=115297"},{"taxonomy":"product_cat","embeddable":true,"href":"https:\/\/gpl-love.com\/fr\/wp-json\/wp\/v2\/product_cat?post=115297"},{"taxonomy":"product_tag","embeddable":true,"href":"https:\/\/gpl-love.com\/fr\/wp-json\/wp\/v2\/product_tag?post=115297"}],"curies":[{"name":"wp","href":"https:\/\/api.w.org\/{rel}","templated":true}]}}