{"id":115295,"date":"2021-08-24T00:00:00","date_gmt":"2021-08-23T22:00:00","guid":{"rendered":"http:\/\/gpl-love.com\/fr\/produit\/stockie-multi-purpose-creative-woocommerce-theme\/"},"modified":"2026-04-10T18:40:33","modified_gmt":"2026-04-10T16:40:33","slug":"stockie-multi-purpose-creative-woocommerce-theme","status":"publish","type":"product","link":"https:\/\/gpl-love.com\/fr\/produit\/stockie-multi-purpose-creative-woocommerce-theme\/","title":{"rendered":"Stockie Multi-purpose Creative WooCommerce Theme 1.3.0"},"content":{"rendered":"<h3>Stockie Multi-purpose Creative WooCommerce Theme Traits<\/h3>\n<p>Le th\u00e8me WooCommerce cr\u00e9atif polyvalent Stockie est un th\u00e8me WordPress incroyablement flexible et dynamiquement con\u00e7u qui s&rsquo;adresse aux entreprises de toutes tailles. Que vous vous trouviez op\u00e9rer en tant que d\u00e9taillant en ligne ou en tant qu&rsquo;agence de cr\u00e9ation, Stockie garantit que vous avez acc\u00e8s \u00e0 une vaste gamme de fonctionnalit\u00e9s et de fonctions personnalisables, vous permettant de construire un site Web \u00e0 la fois distinctif et captivant. B\u00e9n\u00e9ficiant d&rsquo;un design \u00e9l\u00e9gant et moderne, d&rsquo;une interface intuitive de glisser-d\u00e9poser, ainsi que d&rsquo;une int\u00e9gration transparente avec WooCommerce, Stockie vous permet sans effort de montrer vos produits et services, de saisir des pistes potentielles et de convertir avec succ\u00e8s les visiteurs occasionnels en clients constants et d\u00e9vou\u00e9s. Que vous aspirez \u00e0 \u00e9tablir un blog stimulant, une boutique en ligne efficace ou un site Web de portefeuille exemplaire, Soyez assur\u00e9 que Stockie pr\u00e9sente une solution globale qui poss\u00e8de tous les outils et ressources n\u00e9cessaires pour transformer vos aspirations visionnaires en r\u00e9alit\u00e9s tangibles . Pourquoi tergiverser plus longtemps? Embarquez dans un voyage transformateur en essayant \u00e0 Stockie aujourd&rsquo;hui et en t\u00e9moigne personnellement pourquoi il a \u00e0 juste titre gagn\u00e9 sa r\u00e9putation estim\u00e9e comme l&rsquo;un des th\u00e8mes les plus recherch\u00e9s du march\u00e9 actuel!<\/p>\n<ul>\n<li>Un th\u00e8me polyvalent WooCommerce con\u00e7u pour les entreprises cr\u00e9atives et les magasins en ligne.<\/li>\n<li>Plusieurs d\u00e9mos pr\u00e9-construites et un constructeur de pages puissant et personnalisable pour vous aider \u00e0 cr\u00e9er un site Web unique pour votre marque.<\/li>\n<li>Int\u00e9gr\u00e9 avec des plugins populaires comme le formulaire de contact 7, MailChimp et Yoast SEO pour vous faire gagner du temps et des efforts dans la configuration de votre site.<\/li>\n<li>Conception r\u00e9active et performances rapides et lisses pour une excellente exp\u00e9rience utilisateur sur n&rsquo;importe quel appareil.<\/li>\n<li>Options de personnalisation faciles pour des \u00e9l\u00e9ments visuels comme les polices, les couleurs et les dispositions pour correspondre \u00e0 votre marque.<\/li>\n<li>Prise en charge int\u00e9gr\u00e9e pour les variations de produits, les coupons et les options d&rsquo;exp\u00e9dition pour rationaliser vos op\u00e9rations de commerce \u00e9lectronique.<\/li>\n<li>Des options de recherche et de filtrage puissantes pour aider les clients \u00e0 trouver ce qu&rsquo;ils recherchent rapidement et facilement.<\/li>\n<li>Une gamme de mod\u00e8les et d&rsquo;\u00e9l\u00e9ments de page pr\u00e9d\u00e9finis, y compris \u00e0 propos de nous, de t\u00e9moignages, de tables de tarification, etc.<\/li>\n<li>Mises \u00e0 jour r\u00e9guli\u00e8res et excellent support client pour vous aider \u00e0 rester \u00e0 jour et \u00e0 tirer le meilleur parti de votre th\u00e8me.<\/li>\n<\/ul>\n","protected":false},"excerpt":{"rendered":"<p>Stockie est un th\u00e8me WooCommerce incroyablement polyvalent et tr\u00e8s cr\u00e9atif qui m\u00e9lange de mani\u00e8re transparente les fonctionnalit\u00e9s et le style d&rsquo;une mani\u00e8re vraiment remarquable. B\u00e9n\u00e9ficiant de plusieurs dispositions de page d&rsquo;accueil, un large \u00e9ventail de mod\u00e8les de pages de produits et une large gamme d&rsquo;options de conception personnalisables, ce th\u00e8me est ind\u00e9niablement le choix id\u00e9al pour tout type de boutique en ligne ou d&rsquo;entreprise. En outre, il convient de noter que le th\u00e8me est m\u00e9ticuleusement con\u00e7u pour \u00eatre pleinement r\u00e9actif, garantissant que votre site Web reste accessible sans effort et parfaitement affich\u00e9 sur tous les appareils et tailles d&rsquo;\u00e9cran. Que votre objectif principal soit de vendre des produits, de pr\u00e9senter un portefeuille impressionnant ou de promouvoir efficacement votre gamme de services, Stockie est la solution d\u00e9finitive pour tous vos besoins de commerce \u00e9lectronique. Ne perdez pas de temps, saisissez cette opportunit\u00e9 inestimable et catapultez la pr\u00e9sence en ligne de votre marque \u00e0 des hauteurs sans pr\u00e9c\u00e9dent en acqu\u00e9rant Stockie sans d\u00e9lai.<\/p>\n","protected":false},"featured_media":145330,"comment_status":"open","ping_status":"open","template":"","meta":[],"product_brand":[2433],"product_cat":[1238,1444,1212],"product_tag":[1366],"class_list":{"0":"post-115295","1":"product","2":"type-product","3":"status-publish","4":"has-post-thumbnail","6":"product_brand-themeforest","7":"product_cat-commerce-electronique-themes","8":"product_cat-creatif-commerce-electronique-themes","9":"product_cat-themes","10":"product_tag-themeforest","11":"member-discount","12":"discount-restricted","14":"first","15":"instock","16":"sale","17":"downloadable","18":"virtual","19":"sold-individually","20":"purchasable","21":"product-type-simple"},"_links":{"self":[{"href":"https:\/\/gpl-love.com\/fr\/wp-json\/wp\/v2\/product\/115295","targetHints":{"allow":["GET"]}}],"collection":[{"href":"https:\/\/gpl-love.com\/fr\/wp-json\/wp\/v2\/product"}],"about":[{"href":"https:\/\/gpl-love.com\/fr\/wp-json\/wp\/v2\/types\/product"}],"replies":[{"embeddable":true,"href":"https:\/\/gpl-love.com\/fr\/wp-json\/wp\/v2\/comments?post=115295"}],"wp:featuredmedia":[{"embeddable":true,"href":"https:\/\/gpl-love.com\/fr\/wp-json\/wp\/v2\/media\/145330"}],"wp:attachment":[{"href":"https:\/\/gpl-love.com\/fr\/wp-json\/wp\/v2\/media?parent=115295"}],"wp:term":[{"taxonomy":"product_brand","embeddable":true,"href":"https:\/\/gpl-love.com\/fr\/wp-json\/wp\/v2\/product_brand?post=115295"},{"taxonomy":"product_cat","embeddable":true,"href":"https:\/\/gpl-love.com\/fr\/wp-json\/wp\/v2\/product_cat?post=115295"},{"taxonomy":"product_tag","embeddable":true,"href":"https:\/\/gpl-love.com\/fr\/wp-json\/wp\/v2\/product_tag?post=115295"}],"curies":[{"name":"wp","href":"https:\/\/api.w.org\/{rel}","templated":true}]}}