{"id":115293,"date":"2021-05-15T00:00:00","date_gmt":"2021-05-14T22:00:00","guid":{"rendered":"http:\/\/gpl-love.com\/fr\/produit\/woocommerce-volume-discount-coupons\/"},"modified":"2026-03-20T23:48:27","modified_gmt":"2026-03-20T22:48:27","slug":"woocommerce-volume-discount-coupons","status":"publish","type":"product","link":"https:\/\/gpl-love.com\/fr\/produit\/woocommerce-volume-discount-coupons\/","title":{"rendered":"WooCommerce Volume Discount Coupons 1.7.0"},"content":{"rendered":"<h3>WooCommerce Volume Discount Coupons Traits<\/h3>\n<p>Les coupons de r\u00e9duction de volume WooCommerce sont un plugin tr\u00e8s robuste et efficace qui permet aux propri\u00e9taires de magasins en ligne la possibilit\u00e9 de fournir des remises attrayantes aux clients qui effectuent des achats en vrac. En tirant parti des capacit\u00e9s de ce plugin, les propri\u00e9taires de magasins peuvent g\u00e9n\u00e9rer et g\u00e9rer sans effort des coupons de r\u00e9duction qui servent d&rsquo;incitations puissantes aux clients pour augmenter leurs d\u00e9penses. Ce plugin offre la caract\u00e9ristique remarquable de l&rsquo;autorisation des utilisateurs d&rsquo;\u00e9tablir diff\u00e9rents niveaux de remises en fonction de la quantit\u00e9 de produits acquis, facilitant ainsi le potentiel de ventes amplifi\u00e9es et de fid\u00e9lit\u00e9 accrue des clients. En accordant aux clients des remises proportionnelles \u00e0 leur volume d&rsquo;achat, les propri\u00e9taires de magasins peuvent nourrir efficacement la culture des affaires r\u00e9p\u00e9t\u00e9es et favoriser un environnement de satisfaction accrue des clients. Dans l&rsquo;ensemble, les coupons de r\u00e9duction de volume WooCommerce repr\u00e9sentent un outil indispensable pour les personnes cherchant \u00e0 renforcer leurs chiffres de vente et \u00e0 cultiver une croissance exponentielle au sein de leurs entreprises en ligne.<\/p>\n<ul>\n<li>Remises pour les achats en vrac: Ce produit permet aux entreprises d&rsquo;offrir des remises en volume pour encourager les clients \u00e0 acheter plus d&rsquo;articles \u00e0 la fois.<\/li>\n<li>Configuration facile: le plugin s&rsquo;int\u00e8gre de mani\u00e8re transparente dans WooCommerce et peut \u00eatre configur\u00e9 en quelques clics.<\/li>\n<li>Conditions flexibles: les entreprises peuvent d\u00e9finir des conditions sp\u00e9cifiques pour les remises, telles qu&rsquo;un montant de commande minimum ou une cat\u00e9gorie de produits sp\u00e9cifique.<\/li>\n<li>Coupons personnalisables: les entreprises peuvent personnaliser l&rsquo;apparence et le libell\u00e9 des coupons pour s&rsquo;adapter \u00e0 leur image de marque.<\/li>\n<li>Promotions sensibles au temps: les entreprises peuvent d\u00e9finir des dates d&rsquo;expiration pour les remises pour cr\u00e9er un sentiment d&rsquo;urgence pour les clients pour effectuer un achat.<\/li>\n<li>R\u00e9sultats tra\u00e7ables: les entreprises peuvent suivre le succ\u00e8s de leurs coupons de r\u00e9duction de volume via les outils de rapport de WooCommerce.<\/li>\n<li>Taux de conversion \u00e9lev\u00e9s: En offrant des rabais pour les achats en vrac, les entreprises peuvent augmenter leur valeur de commande moyenne et encourager les achats r\u00e9p\u00e9t\u00e9s.<\/li>\n<\/ul>\n","protected":false},"excerpt":{"rendered":"<p>Les coupons de r\u00e9duction de volume WooCommerce sont un plugin incroyablement robuste et tr\u00e8s efficace qui vous offre la capacit\u00e9 incroyable d&rsquo;offrir des remises s\u00e9duisantes \u00e0 vos clients estim\u00e9s en fonction de la quantit\u00e9 de produits qu&rsquo;ils choisissent d&rsquo;acheter. En utilisant ce plugin puissant, vous avez la possibilit\u00e9 de cr\u00e9er et de personnaliser sans effort les codes de r\u00e9duction qui sont rapidement activ\u00e9s lorsque vos pr\u00e9cieux clients ajoutent un nombre sp\u00e9cifique et pr\u00e9d\u00e9termin\u00e9 d&rsquo;articles \u00e0 leurs paniers d&rsquo;achat virtuels. Cette caract\u00e9ristique ing\u00e9nieuse vous permet finalement d&rsquo;inciter et de motiver efficacement et de motiver efficacement les achats en vrac, augmentant ainsi consid\u00e9rablement et substantiellement vos revenus et performances globaux. De plus, ce plugin remarquable est enti\u00e8rement \u00e9quip\u00e9 et \u00e9quip\u00e9 d&rsquo;une multitude de caract\u00e9ristiques avanc\u00e9es et sophistiqu\u00e9es, telles que l&rsquo;inclusion de quantit\u00e9s minimales et maximales, l&rsquo;incorporation des dates d&rsquo;expiration et l&rsquo;imposition de restrictions d&rsquo;utilisation. Ces fonctionnalit\u00e9s inestimables collectivement et de mani\u00e8re exhaustive vous fournissent un degr\u00e9 de contr\u00f4le sans pr\u00e9c\u00e9dent, vous permettant de m\u00e9ticulent m\u00e9ticuleusement et affiner la nature pr\u00e9cise des remises que vous souhaitez offrir \u00e0 votre client\u00e8le estim\u00e9e. N&rsquo;h\u00e9sitez plus, prenez des mesures d\u00e9cisives et \u00e9levez votre magasin WooCommerce \u00e0 de nouveaux sommets d&rsquo;excellence et \u00e0 un succ\u00e8s in\u00e9gal\u00e9 en acqu\u00e9rant rapidement et rapidement des coupons de r\u00e9duction de volume aujourd&rsquo;hui!<\/p>\n","protected":false},"featured_media":146067,"comment_status":"open","ping_status":"open","template":"","meta":[],"product_brand":[2435],"product_cat":[1182,1223,1181],"product_tag":[1231],"class_list":{"0":"post-115293","1":"product","2":"type-product","3":"status-publish","4":"has-post-thumbnail","6":"product_brand-codecanyon","7":"product_cat-commerce-electronique-plugins","8":"product_cat-personnalisation-commerce-electronique-plugins","9":"product_cat-plugins","10":"product_tag-codecanyon","11":"member-discount","12":"discount-restricted","14":"first","15":"instock","16":"sale","17":"downloadable","18":"virtual","19":"sold-individually","20":"purchasable","21":"product-type-simple"},"_links":{"self":[{"href":"https:\/\/gpl-love.com\/fr\/wp-json\/wp\/v2\/product\/115293","targetHints":{"allow":["GET"]}}],"collection":[{"href":"https:\/\/gpl-love.com\/fr\/wp-json\/wp\/v2\/product"}],"about":[{"href":"https:\/\/gpl-love.com\/fr\/wp-json\/wp\/v2\/types\/product"}],"replies":[{"embeddable":true,"href":"https:\/\/gpl-love.com\/fr\/wp-json\/wp\/v2\/comments?post=115293"}],"wp:featuredmedia":[{"embeddable":true,"href":"https:\/\/gpl-love.com\/fr\/wp-json\/wp\/v2\/media\/146067"}],"wp:attachment":[{"href":"https:\/\/gpl-love.com\/fr\/wp-json\/wp\/v2\/media?parent=115293"}],"wp:term":[{"taxonomy":"product_brand","embeddable":true,"href":"https:\/\/gpl-love.com\/fr\/wp-json\/wp\/v2\/product_brand?post=115293"},{"taxonomy":"product_cat","embeddable":true,"href":"https:\/\/gpl-love.com\/fr\/wp-json\/wp\/v2\/product_cat?post=115293"},{"taxonomy":"product_tag","embeddable":true,"href":"https:\/\/gpl-love.com\/fr\/wp-json\/wp\/v2\/product_tag?post=115293"}],"curies":[{"name":"wp","href":"https:\/\/api.w.org\/{rel}","templated":true}]}}