{"id":115291,"date":"2023-02-25T00:00:00","date_gmt":"2023-02-24T23:00:00","guid":{"rendered":"http:\/\/gpl-love.com\/fr\/produit\/taqyeem-wordpress-review-plugin\/"},"modified":"2026-04-10T18:42:02","modified_gmt":"2026-04-10T16:42:02","slug":"taqyeem-wordpress-review-plugin","status":"publish","type":"product","link":"https:\/\/gpl-love.com\/fr\/produit\/taqyeem-wordpress-review-plugin\/","title":{"rendered":"Taqyeem WordPress Review Plugin 2.7.0"},"content":{"rendered":"<h3>Taqyeem WordPress Review Plugin Traits<\/h3>\n<p>Le plugin TaqyEem WordPress Review est un outil exceptionnel et tr\u00e8s efficace con\u00e7u avec m\u00e9ticulement pour aider les propri\u00e9taires de sites Web \u00e0 int\u00e9grer de mani\u00e8re transparente des cases de r\u00e9vision \u00e9l\u00e9gantes et enti\u00e8rement personnalisables dans leurs messages et pages WordPress. Ce plugin remarquable permet aux utilisateurs de fa\u00e7onner sans effort les critiques captivantes qui captivent sans effort l&rsquo;attention, absorbant ainsi efficacement leur public cible. Le plugin lui-m\u00eame poss\u00e8de une vaste gamme d&rsquo;options de personnalisation, permettant aux utilisateurs de g\u00e9rer m\u00e9ticuleusement leurs syst\u00e8mes de notation souhait\u00e9s, d&rsquo;adapter astucieusement les couleurs et les polices, et m\u00eame d&rsquo;incorporer des crit\u00e8res de r\u00e9vision sur mesure. En outre, il convient de noter que le plugin TaqyEem WordPress Review est \u00e9tonnamment convivial, facilitant l&rsquo;installation et l&rsquo;utilisation sans effort. Par cons\u00e9quent, il repr\u00e9sente incontestablement un choix irr\u00e9prochable pour les propri\u00e9taires de sites Web d\u00e9termin\u00e9s avec ferveur \u00e0 augmenter \u00e0 la fois l&rsquo;engagement des utilisateurs et l&rsquo;exp\u00e9rience utilisateur globale. Que l&rsquo;on s&rsquo;identifie comme un blogueur, un marketing astucieux ou un propri\u00e9taire d&rsquo;entreprise visionnaire, le plugin TaqyEem WordPress Review poss\u00e8de sans \u00e9quivoque la capacit\u00e9 intrins\u00e8que pour \u00e9lever et catapulter son contenu \u00e0 des hauteurs de succ\u00e8s et de distinction sans pr\u00e9c\u00e9dent.<\/p>\n<ul>\n<li>Processus d&rsquo;installation facile pour les utilisateurs de WordPress<\/li>\n<li>Fournit des ic\u00f4nes et des th\u00e8mes de score de r\u00e9vision personnalisables<\/li>\n<li>S&rsquo;int\u00e8gre aux extraits de Google Rich pour am\u00e9liorer les r\u00e9sultats du moteur de recherche<\/li>\n<li>Permet des revues multi-crit\u00e8res en plus des notes d&rsquo;\u00e9toiles traditionnelles<\/li>\n<li>Fournit des fonctionnalit\u00e9s avanc\u00e9es telles que les avantages et les listes contre les inconv\u00e9nients, les commentaires des utilisateurs et l&rsquo;examen de la mod\u00e9ration<\/li>\n<li>Peut \u00eatre utilis\u00e9 pour tout type d&rsquo;examen, y compris les produits, les services et les entreprises<\/li>\n<li>Compatible avec tous les th\u00e8mes et plugins WordPress<\/li>\n<li>R\u00e9guli\u00e8rement mis \u00e0 jour pour les performances et la s\u00e9curit\u00e9 optimales<\/li>\n<\/ul>\n","protected":false},"excerpt":{"rendered":"<p>Le plugin TaqyEem WordPress Review est un outil tr\u00e8s convivial et simple qui pr\u00e9sente aux utilisateurs la possibilit\u00e9 d&rsquo;incorporer des cases de r\u00e9vision remarquables et enti\u00e8rement personnalisables dans leur site Web WordPress. En utilisant Taqyyeem, les individus sont en mesure d&rsquo;attirer un plus grand nombre de visiteurs sur leur site Web par des notes de revue captivantes et accrocheuses, tout en am\u00e9liorant simultan\u00e9ment le niveau d&rsquo;engagement des utilisateurs gr\u00e2ce \u00e0 son cadre bien con\u00e7u et adaptable. De plus, ce plugin exceptionnel, Taqyyeem, r\u00e9pond aux divers besoins et pr\u00e9f\u00e9rences de ses utilisateurs en offrant une multitude d&rsquo;options de personnalisation, permettant ainsi aux individus d&rsquo;infuser leurs critiques avec un flair distinctif et individualiste qui s&rsquo;aligne parfaitement avec l&rsquo;identit\u00e9 de leur marque. En r\u00e9sum\u00e9, il est \u00e9vident que Taqyyeem sert de solution ultime et in\u00e9gal\u00e9e pour les blogueurs, les plateformes de commerce \u00e9lectronique et les sites Web de r\u00e9vision cherchant \u00e0 augmenter l&rsquo;exp\u00e9rience client globale et \u00e0 g\u00e9n\u00e9rer une augmentation significative du trafic de site Web.<\/p>\n","protected":false},"featured_media":145450,"comment_status":"open","ping_status":"open","template":"","meta":[],"product_brand":[2435],"product_cat":[1189,1181,1186],"product_tag":[1231],"class_list":{"0":"post-115291","1":"product","2":"type-product","3":"status-publish","4":"has-post-thumbnail","6":"product_brand-codecanyon","7":"product_cat-personnalisation","8":"product_cat-plugins","9":"product_cat-wordpress-plugins","10":"product_tag-codecanyon","11":"member-discount","12":"discount-restricted","14":"first","15":"instock","16":"sale","17":"downloadable","18":"virtual","19":"sold-individually","20":"purchasable","21":"product-type-simple"},"_links":{"self":[{"href":"https:\/\/gpl-love.com\/fr\/wp-json\/wp\/v2\/product\/115291","targetHints":{"allow":["GET"]}}],"collection":[{"href":"https:\/\/gpl-love.com\/fr\/wp-json\/wp\/v2\/product"}],"about":[{"href":"https:\/\/gpl-love.com\/fr\/wp-json\/wp\/v2\/types\/product"}],"replies":[{"embeddable":true,"href":"https:\/\/gpl-love.com\/fr\/wp-json\/wp\/v2\/comments?post=115291"}],"wp:featuredmedia":[{"embeddable":true,"href":"https:\/\/gpl-love.com\/fr\/wp-json\/wp\/v2\/media\/145450"}],"wp:attachment":[{"href":"https:\/\/gpl-love.com\/fr\/wp-json\/wp\/v2\/media?parent=115291"}],"wp:term":[{"taxonomy":"product_brand","embeddable":true,"href":"https:\/\/gpl-love.com\/fr\/wp-json\/wp\/v2\/product_brand?post=115291"},{"taxonomy":"product_cat","embeddable":true,"href":"https:\/\/gpl-love.com\/fr\/wp-json\/wp\/v2\/product_cat?post=115291"},{"taxonomy":"product_tag","embeddable":true,"href":"https:\/\/gpl-love.com\/fr\/wp-json\/wp\/v2\/product_tag?post=115291"}],"curies":[{"name":"wp","href":"https:\/\/api.w.org\/{rel}","templated":true}]}}