{"id":115287,"date":"2025-10-17T00:00:00","date_gmt":"2025-10-16T22:00:00","guid":{"rendered":"http:\/\/gpl-love.com\/fr\/produit\/exponent-modern-multi-purpose-business-wordpress-theme\/"},"modified":"2026-03-20T23:05:14","modified_gmt":"2026-03-20T22:05:14","slug":"exponent-modern-multi-purpose-business-wordpress-theme","status":"publish","type":"product","link":"https:\/\/gpl-love.com\/fr\/produit\/exponent-modern-multi-purpose-business-wordpress-theme\/","title":{"rendered":"Exponent Modern Multi-Purpose Business WordPress theme 1.3.1.0"},"content":{"rendered":"<h3>Exponent Modern Multi-Purpose Business WordPress theme Traits<\/h3>\n<p>Le th\u00e8me WordPress commercial multi-usage exposant moderne, avec sa polyvalence et sa puissance, sert d&rsquo;attente inestimable aux entreprises cherchant \u00e0 \u00e9tablir une existence en ligne raffin\u00e9e et sophistiqu\u00e9e. Offrant une vaste gamme de fonctionnalit\u00e9s personnalisables et une int\u00e9gration transparente avec des plugins tr\u00e8s recherch\u00e9s tels que WooCommerce et MailChimp, ce th\u00e8me permet aux entreprises de fa\u00e7onner un site Web in\u00e9gal\u00e9 et captivant adapt\u00e9 pr\u00e9cis\u00e9ment \u00e0 leurs exigences distinctes. B\u00e9n\u00e9ficiant d&rsquo;une conception r\u00e9active et d&rsquo;une interface conviviale, le th\u00e8me des exposants appara\u00eet comme la s\u00e9lection optimale pour les entreprises couvrant diff\u00e9rentes tailles et industries, tous s&rsquo;effor\u00e7ant d&rsquo;\u00e9lever leur empreinte num\u00e9rique et de forger des connexions significatives avec leur d\u00e9mographie cible convoit\u00e9e.<\/p>\n<ul>\n<li>Design \u00e9l\u00e9gant et moderne<\/li>\n<li>Enti\u00e8rement r\u00e9actif et convivial<\/li>\n<li>Compatible avec une vari\u00e9t\u00e9 de navigateurs<\/li>\n<li>Facile \u00e0 personnaliser et \u00e0 configurer<\/li>\n<li>Plusieurs variations de page d&rsquo;accueil au choix<\/li>\n<li>Optimisation de SEO int\u00e9gr\u00e9e<\/li>\n<li>Compatible avec WPML pour le support multilingue<\/li>\n<li>Comprend une vari\u00e9t\u00e9 de pages et de sections pr\u00e9d\u00e9finies<\/li>\n<li>Prise en charge des types de messages personnalis\u00e9s et des champs personnalis\u00e9s<\/li>\n<li>Panneau d&rsquo;administration intuitif et convivial<\/li>\n<\/ul>\n","protected":false},"excerpt":{"rendered":"<p>Le th\u00e8me de WordPress commercial moderne de l&rsquo;exposant WordPress se pr\u00e9sente comme la r\u00e9ponse ultime pour les entreprises aspirant \u00e0 \u00e9tablir une pr\u00e9sence en ligne professionnelle et \u00e9l\u00e9gante. B\u00e9n\u00e9ficiant d&rsquo;une conception de pointe et sophistiqu\u00e9e, ce th\u00e8me poss\u00e8de une personnalisation compl\u00e8te, offrant une gamme de fonctionnalit\u00e9s avanc\u00e9es qui le rendent extr\u00eamement adapt\u00e9 aux entreprises de toutes amplitudes. Que votre entreprise se rapporte au domaine de l&rsquo;entreprise, \u00e0 une startup naissante ou \u00e0 un \u00e9tablissement commercial diminutif, Exponent r\u00e9pond \u00e0 vos besoins avec un assortiment d&rsquo;outils qui facilitent la cr\u00e9ation d&rsquo;un site Web impressionnant, certains pour captiver et captiver votre public cible. Avec une profusion de couleurs et de polices personnalisables \u00e0 votre disposition, aux c\u00f4t\u00e9s de plusieurs dispositions et mod\u00e8les, ce th\u00e8me appara\u00eet comme la solution d\u00e9finitive pour les entreprises qui s&rsquo;efforcent de se diff\u00e9rencier de leurs concurrents. Il n&rsquo;est pas n\u00e9cessaire de retarder davantage; Prenez la d\u00e9cision d&rsquo;adopter le th\u00e8me WordPress commercial multi-usage moderne de l&rsquo;exposant aujourd&rsquo;hui et propulser votre entreprise \u00e0 des hauteurs in\u00e9gal\u00e9es!<\/p>\n","protected":false},"featured_media":143825,"comment_status":"open","ping_status":"open","template":"","meta":[],"product_brand":[2433],"product_cat":[1516,1212,1213],"product_tag":[1366],"class_list":{"0":"post-115287","1":"product","2":"type-product","3":"status-publish","4":"has-post-thumbnail","6":"product_brand-themeforest","7":"product_cat-entreprise","8":"product_cat-themes","9":"product_cat-wordpress-themes","10":"product_tag-themeforest","11":"member-discount","12":"discount-restricted","14":"first","15":"instock","16":"sale","17":"downloadable","18":"virtual","19":"sold-individually","20":"purchasable","21":"product-type-simple"},"_links":{"self":[{"href":"https:\/\/gpl-love.com\/fr\/wp-json\/wp\/v2\/product\/115287","targetHints":{"allow":["GET"]}}],"collection":[{"href":"https:\/\/gpl-love.com\/fr\/wp-json\/wp\/v2\/product"}],"about":[{"href":"https:\/\/gpl-love.com\/fr\/wp-json\/wp\/v2\/types\/product"}],"replies":[{"embeddable":true,"href":"https:\/\/gpl-love.com\/fr\/wp-json\/wp\/v2\/comments?post=115287"}],"wp:featuredmedia":[{"embeddable":true,"href":"https:\/\/gpl-love.com\/fr\/wp-json\/wp\/v2\/media\/143825"}],"wp:attachment":[{"href":"https:\/\/gpl-love.com\/fr\/wp-json\/wp\/v2\/media?parent=115287"}],"wp:term":[{"taxonomy":"product_brand","embeddable":true,"href":"https:\/\/gpl-love.com\/fr\/wp-json\/wp\/v2\/product_brand?post=115287"},{"taxonomy":"product_cat","embeddable":true,"href":"https:\/\/gpl-love.com\/fr\/wp-json\/wp\/v2\/product_cat?post=115287"},{"taxonomy":"product_tag","embeddable":true,"href":"https:\/\/gpl-love.com\/fr\/wp-json\/wp\/v2\/product_tag?post=115287"}],"curies":[{"name":"wp","href":"https:\/\/api.w.org\/{rel}","templated":true}]}}