{"id":115285,"date":"2022-03-29T00:00:00","date_gmt":"2022-03-28T22:00:00","guid":{"rendered":"http:\/\/gpl-love.com\/fr\/produit\/amely-fashion-shop-wordpress-theme-pour-woocommerce\/"},"modified":"2026-03-20T22:54:27","modified_gmt":"2026-03-20T21:54:27","slug":"amely-fashion-shop-wordpress-theme-pour-woocommerce","status":"publish","type":"product","link":"https:\/\/gpl-love.com\/fr\/produit\/amely-fashion-shop-wordpress-theme-pour-woocommerce\/","title":{"rendered":"Amely Fashion Shop WordPress Th\u00e8me pour WooCommerce 2.7.11"},"content":{"rendered":"<h3>Amely Fashion Shop WordPress Th\u00e8me pour WooCommerce Traits<\/h3>\n<p>Amely Fashion Shop WordPress Th\u00e8me pour WooCommerce est une solution de commerce \u00e9lectronique incroyablement polyvalente et extr\u00eamement \u00e9l\u00e9gante s&rsquo;adressant aux entreprises cherchant \u00e0 \u00e9tablir une pr\u00e9sence formidable dans le domaine de la vente en ligne. Ce th\u00e8me ph\u00e9nom\u00e9nal a \u00e9t\u00e9 con\u00e7u de mani\u00e8re complexe pour pr\u00e9senter impeccablement une gamme de produits de mode d&rsquo;une mani\u00e8re irr\u00e9sistiblement visuellement captivante. B\u00e9n\u00e9ficiant d&rsquo;un assortiment de dispositions de page d&rsquo;accueil multiples, d&rsquo;en-t\u00eates et de pieds de page personnalisables, ainsi qu&rsquo;un design remarquablement r\u00e9actif qui rayonne d&rsquo;excellence sur n&rsquo;importe quel appareil, une boutique de mode r\u00e8gne supr\u00eame dans le monde du commerce en ligne. Avec l&rsquo;int\u00e9gration sans couture de WooCommerce, ce th\u00e8me remarquable permet aux utilisateurs sans effort de g\u00e9rer efficacement leur inventaire, de traiter sans effort les paiements et de suivre avec pr\u00e9cision les ventes. De plus, le th\u00e8me est accompagn\u00e9 d&rsquo;un vaste r\u00e9pertoire de widgets et de codes short, permettant aux utilisateurs d&rsquo;incorporer de mani\u00e8re transparente les ic\u00f4nes de m\u00e9dias sociaux, les curseurs de produits et d&rsquo;innombrables autres fonctionnalit\u00e9s \u00e9tonnantes. Que vous soyez un blogueur de mode prolifique, un designer visionnaire ou un d\u00e9taillant prosp\u00e8re, un th\u00e8me WordPress de la mode de mode pour WooCommerce incarne le summum du professionnalisme, offrant sans faille une plate-forme incroyablement intuitive et accessible qui est garantie pour propulser votre entreprise en ligne \u00e0 hauteurs de prosp\u00e9rit\u00e9 sans pr\u00e9c\u00e9dent.<\/p>\n<ul>\n<li>Un th\u00e8me WordPress \u00e9l\u00e9gant et moderne parfait pour les boutiques de mode<\/li>\n<li>Construit sp\u00e9cifiquement pour une utilisation avec WooCommerce, la plate-forme de commerce \u00e9lectronique la plus populaire sur WordPress<\/li>\n<li>Un design enti\u00e8rement r\u00e9actif qui a fi\u00e8re allure sur toutes les tailles d&rsquo;\u00e9cran, du bureau au mobile<\/li>\n<li>De nombreuses options de personnalisation, y compris un constructeur de pages glisser-d\u00e9poser et plusieurs mod\u00e8les de page pr\u00e9d\u00e9finis<\/li>\n<li>Caract\u00e9ristiques de WooCommerce pr\u00eates \u00e0 l&#8217;emploi, y compris les cat\u00e9gories de produits, un panier d&rsquo;achat, des pages de paiement, et plus encore<\/li>\n<li>Des graphiques de haute qualit\u00e9 et pr\u00eats \u00e0 la r\u00e9tine qui semblent nets m\u00eame sur les \u00e9crans \u00e0 haute r\u00e9solution<\/li>\n<li>Design convivial de r\u00e9f\u00e9rencement qui aide votre site \u00e0 bien se classer sur les moteurs de recherche<\/li>\n<li>Int\u00e9gration facile avec des plateformes de m\u00e9dias sociaux populaires comme Facebook et Instagram<\/li>\n<li>Mises \u00e0 jour r\u00e9guli\u00e8res et excellent support client pour vous assurer que votre site reste \u00e0 jour et fonctionne bien.<\/li>\n<\/ul>\n","protected":false},"excerpt":{"rendered":"<p>Amely Fashion Shop propose un th\u00e8me WordPress intuitif et convivial con\u00e7u sp\u00e9cialement pour WooCommerce. Ce th\u00e8me le mieux not\u00e9 est parfait pour les d\u00e9taillants de mode \u00e0 la recherche d&rsquo;une pr\u00e9sence en ligne \u00e9l\u00e9gante et moderne. Il regorge de fonctionnalit\u00e9s comme une mise en page enti\u00e8rement personnalisable, une conception r\u00e9active et des options de typographie avanc\u00e9e. Avec Amely, vous pouvez cr\u00e9er une superbe boutique de mode en ligne qui est non seulement visuellement attrayante mais \u00e9galement optimis\u00e9e pour les conversions. Son int\u00e9gration transparente avec WooCommerce fait de la gestion de votre inventaire et de vos commandes de traitement. De plus, le th\u00e8me comprend des fonctionnalit\u00e9s adapt\u00e9es au r\u00e9f\u00e9rencement, en vous garantissant que votre magasin se classe aux r\u00e9sultats des moteurs de recherche. Avec le th\u00e8me WordPress de la boutique de mode d&rsquo;Amely, vous pouvez offrir \u00e0 vos clients une exp\u00e9rience de magasinage exceptionnelle.<\/p>\n","protected":false},"featured_media":143119,"comment_status":"open","ping_status":"open","template":"","meta":[],"product_brand":[2433],"product_cat":[1238,1444,1212],"product_tag":[1366],"class_list":{"0":"post-115285","1":"product","2":"type-product","3":"status-publish","4":"has-post-thumbnail","6":"product_brand-themeforest","7":"product_cat-commerce-electronique-themes","8":"product_cat-creatif-commerce-electronique-themes","9":"product_cat-themes","10":"product_tag-themeforest","11":"member-discount","12":"discount-restricted","14":"first","15":"instock","16":"sale","17":"downloadable","18":"virtual","19":"sold-individually","20":"purchasable","21":"product-type-simple"},"_links":{"self":[{"href":"https:\/\/gpl-love.com\/fr\/wp-json\/wp\/v2\/product\/115285","targetHints":{"allow":["GET"]}}],"collection":[{"href":"https:\/\/gpl-love.com\/fr\/wp-json\/wp\/v2\/product"}],"about":[{"href":"https:\/\/gpl-love.com\/fr\/wp-json\/wp\/v2\/types\/product"}],"replies":[{"embeddable":true,"href":"https:\/\/gpl-love.com\/fr\/wp-json\/wp\/v2\/comments?post=115285"}],"wp:featuredmedia":[{"embeddable":true,"href":"https:\/\/gpl-love.com\/fr\/wp-json\/wp\/v2\/media\/143119"}],"wp:attachment":[{"href":"https:\/\/gpl-love.com\/fr\/wp-json\/wp\/v2\/media?parent=115285"}],"wp:term":[{"taxonomy":"product_brand","embeddable":true,"href":"https:\/\/gpl-love.com\/fr\/wp-json\/wp\/v2\/product_brand?post=115285"},{"taxonomy":"product_cat","embeddable":true,"href":"https:\/\/gpl-love.com\/fr\/wp-json\/wp\/v2\/product_cat?post=115285"},{"taxonomy":"product_tag","embeddable":true,"href":"https:\/\/gpl-love.com\/fr\/wp-json\/wp\/v2\/product_tag?post=115285"}],"curies":[{"name":"wp","href":"https:\/\/api.w.org\/{rel}","templated":true}]}}