{"id":115252,"date":"2023-01-30T00:00:00","date_gmt":"2023-01-29T23:00:00","guid":{"rendered":"http:\/\/gpl-love.com\/fr\/produit\/css-igniter-neuton-wordpress-theme\/"},"modified":"2026-03-20T22:59:47","modified_gmt":"2026-03-20T21:59:47","slug":"css-igniter-neuton-wordpress-theme","status":"publish","type":"product","link":"https:\/\/gpl-love.com\/fr\/produit\/css-igniter-neuton-wordpress-theme\/","title":{"rendered":"CSS Igniter Neuton WordPress Theme 1.8.2"},"content":{"rendered":"<h3>CSS Igniter Neuton WordPress Theme Traits<\/h3>\n<p>Le th\u00e8me WordPress de Neuton d&rsquo;allumage CSS se distingue comme une option exceptionnelle pour les individus \u00e0 la recherche d&rsquo;un design \u00e9l\u00e9gant et contemporain pour leur site Web. Offrant une disposition dynamique et polyvalente, ce th\u00e8me se pr\u00eate \u00e0 la personnalisation et \u00e0 la personnalisation sans effort pour s&rsquo;aligner parfaitement sur les exigences uniques de toute entreprise ou individu. La conception de ce th\u00e8me privil\u00e9gie la r\u00e9activit\u00e9, garantissant que votre site Web d\u00e9gage l&rsquo;excellence sur tous les appareils. De plus, il poss\u00e8de une pl\u00e9thore de fonctionnalit\u00e9s pr\u00e9existantes telles que des widgets personnalisables, des types de messages personnalis\u00e9s et des shortcodes conviviaux, qui contribuent tous \u00e0 une exp\u00e9rience utilisateur globale sans faille. En optant pour le th\u00e8me WordPress Neuton, vous pouvez construire sans effort un site Web professionnel et esth\u00e9tique.<\/p>\n<ul>\n<li>Design professionnel et moderne<\/li>\n<li>Options de disposition de page d&rsquo;accueil personnalisables<\/li>\n<li>Widgets personnalis\u00e9s pour des fonctionnalit\u00e9s suppl\u00e9mentaires<\/li>\n<li>Conception r\u00e9active pour la compatibilit\u00e9 mobile<\/li>\n<li>Panneau d&rsquo;options faciles \u00e0 utiliser pour la personnalisation<\/li>\n<li>Compatible avec les plugins WordPress populaires<\/li>\n<li>Caract\u00e9ristiques d&rsquo;optimisation des moteurs de recherche int\u00e9gr\u00e9es<\/li>\n<li>Installation de contenu de d\u00e9monstration en un clic pour une configuration facile<\/li>\n<li>Vitesse de chargement rapide pour une meilleure exp\u00e9rience utilisateur<\/li>\n<li>Mises \u00e0 jour r\u00e9guli\u00e8res et soutien de l&rsquo;\u00e9quipe d&rsquo;allumage CSS.<\/li>\n<\/ul>\n","protected":false},"excerpt":{"rendered":"<p>D\u00e9couvrez la puissance de la polyvalence et de la personnalisation avec le th\u00e8me WordPress Neuton CSS Igniter Neuton. Ce th\u00e8me a \u00e9t\u00e9 con\u00e7u en mettant l&rsquo;accent sur les fonctionnalit\u00e9s et l&rsquo;exp\u00e9rience utilisateur, ce qui en fait la solution parfaite pour les blogueurs, les entreprises et les cr\u00e9atifs.<\/p>\n<p>Les caract\u00e9ristiques cl\u00e9s de Neuton incluent une conception enti\u00e8rement r\u00e9active, garantissant que votre site Web est et fait de son mieux sur n&rsquo;importe quel appareil. Il offre \u00e9galement une vari\u00e9t\u00e9 d&rsquo;options de personnalisation, vous permettant d&rsquo;adapter l&rsquo;apparence du site \u00e0 votre go\u00fbt et \u00e0 votre style unique. Le th\u00e8me est convivial, am\u00e9liorant la visibilit\u00e9 de votre site et augmentant les chances d&rsquo;attirer plus de visiteurs. De plus, il est livr\u00e9 avec une \u00e9quipe de support client d\u00e9di\u00e9e, pr\u00eate \u00e0 vous aider chaque fois que vous avez besoin d&rsquo;aide.<\/p>\n<p>Explorez les possibilit\u00e9s infinies du th\u00e8me WordPress de Neuton d&rsquo;allumage CSS et faites ressortir votre site Web de la foule!<\/p>\n","protected":false},"featured_media":143469,"comment_status":"open","ping_status":"open","template":"","meta":[],"product_brand":[2499],"product_cat":[1220,1212,1213],"product_tag":[2187],"class_list":{"0":"post-115252","1":"product","2":"type-product","3":"status-publish","4":"has-post-thumbnail","6":"product_brand-css-igniter","7":"product_cat-blog-magazine","8":"product_cat-themes","9":"product_cat-wordpress-themes","10":"product_tag-css-igniter","11":"member-discount","12":"discount-restricted","14":"first","15":"instock","16":"sale","17":"downloadable","18":"virtual","19":"sold-individually","20":"purchasable","21":"product-type-simple"},"_links":{"self":[{"href":"https:\/\/gpl-love.com\/fr\/wp-json\/wp\/v2\/product\/115252","targetHints":{"allow":["GET"]}}],"collection":[{"href":"https:\/\/gpl-love.com\/fr\/wp-json\/wp\/v2\/product"}],"about":[{"href":"https:\/\/gpl-love.com\/fr\/wp-json\/wp\/v2\/types\/product"}],"replies":[{"embeddable":true,"href":"https:\/\/gpl-love.com\/fr\/wp-json\/wp\/v2\/comments?post=115252"}],"wp:featuredmedia":[{"embeddable":true,"href":"https:\/\/gpl-love.com\/fr\/wp-json\/wp\/v2\/media\/143469"}],"wp:attachment":[{"href":"https:\/\/gpl-love.com\/fr\/wp-json\/wp\/v2\/media?parent=115252"}],"wp:term":[{"taxonomy":"product_brand","embeddable":true,"href":"https:\/\/gpl-love.com\/fr\/wp-json\/wp\/v2\/product_brand?post=115252"},{"taxonomy":"product_cat","embeddable":true,"href":"https:\/\/gpl-love.com\/fr\/wp-json\/wp\/v2\/product_cat?post=115252"},{"taxonomy":"product_tag","embeddable":true,"href":"https:\/\/gpl-love.com\/fr\/wp-json\/wp\/v2\/product_tag?post=115252"}],"curies":[{"name":"wp","href":"https:\/\/api.w.org\/{rel}","templated":true}]}}