{"id":115251,"date":"2025-09-22T00:00:00","date_gmt":"2025-09-21T22:00:00","guid":{"rendered":"http:\/\/gpl-love.com\/fr\/produit\/css-igniter-neto-woocommercetheme\/"},"modified":"2026-03-20T22:59:46","modified_gmt":"2026-03-20T21:59:46","slug":"css-igniter-neto-woocommercetheme","status":"publish","type":"product","link":"https:\/\/gpl-love.com\/fr\/produit\/css-igniter-neto-woocommercetheme\/","title":{"rendered":"CSS Igniter Neto WooCommerceTheme 1.1.2"},"content":{"rendered":"<h3>CSS Igniter Neto WooCommerceTheme Traits<\/h3>\n<p>Le th\u00e8me CSS Igniter Neto WooCommerce est un th\u00e8me WordPress haut de gamme tr\u00e8s recherch\u00e9 qui a \u00e9t\u00e9 m\u00e9ticuleusement con\u00e7u pour r\u00e9pondre sp\u00e9cifiquement aux besoins des magasins en ligne. Avec sa disposition immacul\u00e9e et contemporaine, ce th\u00e8me garantit une exp\u00e9rience utilisateur enti\u00e8rement r\u00e9active, garantissant des fonctionnalit\u00e9s optimales sur tous les appareils mobiles. B\u00e9n\u00e9ficiant d&rsquo;une fondation robuste construite sur le formidable plugin WooCommerce, le th\u00e8me Neto poss\u00e8de un vaste r\u00e9pertoire de fonctionnalit\u00e9s qui vous permettent de vous permettre de fa\u00e7onner une boutique en ligne \u00e9tonnamment professionnelle. Raviter les utilisateurs avec ses options de personnalisation polyvalente, qui englobent un large \u00e9ventail de sch\u00e9mas de couleurs et de polices, ainsi que comme un assortiment de mod\u00e8les de page d&rsquo;accueil pr\u00e9-con\u00e7us \u00e0 parcourir, le th\u00e8me Neto appara\u00eet comme un choix convaincant. De plus, ce th\u00e8me comprend une pl\u00e9thore d&rsquo;attributs de commerce \u00e9lectronique inestimables tels que des curseurs de produits attirants, des options de vue rapide instantan\u00e9e et un widget de mise dormant de panier int\u00e9gr\u00e9. Dans l&rsquo;ensemble, si vous vous lancez dans le voyage d&rsquo;\u00e9tablissement d&rsquo;une boutique en ligne et aspire \u00e0 un design contemporain et poli qui peut \u00eatre adapt\u00e9 sans effort \u00e0 vos pr\u00e9f\u00e9rences, le th\u00e8me CSS Igniter Neto WooCommerce est une s\u00e9lection exemplaire.<\/p>\n<ul>\n<li>Design professionnel et moderne<\/li>\n<li>Enti\u00e8rement personnalisable pour correspondre \u00e0 votre marque<\/li>\n<li>Optimis\u00e9 pour les hautes performances et les temps de chargement rapide<\/li>\n<li>Construit sp\u00e9cifiquement pour WooCommerce, avec toutes les fonctionnalit\u00e9s et int\u00e9grations n\u00e9cessaires<\/li>\n<li>Facile \u00e0 utiliser et \u00e0 naviguer, m\u00eame pour les d\u00e9butants<\/li>\n<li>Disposition r\u00e9active et adapt\u00e9e aux mobiles<\/li>\n<li>Options de disposition multiples pour votre page d&rsquo;accueil, vos pages de produits et vos pages de cat\u00e9gorie<\/li>\n<li>Extensions de woocommerce compatibles<\/li>\n<li>Structure adapt\u00e9e au r\u00e9f\u00e9rencement et optimisation int\u00e9gr\u00e9e<\/li>\n<li>Assistance d\u00e9di\u00e9e 24\/7 et documentation d\u00e9taill\u00e9e<\/li>\n<\/ul>\n","protected":false},"excerpt":{"rendered":"<p>\u00c9levez votre boutique en ligne avec le th\u00e8me Neto WooCommerce de CSS Igniter. Ce th\u00e8me exceptionnel est enti\u00e8rement compatible avec le plugin WooCommerce, vous permettant de g\u00e9rer sans effort votre entreprise de commerce \u00e9lectronique. Neto propose une conception r\u00e9active qui impressionnera certainement les clients potentiels avec ses fonctionnalit\u00e9s transparentes sur tous les appareils. Le th\u00e8me offre une vari\u00e9t\u00e9 d&rsquo;options de personnalisation, des couleurs et de la typographie aux param\u00e8tres de mise en page, garantissant que votre site refl\u00e8te l&rsquo;esth\u00e9tique unique de votre marque. De plus, il int\u00e8gre des fonctionnalit\u00e9s adapt\u00e9es au r\u00e9f\u00e9rencement, am\u00e9liorant la visibilit\u00e9 de votre site pour g\u00e9n\u00e9rer un trafic plus organique. Avec le th\u00e8me Neto WooCommerce, vous pouvez profiter d&rsquo;une interface conviviale qui rend la gestion de votre boutique en ligne un jeu d&rsquo;enfant. D\u00e9couvrez les avantages d&rsquo;une solution de commerce \u00e9lectronique robuste et efficace avec le th\u00e8me Neto WooCommerce de CSS Igniter.<\/p>\n","protected":false},"featured_media":143468,"comment_status":"open","ping_status":"open","template":"","meta":[],"product_brand":[2499],"product_cat":[1238,1444,1212],"product_tag":[2187],"class_list":{"0":"post-115251","1":"product","2":"type-product","3":"status-publish","4":"has-post-thumbnail","6":"product_brand-css-igniter","7":"product_cat-commerce-electronique-themes","8":"product_cat-creatif-commerce-electronique-themes","9":"product_cat-themes","10":"product_tag-css-igniter","11":"member-discount","12":"discount-restricted","14":"first","15":"instock","16":"sale","17":"downloadable","18":"virtual","19":"sold-individually","20":"purchasable","21":"product-type-simple"},"_links":{"self":[{"href":"https:\/\/gpl-love.com\/fr\/wp-json\/wp\/v2\/product\/115251","targetHints":{"allow":["GET"]}}],"collection":[{"href":"https:\/\/gpl-love.com\/fr\/wp-json\/wp\/v2\/product"}],"about":[{"href":"https:\/\/gpl-love.com\/fr\/wp-json\/wp\/v2\/types\/product"}],"replies":[{"embeddable":true,"href":"https:\/\/gpl-love.com\/fr\/wp-json\/wp\/v2\/comments?post=115251"}],"wp:featuredmedia":[{"embeddable":true,"href":"https:\/\/gpl-love.com\/fr\/wp-json\/wp\/v2\/media\/143468"}],"wp:attachment":[{"href":"https:\/\/gpl-love.com\/fr\/wp-json\/wp\/v2\/media?parent=115251"}],"wp:term":[{"taxonomy":"product_brand","embeddable":true,"href":"https:\/\/gpl-love.com\/fr\/wp-json\/wp\/v2\/product_brand?post=115251"},{"taxonomy":"product_cat","embeddable":true,"href":"https:\/\/gpl-love.com\/fr\/wp-json\/wp\/v2\/product_cat?post=115251"},{"taxonomy":"product_tag","embeddable":true,"href":"https:\/\/gpl-love.com\/fr\/wp-json\/wp\/v2\/product_tag?post=115251"}],"curies":[{"name":"wp","href":"https:\/\/api.w.org\/{rel}","templated":true}]}}