{"id":115250,"date":"2025-09-19T00:00:00","date_gmt":"2025-09-18T22:00:00","guid":{"rendered":"http:\/\/gpl-love.com\/fr\/produit\/css-igniter-mozzy-wordpress-theme\/"},"modified":"2026-03-20T22:59:45","modified_gmt":"2026-03-20T21:59:45","slug":"css-igniter-mozzy-wordpress-theme","status":"publish","type":"product","link":"https:\/\/gpl-love.com\/fr\/produit\/css-igniter-mozzy-wordpress-theme\/","title":{"rendered":"CSS Igniter Mozzy WordPress Theme 1.0.7"},"content":{"rendered":"<h3>CSS Igniter Mozzy WordPress Theme Traits<\/h3>\n<p>Le th\u00e8me de CSS Igniter Mozzy WordPress pr\u00e9sente un degr\u00e9 remarquable de polyvalence et de contemporan\u00e9it\u00e9, pr\u00e9sentant les utilisateurs avec un design \u00e9l\u00e9gant et \u00e9l\u00e9gant qui est tenu d&rsquo;am\u00e9liorer l&rsquo;attrait esth\u00e9tique global de leur site Web. Ce th\u00e8me poss\u00e8de une vaste gamme d&rsquo;options de personnalisation, permettant aux utilisateurs de fa\u00e7onner un site Web vraiment unique et personnalis\u00e9 qui r\u00e9pond \u00e0 leurs d\u00e9sirs et exigences sp\u00e9cifiques. De plus, la disposition r\u00e9active du th\u00e8me garantit une adaptabilit\u00e9 transparente \u00e0 divers appareils et tailles d&rsquo;\u00e9cran, garantissant ainsi que le site Web de son site Web maintient une apparence impeccable sur toutes les plateformes. De plus, le th\u00e8me Mozzy s&rsquo;int\u00e8gre de mani\u00e8re transparente \u00e0 une multitude de plugins populaires, y compris, mais sans s&rsquo;y limiter, WooCommerce et Contact Form 7, rendant ainsi le processus d&rsquo;incorporation de fonctionnalit\u00e9s de commerce \u00e9lectronique et de formulaires de contact dans son site Web une entreprise sans effort. Par cons\u00e9quent, ce th\u00e8me appara\u00eet comme un choix exceptionnel pour les blogueurs, les boutiques en ligne, les portefeuilles et les agences de cr\u00e9ation qui aspirent \u00e0 cultiver un site Web qui d\u00e9gage la modernit\u00e9 et le professionnalisme dans une \u00e9gale mesure.<\/p>\n<ul>\n<li>Conception de th\u00e8me WordPress moderne et accrocheur<\/li>\n<li>Construit avec la derni\u00e8re technologie CSS et HTML5 pour des performances optimales<\/li>\n<li>De nombreuses options de personnalisation, y compris les sch\u00e9mas de couleurs et les variations de disposition<\/li>\n<li>La conception sensible aux mobiles garantit que votre site Web a fi\u00e8re allure sur n&rsquo;importe quel appareil<\/li>\n<li>SEO optimis\u00e9 pour am\u00e9liorer le classement des moteurs de recherche et la visibilit\u00e9<\/li>\n<li>Int\u00e9gration WooCommerce pour la cr\u00e9ation facile d&rsquo;une boutique en ligne<\/li>\n<li>L&rsquo;importation de d\u00e9monstration en un clic permet une configuration rapide de votre site Web<\/li>\n<li>\u00c9quipe de support d\u00e9di\u00e9e disponible pour aider \u00e0 toute question ou probl\u00e8me<\/li>\n<li>Mises \u00e0 jour r\u00e9guli\u00e8res et corrections de bogues pour maintenir le th\u00e8me \u00e0 jour avec les derni\u00e8res exigences WordPress.<\/li>\n<\/ul>\n","protected":false},"excerpt":{"rendered":"<p>Le th\u00e8me CSS Igniter Mozzy WordPress est un choix polyvalent et dynamique pour tout projet de site Web. Ce th\u00e8me est parfait pour les cr\u00e9atifs, les entreprises et les pigistes qui cherchent \u00e0 pr\u00e9senter leur travail de mani\u00e8re \u00e9l\u00e9gante et professionnelle. Avec ses multiples options de mise en page, vous pouvez personnaliser votre site Web en fonction de votre style unique. Le th\u00e8me prend \u00e9galement en charge diff\u00e9rents formats de post, permettant une vari\u00e9t\u00e9 de types de contenu. La conception de haute qualit\u00e9 du th\u00e8me WordPress Mozzy assure une exp\u00e9rience utilisateur visuellement attrayante et r\u00e9active. De plus, il est livr\u00e9 avec un panneau d&rsquo;options de th\u00e8me puissant et facile \u00e0 utiliser, ce qui le rend incroyablement convivial m\u00eame pour les d\u00e9butants. Le th\u00e8me CSS Igniter Mozzy WordPress est un choix haut de gamme pour quiconque cherche \u00e0 enflammer sa pr\u00e9sence en ligne.<\/p>\n","protected":false},"featured_media":143467,"comment_status":"open","ping_status":"open","template":"","meta":[],"product_brand":[2499],"product_cat":[1516,1212,1213],"product_tag":[2187],"class_list":{"0":"post-115250","1":"product","2":"type-product","3":"status-publish","4":"has-post-thumbnail","6":"product_brand-css-igniter","7":"product_cat-entreprise","8":"product_cat-themes","9":"product_cat-wordpress-themes","10":"product_tag-css-igniter","11":"member-discount","12":"discount-restricted","14":"first","15":"instock","16":"sale","17":"downloadable","18":"virtual","19":"sold-individually","20":"purchasable","21":"product-type-simple"},"_links":{"self":[{"href":"https:\/\/gpl-love.com\/fr\/wp-json\/wp\/v2\/product\/115250","targetHints":{"allow":["GET"]}}],"collection":[{"href":"https:\/\/gpl-love.com\/fr\/wp-json\/wp\/v2\/product"}],"about":[{"href":"https:\/\/gpl-love.com\/fr\/wp-json\/wp\/v2\/types\/product"}],"replies":[{"embeddable":true,"href":"https:\/\/gpl-love.com\/fr\/wp-json\/wp\/v2\/comments?post=115250"}],"wp:featuredmedia":[{"embeddable":true,"href":"https:\/\/gpl-love.com\/fr\/wp-json\/wp\/v2\/media\/143467"}],"wp:attachment":[{"href":"https:\/\/gpl-love.com\/fr\/wp-json\/wp\/v2\/media?parent=115250"}],"wp:term":[{"taxonomy":"product_brand","embeddable":true,"href":"https:\/\/gpl-love.com\/fr\/wp-json\/wp\/v2\/product_brand?post=115250"},{"taxonomy":"product_cat","embeddable":true,"href":"https:\/\/gpl-love.com\/fr\/wp-json\/wp\/v2\/product_cat?post=115250"},{"taxonomy":"product_tag","embeddable":true,"href":"https:\/\/gpl-love.com\/fr\/wp-json\/wp\/v2\/product_tag?post=115250"}],"curies":[{"name":"wp","href":"https:\/\/api.w.org\/{rel}","templated":true}]}}