{"id":115247,"date":"2025-09-22T00:00:00","date_gmt":"2025-09-21T22:00:00","guid":{"rendered":"http:\/\/gpl-love.com\/fr\/produit\/css-igniter-milos-wordpress-theme\/"},"modified":"2026-03-20T22:59:43","modified_gmt":"2026-03-20T21:59:43","slug":"css-igniter-milos-wordpress-theme","status":"publish","type":"product","link":"https:\/\/gpl-love.com\/fr\/produit\/css-igniter-milos-wordpress-theme\/","title":{"rendered":"CSS Igniter Milos WordPress Theme 1.2.2"},"content":{"rendered":"<h3>CSS Igniter Milos WordPress Theme Traits<\/h3>\n<p>Le th\u00e8me WordPress Milos CSS Igniter Milos, avec son design \u00e9l\u00e9gant et moderne, est un choix id\u00e9al pour les blogueurs, les photographes et les professionnels de la cr\u00e9ation cherchant \u00e0 am\u00e9liorer leur pr\u00e9sence en ligne. B\u00e9n\u00e9ficiant d&rsquo;une image de fond en plein \u00e9cran captivant, d&rsquo;\u00e9l\u00e9ments de page d&rsquo;accueil personnalisables et d&rsquo;une disposition propre et minimaliste, Milos permet vraiment de briller votre contenu. De plus, ce th\u00e8me tr\u00e8s r\u00e9actif s&rsquo;int\u00e8gre parfaitement aux plugins recherch\u00e9s tels que WooCommerce et le formulaire de contact 7, facilitant l&rsquo;\u00e9tablissement d&rsquo;une boutique en ligne ou d&rsquo;un formulaire de contact avec la plus grande facilit\u00e9. Avec Milos \u00e0 votre disposition, vous pouvez \u00e9laborer sans effort un site Web visuellement \u00e9tonnant et parfaitement professionnel, m\u00eame si vous n&rsquo;avez pas de prouesses de codage ou d&rsquo;expertise en conception.<\/p>\n<ul>\n<li>Conception enti\u00e8rement r\u00e9active pour une visualisation optimale sur tous les appareils<\/li>\n<li>Construit sur la plate-forme WordPress puissante et conviviale<\/li>\n<li>Multipliers de page d&rsquo;accueil et options de personnalisation pour cr\u00e9er un site Web unique et personnalis\u00e9<\/li>\n<li>Builder de page de drag et de d\u00e9pression facile \u00e0 utiliser pour une personnalisation sans effort<\/li>\n<li>Widgets personnalisables et shortcodes pour des fonctionnalit\u00e9s et facilit\u00e9 d&rsquo;utilisation suppl\u00e9mentaires<\/li>\n<li>Options pour la disposition du blog, l&rsquo;affichage de portefeuille et d&rsquo;autres fonctionnalit\u00e9s de page, notamment des curseurs, des formats de publication, et plus<\/li>\n<li>Documentation compl\u00e8te et support client pour tous les besoins et questions des utilisateurs<\/li>\n<li>SEO optimis\u00e9 pour une visibilit\u00e9 maximale et un classement des moteurs de recherche<\/li>\n<li>Compatible avec les principaux plugins, notamment WooCommerce pour une int\u00e9gration de commerce \u00e9lectronique facile<\/li>\n<li>Mises \u00e0 jour et am\u00e9liorations r\u00e9guli\u00e8res pour assurer une fonctionnalit\u00e9 continue et une convivialit\u00e9.<\/li>\n<\/ul>\n","protected":false},"excerpt":{"rendered":"<p>Immerger votre public dans le monde de l&rsquo;hospitalit\u00e9 et de la restauration avec le th\u00e8me WordPress Milos CSS Igniter Milos. Ce th\u00e8me est sp\u00e9cialement con\u00e7u pour les restaurants, les caf\u00e9s et les bars, offrant une exp\u00e9rience en ligne gastronomique unique et gastronomique. Le th\u00e8me Milos WordPress est enti\u00e8rement personnalisable, vous permettant de faire correspondre votre site Web avec l&rsquo;identit\u00e9 de votre marque. Il prend en charge divers formats de publication et plusieurs mises en page, vous pouvez donc cr\u00e9er du contenu aussi divers que votre menu. Le th\u00e8me comprend \u00e9galement un formulaire de r\u00e9servation, parfait pour les entreprises qui souhaitent offrir une exp\u00e9rience de r\u00e9servation en douceur \u00e0 leurs clients. Ce th\u00e8me est convivial, garantissant que votre site Web se classera bien sur les moteurs de recherche. Avec sa conception r\u00e9active, votre site Web aura fi\u00e8re allure sur n&rsquo;importe quel appareil. CSS Igniter offre un support de premier ordre et des mises \u00e0 jour de th\u00e8me r\u00e9guli\u00e8res, en vous assurant que votre site se d\u00e9roule en douceur \u00e0 tout moment. Obtenez le th\u00e8me Milos WordPress et laissez votre pr\u00e9sence en ligne \u00eatre aussi incroyable que vos cr\u00e9ations culinaires.<\/p>\n","protected":false},"featured_media":143464,"comment_status":"open","ping_status":"open","template":"","meta":[],"product_brand":[2499],"product_cat":[1516,1212,1213],"product_tag":[2187],"class_list":{"0":"post-115247","1":"product","2":"type-product","3":"status-publish","4":"has-post-thumbnail","6":"product_brand-css-igniter","7":"product_cat-entreprise","8":"product_cat-themes","9":"product_cat-wordpress-themes","10":"product_tag-css-igniter","11":"member-discount","12":"discount-restricted","14":"first","15":"instock","16":"sale","17":"downloadable","18":"virtual","19":"sold-individually","20":"purchasable","21":"product-type-simple"},"_links":{"self":[{"href":"https:\/\/gpl-love.com\/fr\/wp-json\/wp\/v2\/product\/115247","targetHints":{"allow":["GET"]}}],"collection":[{"href":"https:\/\/gpl-love.com\/fr\/wp-json\/wp\/v2\/product"}],"about":[{"href":"https:\/\/gpl-love.com\/fr\/wp-json\/wp\/v2\/types\/product"}],"replies":[{"embeddable":true,"href":"https:\/\/gpl-love.com\/fr\/wp-json\/wp\/v2\/comments?post=115247"}],"wp:featuredmedia":[{"embeddable":true,"href":"https:\/\/gpl-love.com\/fr\/wp-json\/wp\/v2\/media\/143464"}],"wp:attachment":[{"href":"https:\/\/gpl-love.com\/fr\/wp-json\/wp\/v2\/media?parent=115247"}],"wp:term":[{"taxonomy":"product_brand","embeddable":true,"href":"https:\/\/gpl-love.com\/fr\/wp-json\/wp\/v2\/product_brand?post=115247"},{"taxonomy":"product_cat","embeddable":true,"href":"https:\/\/gpl-love.com\/fr\/wp-json\/wp\/v2\/product_cat?post=115247"},{"taxonomy":"product_tag","embeddable":true,"href":"https:\/\/gpl-love.com\/fr\/wp-json\/wp\/v2\/product_tag?post=115247"}],"curies":[{"name":"wp","href":"https:\/\/api.w.org\/{rel}","templated":true}]}}