{"id":115246,"date":"2025-09-22T00:00:00","date_gmt":"2025-09-21T22:00:00","guid":{"rendered":"http:\/\/gpl-love.com\/fr\/produit\/css-igniter-medi-wordpress-theme\/"},"modified":"2026-03-20T22:59:41","modified_gmt":"2026-03-20T21:59:41","slug":"css-igniter-medi-wordpress-theme","status":"publish","type":"product","link":"https:\/\/gpl-love.com\/fr\/produit\/css-igniter-medi-wordpress-theme\/","title":{"rendered":"CSS Igniter Medi WordPress Theme 1.1.8"},"content":{"rendered":"<h3>CSS Igniter Medi WordPress Theme Traits<\/h3>\n<p>Le th\u00e8me CSS Igniter Medi WordPress est un mod\u00e8le tr\u00e8s sophistiqu\u00e9 et contemporain qui a \u00e9t\u00e9 r\u00e9fl\u00e9chi pour amplifier la visibilit\u00e9 et l&rsquo;impact num\u00e9riques des m\u00e9decins et des \u00e9tablissements de sant\u00e9. En int\u00e9grant de mani\u00e8re transparente une pl\u00e9thore de possibilit\u00e9s de personnalisation, en englobant diverses dispositions, des palettes de couleurs et des assortiments de police, ce th\u00e8me exceptionnel permet aux utilisateurs de forger une pr\u00e9sence en ligne extraordinaire et exceptionnellement efficace. De plus, il est rempli d&rsquo;une gamme de fonctionnalit\u00e9s qui ont \u00e9t\u00e9 m\u00e9ticuleusement adapt\u00e9es pour r\u00e9pondre aux exigences et aux nuances uniques de l&rsquo;industrie des soins de sant\u00e9, y compris, mais sans s&rsquo;y limiter Ic\u00f4nes. Gr\u00e2ce \u00e0 son adaptabilit\u00e9 inh\u00e9rente et \u00e0 son interface conviviale, CSS Igniter Medi appara\u00eet comme un choix vraiment exceptionnel pour les personnes cherchant \u00e0 construire une plate-forme num\u00e9rique vraiment poli et captivante d\u00e9di\u00e9e au domaine de la m\u00e9decine.<\/p>\n<ul>\n<li>Un th\u00e8me WordPress premium con\u00e7u sp\u00e9cifiquement pour les sites Web m\u00e9dicaux et de sant\u00e9<\/li>\n<li>Flexible et facile \u00e0 utiliser, avec une vari\u00e9t\u00e9 d&rsquo;options de personnalisation disponibles<\/li>\n<li>Con\u00e7u pour \u00eatre r\u00e9actif et adapt\u00e9 aux mobiles, assurant une excellente exp\u00e9rience utilisateur sur n&rsquo;importe quel appareil<\/li>\n<li>Comprend une vari\u00e9t\u00e9 de mod\u00e8les de pages pr\u00e9-con\u00e7us, comme nous, nos services et nous contacter<\/li>\n<li>S&rsquo;int\u00e8gre facilement \u00e0 une vari\u00e9t\u00e9 de plugins WordPress populaires, y compris WooCommerce pour les ventes en ligne et le formulaire de contact 7 pour une communication facile avec les clients<\/li>\n<li>Con\u00e7u avec l&rsquo;optimisation des moteurs de recherche (SEO) \u00e0 l&rsquo;esprit, aidant votre site Web \u00e0 se classer plus haut dans les r\u00e9sultats des moteurs de recherche<\/li>\n<li>Comprend une documentation approfondie et un soutien de l&rsquo;\u00e9quipe CSS Igniter pour une facilit\u00e9 d&rsquo;utilisation et un d\u00e9pannage<\/li>\n<li>RECLUMENT MISE \u00c0 JOUR AVEC DE LA NOUVELLES DE NOUVELLES ET DES BOGES POUR ALIMENT LA MEILLEURE EXP\u00c9RIENCE D&rsquo;UTILISATEUR POSSIBLE.<\/li>\n<\/ul>\n","protected":false},"excerpt":{"rendered":"<p>D\u00e9couvrez la puissance et la flexibilit\u00e9 du th\u00e8me CSS Igniter Medi WordPress. Con\u00e7u sp\u00e9cifiquement pour les professionnels de la sant\u00e9, de la sant\u00e9 et du bien-\u00eatre, ce th\u00e8me offre une multitude de fonctionnalit\u00e9s essentielles. Il fournit un design propre et moderne qui est \u00e0 la fois r\u00e9actif et pr\u00eat pour la r\u00e9tine, garantissant que votre site semble vif sur tous les appareils. Le panneau d&rsquo;options de th\u00e8me avanc\u00e9 permet une personnalisation facile, vous pouvez donc ajuster les couleurs, les polices et les dispositions en fonction de votre marque. Le th\u00e8me Medi WordPress comprend \u00e9galement des widgets personnalis\u00e9s, un curseur pleine largeur et une optimisation SEO pour vous aider \u00e0 augmenter votre visibilit\u00e9 en ligne. Il prend en charge les plugins populaires comme WooCommerce pour les fonctionnalit\u00e9s de commerce \u00e9lectronique, les WPForms pour la cr\u00e9ation de formulaires et le r\u00e9f\u00e9rencement Yoast pour une optimisation am\u00e9lior\u00e9e du moteur de recherche. Profitez des avantages du support de premier ordre et de la documentation compl\u00e8te qui garantit une configuration et une utilisation transparentes. Am\u00e9liorez votre pr\u00e9sence en ligne avec le th\u00e8me CSS Igniter Medi WordPress.<\/p>\n","protected":false},"featured_media":143463,"comment_status":"open","ping_status":"open","template":"","meta":[],"product_brand":[2499],"product_cat":[1516,1212,1213],"product_tag":[2187],"class_list":{"0":"post-115246","1":"product","2":"type-product","3":"status-publish","4":"has-post-thumbnail","6":"product_brand-css-igniter","7":"product_cat-entreprise","8":"product_cat-themes","9":"product_cat-wordpress-themes","10":"product_tag-css-igniter","11":"member-discount","12":"discount-restricted","14":"first","15":"instock","16":"sale","17":"downloadable","18":"virtual","19":"sold-individually","20":"purchasable","21":"product-type-simple"},"_links":{"self":[{"href":"https:\/\/gpl-love.com\/fr\/wp-json\/wp\/v2\/product\/115246","targetHints":{"allow":["GET"]}}],"collection":[{"href":"https:\/\/gpl-love.com\/fr\/wp-json\/wp\/v2\/product"}],"about":[{"href":"https:\/\/gpl-love.com\/fr\/wp-json\/wp\/v2\/types\/product"}],"replies":[{"embeddable":true,"href":"https:\/\/gpl-love.com\/fr\/wp-json\/wp\/v2\/comments?post=115246"}],"wp:featuredmedia":[{"embeddable":true,"href":"https:\/\/gpl-love.com\/fr\/wp-json\/wp\/v2\/media\/143463"}],"wp:attachment":[{"href":"https:\/\/gpl-love.com\/fr\/wp-json\/wp\/v2\/media?parent=115246"}],"wp:term":[{"taxonomy":"product_brand","embeddable":true,"href":"https:\/\/gpl-love.com\/fr\/wp-json\/wp\/v2\/product_brand?post=115246"},{"taxonomy":"product_cat","embeddable":true,"href":"https:\/\/gpl-love.com\/fr\/wp-json\/wp\/v2\/product_cat?post=115246"},{"taxonomy":"product_tag","embeddable":true,"href":"https:\/\/gpl-love.com\/fr\/wp-json\/wp\/v2\/product_tag?post=115246"}],"curies":[{"name":"wp","href":"https:\/\/api.w.org\/{rel}","templated":true}]}}