{"id":115245,"date":"2025-09-22T00:00:00","date_gmt":"2025-09-21T22:00:00","guid":{"rendered":"http:\/\/gpl-love.com\/fr\/produit\/css-igniter-loge-woocommerce-theme\/"},"modified":"2026-03-20T22:59:40","modified_gmt":"2026-03-20T21:59:40","slug":"css-igniter-loge-woocommerce-theme","status":"publish","type":"product","link":"https:\/\/gpl-love.com\/fr\/produit\/css-igniter-loge-woocommerce-theme\/","title":{"rendered":"CSS Igniter Loge WooCommerce Theme 1.0.8"},"content":{"rendered":"<h3>CSS Igniter Loge WooCommerce Theme Traits<\/h3>\n<p>Le th\u00e8me CSS Igniter Loge WooCommerce, connu pour son esth\u00e9tique \u00e9l\u00e9gante et moderne, est une option id\u00e9ale pour les entreprises qui cherchent \u00e0 \u00e9tendre leur pr\u00e9sence en ligne en s&rsquo;aventurant dans le domaine du commerce \u00e9lectronique. Avec son accent exclusif sur WooCommerce, ce th\u00e8me rationalise le processus d&rsquo;\u00e9tablissement d&rsquo;une boutique en ligne, permettant rapidement le d\u00e9but des ventes de produits. Notamment, le th\u00e8me poss\u00e8de un design \u00e9pur\u00e9 et \u00e9l\u00e9gant, accentu\u00e9 par une page d&rsquo;accueil enti\u00e8rement personnalisable qui permet aux propri\u00e9taires d&rsquo;entreprise de montrer leurs produits et services de la mani\u00e8re la plus captivante possible. De plus, ce th\u00e8me englobe un \u00e9ventail de fonctionnalit\u00e9s, englobant un en-t\u00eate, un pied de page et une barre lat\u00e9raux hautement personnalisables. De plus, il s&rsquo;adapte \u00e0 diverses langues et devises, s&rsquo;adressant ainsi \u00e0 une client\u00e8le internationale plus large. En conclusion, le th\u00e8me CSS Igniter Loge WooCommerce excelle comme un excellent choix pour les entreprises qui aspirent \u00e0 renforcer leur pr\u00e9sence en ligne et \u00e0 augmenter leurs ventes.<\/p>\n<ul>\n<li>Design professionnel et \u00e9l\u00e9gant parfait pour toute boutique en ligne<\/li>\n<li>Enti\u00e8rement r\u00e9actif pour une visualisation optimale sur n&rsquo;importe quel appareil<\/li>\n<li>Options de mise en page personnalisables pour r\u00e9pondre aux besoins de votre marque et de votre produit<\/li>\n<li>Int\u00e9gration avec le plugin WooCommerce populaire pour une fonctionnalit\u00e9 de commerce \u00e9lectronique facile<\/li>\n<li>Plusieurs options de disposition de page d&rsquo;accueil \u00e0 choisir<\/li>\n<li>Int\u00e9gration des m\u00e9dias sociaux pour une promotion et un partage faciles<\/li>\n<li>Traduction pr\u00eate pour un public mondial<\/li>\n<li>Acc\u00e8s aux mises \u00e0 jour r\u00e9guli\u00e8res et au support client de CSS Igniter.<\/li>\n<\/ul>\n","protected":false},"excerpt":{"rendered":"<p>D\u00e9couvrez un m\u00e9lange unique de style et de fonctionnalit\u00e9s avec le th\u00e8me CSS Igniter Loge WooCommerce. Ce th\u00e8me est sp\u00e9cialement con\u00e7u avec des sites de commerce \u00e9lectronique \u00e0 l&rsquo;esprit, offrant un design \u00e9l\u00e9gant et moderne parfait pour pr\u00e9senter vos produits. Le th\u00e8me CSS Igniter Loge WooCommerce est facile \u00e0 naviguer, r\u00e9actif et enti\u00e8rement personnalisable, ce qui en fait un jeu d&rsquo;enfant un site Web qui refl\u00e8te vraiment votre marque. Il est \u00e9quip\u00e9 d&rsquo;une int\u00e9gration WooCommerce \u00e9tendue, ce qui signifie que vous pouvez cr\u00e9er sans effort une boutique en ligne, g\u00e9rer les stocks et traiter les commandes. Pour rendre votre site encore plus attrayant, le th\u00e8me prend \u00e9galement en charge divers formats de poste, des widgets personnalis\u00e9s et une large gamme d&rsquo;options de couleurs. Avec le th\u00e8me CSS Igniter Loge WooCommerce, vous pouvez cr\u00e9er une pr\u00e9sence en ligne convaincante qui attire les clients et stimule les ventes.<\/p>\n","protected":false},"featured_media":143462,"comment_status":"open","ping_status":"open","template":"","meta":[],"product_brand":[2499],"product_cat":[1238,1851,1212],"product_tag":[2187],"class_list":{"0":"post-115245","1":"product","2":"type-product","3":"status-publish","4":"has-post-thumbnail","6":"product_brand-css-igniter","7":"product_cat-commerce-electronique-themes","8":"product_cat-entreprise-commerce-electronique-themes","9":"product_cat-themes","10":"product_tag-css-igniter","11":"member-discount","12":"discount-restricted","14":"first","15":"instock","16":"sale","17":"downloadable","18":"virtual","19":"sold-individually","20":"purchasable","21":"product-type-simple"},"_links":{"self":[{"href":"https:\/\/gpl-love.com\/fr\/wp-json\/wp\/v2\/product\/115245","targetHints":{"allow":["GET"]}}],"collection":[{"href":"https:\/\/gpl-love.com\/fr\/wp-json\/wp\/v2\/product"}],"about":[{"href":"https:\/\/gpl-love.com\/fr\/wp-json\/wp\/v2\/types\/product"}],"replies":[{"embeddable":true,"href":"https:\/\/gpl-love.com\/fr\/wp-json\/wp\/v2\/comments?post=115245"}],"wp:featuredmedia":[{"embeddable":true,"href":"https:\/\/gpl-love.com\/fr\/wp-json\/wp\/v2\/media\/143462"}],"wp:attachment":[{"href":"https:\/\/gpl-love.com\/fr\/wp-json\/wp\/v2\/media?parent=115245"}],"wp:term":[{"taxonomy":"product_brand","embeddable":true,"href":"https:\/\/gpl-love.com\/fr\/wp-json\/wp\/v2\/product_brand?post=115245"},{"taxonomy":"product_cat","embeddable":true,"href":"https:\/\/gpl-love.com\/fr\/wp-json\/wp\/v2\/product_cat?post=115245"},{"taxonomy":"product_tag","embeddable":true,"href":"https:\/\/gpl-love.com\/fr\/wp-json\/wp\/v2\/product_tag?post=115245"}],"curies":[{"name":"wp","href":"https:\/\/api.w.org\/{rel}","templated":true}]}}