{"id":115244,"date":"2025-09-22T00:00:00","date_gmt":"2025-09-21T22:00:00","guid":{"rendered":"http:\/\/gpl-love.com\/fr\/produit\/css-igniter-listee-wordpress-theme\/"},"modified":"2026-03-20T22:59:39","modified_gmt":"2026-03-20T21:59:39","slug":"css-igniter-listee-wordpress-theme","status":"publish","type":"product","link":"https:\/\/gpl-love.com\/fr\/produit\/css-igniter-listee-wordpress-theme\/","title":{"rendered":"CSS Igniter Listee WordPress Theme 1.2.0"},"content":{"rendered":"<h3>CSS Igniter Listee WordPress Theme Traits<\/h3>\n<p>Le th\u00e8me WordPress de CSS Igniter Listee d\u00e9gage un sens du style et de la finesse, tout en offrant un haut niveau d&rsquo;intuitivit\u00e9, ce qui en fait le choix parfait pour ceux qui cherchent \u00e0 construire des r\u00e9pertoires, des listes et des classifications. Ce th\u00e8me exceptionnel offre une disposition \u00e9l\u00e9gante et contemporaine qui s&rsquo;int\u00e8gre de mani\u00e8re transparente \u00e0 la plate-forme WordPress, permettant ainsi aux utilisateurs de montrer sans effort leurs listes et de les g\u00e9rer efficacement. De plus, le th\u00e8me poss\u00e8de une vaste gamme d&rsquo;options de personnalisation, telles que plusieurs styles d&rsquo;en-t\u00eate, des widgets personnalis\u00e9s et un panneau d&rsquo;options de th\u00e8me robuste, qui permet aux utilisateurs de personnaliser presque toutes les facettes du th\u00e8me \u00e0 leur go\u00fbt. En outre, ce th\u00e8me reste tr\u00e8s accessible sur tous les appareils, en veillant \u00e0 ce que les listes puissent \u00eatre per\u00e7ues sans effort quel que soit le support. Avec ses fonctionnalit\u00e9s navigables sans effort et son interface conviviale, le th\u00e8me WordPress de CSS Igniter Listee repr\u00e9sente sans aucun doute un excellent choix pour ceux qui souhaitent construire un r\u00e9pertoire professionnel ou un site Web d&rsquo;annonces.<\/p>\n<ul>\n<li>Design r\u00e9actif et adapt\u00e9 \u00e0 mobile<\/li>\n<li>Plusieurs dispositions de page d&rsquo;accueil personnalisables<\/li>\n<li>Compatible avec les plugins WordPress populaires comme WooCommerce et Jetpack<\/li>\n<li>Int\u00e9gration int\u00e9gr\u00e9e des m\u00e9dias sociaux<\/li>\n<li>Widgets personnalis\u00e9s pour les publications en vedette, les publications populaires et plus<\/li>\n<li>Documentation du th\u00e8me \u00e9tendu et support client d\u00e9di\u00e9<\/li>\n<li>Option d&rsquo;importation de contenu de d\u00e9monstration en un clic<\/li>\n<li>Traduction pr\u00eate avec la compatibilit\u00e9 WPML<\/li>\n<li>SEO optimis\u00e9 pour un meilleur classement des moteurs de recherche<\/li>\n<li>Code propre et convivial pour une personnalisation facile<\/li>\n<li>Mises \u00e0 jour et am\u00e9liorations du th\u00e8me r\u00e9guli\u00e8res.<\/li>\n<\/ul>\n","protected":false},"excerpt":{"rendered":"<p>Le th\u00e8me WordPress CSS Igniter Listee est une plate-forme de pointe con\u00e7ue sp\u00e9cifiquement pour les r\u00e9pertoires d&rsquo;entreprise. Avec son interface conviviale, il permet aux utilisateurs de cr\u00e9er et de g\u00e9rer facilement les listes. Le th\u00e8me est enti\u00e8rement r\u00e9actif, ce qui signifie qu&rsquo;il s&rsquo;adapte automatiquement \u00e0 la taille de l&rsquo;\u00e9cran de n&rsquo;importe quel appareil, garantissant une exp\u00e9rience utilisateur optimale. La puissante fonctionnalit\u00e9 de recherche du th\u00e8me Listee aide les utilisateurs \u00e0 trouver ce dont ils ont besoin rapidement et sans effort. Il dispose \u00e9galement d&rsquo;une carte int\u00e9gr\u00e9e, permettant aux visiteurs de localiser visuellement les entreprises r\u00e9pertori\u00e9es. Ce th\u00e8me est optimis\u00e9 par le r\u00e9f\u00e9rencement pour augmenter la visibilit\u00e9 de votre site Web sur les moteurs de recherche, g\u00e9n\u00e9rant plus de trafic vers votre site. Avec des fonctionnalit\u00e9s personnalisables et une conception propre, le th\u00e8me WordPress Listete de CSS Igniter offre une solution transparente et efficace pour vos besoins d&rsquo;annuaire.<\/p>\n","protected":false},"featured_media":143461,"comment_status":"open","ping_status":"open","template":"","meta":[],"product_brand":[2499],"product_cat":[1242,1212,1213],"product_tag":[2187],"class_list":{"0":"post-115244","1":"product","2":"type-product","3":"status-publish","4":"has-post-thumbnail","6":"product_brand-css-igniter","7":"product_cat-creatif","8":"product_cat-themes","9":"product_cat-wordpress-themes","10":"product_tag-css-igniter","11":"member-discount","12":"discount-restricted","14":"first","15":"instock","16":"sale","17":"downloadable","18":"virtual","19":"sold-individually","20":"purchasable","21":"product-type-simple"},"_links":{"self":[{"href":"https:\/\/gpl-love.com\/fr\/wp-json\/wp\/v2\/product\/115244","targetHints":{"allow":["GET"]}}],"collection":[{"href":"https:\/\/gpl-love.com\/fr\/wp-json\/wp\/v2\/product"}],"about":[{"href":"https:\/\/gpl-love.com\/fr\/wp-json\/wp\/v2\/types\/product"}],"replies":[{"embeddable":true,"href":"https:\/\/gpl-love.com\/fr\/wp-json\/wp\/v2\/comments?post=115244"}],"wp:featuredmedia":[{"embeddable":true,"href":"https:\/\/gpl-love.com\/fr\/wp-json\/wp\/v2\/media\/143461"}],"wp:attachment":[{"href":"https:\/\/gpl-love.com\/fr\/wp-json\/wp\/v2\/media?parent=115244"}],"wp:term":[{"taxonomy":"product_brand","embeddable":true,"href":"https:\/\/gpl-love.com\/fr\/wp-json\/wp\/v2\/product_brand?post=115244"},{"taxonomy":"product_cat","embeddable":true,"href":"https:\/\/gpl-love.com\/fr\/wp-json\/wp\/v2\/product_cat?post=115244"},{"taxonomy":"product_tag","embeddable":true,"href":"https:\/\/gpl-love.com\/fr\/wp-json\/wp\/v2\/product_tag?post=115244"}],"curies":[{"name":"wp","href":"https:\/\/api.w.org\/{rel}","templated":true}]}}