{"id":115243,"date":"2025-09-24T00:00:00","date_gmt":"2025-09-23T22:00:00","guid":{"rendered":"http:\/\/gpl-love.com\/fr\/produit\/css-igniter-lense-wordpress-theme\/"},"modified":"2026-03-20T22:59:39","modified_gmt":"2026-03-20T21:59:39","slug":"css-igniter-lense-wordpress-theme","status":"publish","type":"product","link":"https:\/\/gpl-love.com\/fr\/produit\/css-igniter-lense-wordpress-theme\/","title":{"rendered":"CSS Igniter Lense WordPress Theme 1.2.2"},"content":{"rendered":"<h3>CSS Igniter Lense WordPress Theme Traits<\/h3>\n<p>Le th\u00e8me WordPress Lense CSS Igniter Lense, un th\u00e8me WordPress exceptionnellement de haute qualit\u00e9, a \u00e9t\u00e9 parfaitement con\u00e7u dans le but de montrer vos prouesses de photographie in\u00e9gal\u00e9es d&rsquo;une mani\u00e8re ind\u00e9niablement professionnelle et esth\u00e9tique. B\u00e9n\u00e9ficiant d&rsquo;un design exquis et raffin\u00e9, ce th\u00e8me offre \u00e9galement une vaste gamme d&rsquo;options de personnalisation, vous permettant de fa\u00e7onner un site Web \u00e0 la fois uniquement unique et adapt\u00e9 \u00e0 vos pr\u00e9f\u00e9rences personnelles. De plus, ce th\u00e8me est non seulement enti\u00e8rement r\u00e9actif mais \u00e9galement remarquablement adaptable \u00e0 divers appareils mobiles, garantissant ainsi que votre site Web semblera parfaitement \u00e9tonnant sur toutes les plateformes. De plus, avec un assortiment de fonctionnalit\u00e9s extraordinairement puissantes \u00e0 votre disposition, telles que la possibilit\u00e9 de cr\u00e9er un menu personnalis\u00e9, d&rsquo;incorporer un en-t\u00eate personnalis\u00e9 et d&rsquo;appliquer des options de fond personnalis\u00e9es, le th\u00e8me WordPress de l&rsquo;objectif de l&rsquo;allumage CSS vous permet de cultiver un tr\u00e8s captivant et professionnellement sophistiqu\u00e9 Site Web de photographie qui est s\u00fbr de captiver les clients potentiels, servant finalement de plate-forme id\u00e9ale pour pr\u00e9senter et mettre en \u00e9vidence vos comp\u00e9tences remarquables de la mani\u00e8re la plus exceptionnelle et extraordinaire imaginable.<\/p>\n<ul>\n<li>Design de site Web moderne et \u00e9l\u00e9gant<\/li>\n<li>Facile \u00e0 personnaliser avec de nombreuses options pour les sch\u00e9mas de couleurs, les dispositions et la typographie<\/li>\n<li>Construit avec une conception r\u00e9active pour vous assurer que votre site Web a fi\u00e8re allure sur n&rsquo;importe quel appareil<\/li>\n<li>Comprend un g\u00e9n\u00e9rateur de pages glisser-d\u00e9poser pour une personnalisation sans effort<\/li>\n<li>Comprend des mod\u00e8les pr\u00e9-con\u00e7us pour les pages, les publications et les \u00e9l\u00e9ments de portefeuille<\/li>\n<li>Comprend l&rsquo;int\u00e9gration avec les plugins WordPress populaires tels que WooCommerce et le formulaire de contact 7<\/li>\n<li>Le support d\u00e9di\u00e9 et les mises \u00e0 jour r\u00e9guli\u00e8res garantissent que votre site Web reste \u00e0 jour et fonctionne bien<\/li>\n<li>Compatible avec tous les principaux navigateurs, y compris Chrome, Firefox, Safari et Edge<\/li>\n<li>Optimisation des moteurs de recherche (SEO) convivial pour aider votre site Web \u00e0 se classer plus haut dans les moteurs de recherche<\/li>\n<li>Importation de d\u00e9monstration en un clic pour une installation rapide et facile et la configuration.<\/li>\n<\/ul>\n","protected":false},"excerpt":{"rendered":"<p>Immergez-vous dans le monde de la photographie avec le th\u00e8me WordPress Lense de CSS Igniter. Ce th\u00e8me est fait sur mesure pour les photographes, offrant une plate-forme unique et \u00e9l\u00e9gante pour pr\u00e9senter votre travail. Avec ses curseurs et ses galeries de photos, vos photos seront toujours \u00e0 leur meilleur. Le th\u00e8me Lense est compatible avec les navigateurs Web les plus populaires et enti\u00e8rement r\u00e9actifs, garantissant que votre portefeuille sera magnifique sur n&rsquo;importe quel appareil. Ses options de personnalisation faciles \u00e0 utiliser vous permettent de cr\u00e9er un site Web qui refl\u00e8te vraiment votre style et votre marque. De la palette de couleurs \u00e0 la typographie, vous pouvez modifier chaque d\u00e9tail \u00e0 votre go\u00fbt. Le th\u00e8me prend \u00e9galement en charge divers formats de publication, vous permettant de partager non seulement des images mais aussi des vid\u00e9os, des citations, des liens, etc. Le th\u00e8me Lense WordPress de CSS Igniter est un outil puissant pour tout photographe qui veut avoir un impact en ligne.<\/p>\n","protected":false},"featured_media":143460,"comment_status":"open","ping_status":"open","template":"","meta":[],"product_brand":[2499],"product_cat":[1242,1212,1213],"product_tag":[2187],"class_list":{"0":"post-115243","1":"product","2":"type-product","3":"status-publish","4":"has-post-thumbnail","6":"product_brand-css-igniter","7":"product_cat-creatif","8":"product_cat-themes","9":"product_cat-wordpress-themes","10":"product_tag-css-igniter","11":"member-discount","12":"discount-restricted","14":"first","15":"instock","16":"sale","17":"downloadable","18":"virtual","19":"sold-individually","20":"purchasable","21":"product-type-simple"},"_links":{"self":[{"href":"https:\/\/gpl-love.com\/fr\/wp-json\/wp\/v2\/product\/115243","targetHints":{"allow":["GET"]}}],"collection":[{"href":"https:\/\/gpl-love.com\/fr\/wp-json\/wp\/v2\/product"}],"about":[{"href":"https:\/\/gpl-love.com\/fr\/wp-json\/wp\/v2\/types\/product"}],"replies":[{"embeddable":true,"href":"https:\/\/gpl-love.com\/fr\/wp-json\/wp\/v2\/comments?post=115243"}],"wp:featuredmedia":[{"embeddable":true,"href":"https:\/\/gpl-love.com\/fr\/wp-json\/wp\/v2\/media\/143460"}],"wp:attachment":[{"href":"https:\/\/gpl-love.com\/fr\/wp-json\/wp\/v2\/media?parent=115243"}],"wp:term":[{"taxonomy":"product_brand","embeddable":true,"href":"https:\/\/gpl-love.com\/fr\/wp-json\/wp\/v2\/product_brand?post=115243"},{"taxonomy":"product_cat","embeddable":true,"href":"https:\/\/gpl-love.com\/fr\/wp-json\/wp\/v2\/product_cat?post=115243"},{"taxonomy":"product_tag","embeddable":true,"href":"https:\/\/gpl-love.com\/fr\/wp-json\/wp\/v2\/product_tag?post=115243"}],"curies":[{"name":"wp","href":"https:\/\/api.w.org\/{rel}","templated":true}]}}