{"id":115241,"date":"2023-01-25T00:00:00","date_gmt":"2023-01-24T23:00:00","guid":{"rendered":"http:\/\/gpl-love.com\/fr\/produit\/css-igniter-koehn-wordpress-theme\/"},"modified":"2026-03-20T22:59:37","modified_gmt":"2026-03-20T21:59:37","slug":"css-igniter-koehn-wordpress-theme","status":"publish","type":"product","link":"https:\/\/gpl-love.com\/fr\/produit\/css-igniter-koehn-wordpress-theme\/","title":{"rendered":"CSS Igniter Koehn WordPress Theme 1.3.3"},"content":{"rendered":"<h3>CSS Igniter Koehn WordPress Theme Traits<\/h3>\n<p>Le th\u00e8me CSS Igniter Koehn WordPress, avec sa nature contemporaine et multiforme, a \u00e9t\u00e9 m\u00e9ticuleusement con\u00e7u pour captiver non seulement les esprits cr\u00e9atifs mais aussi les individus ax\u00e9s sur les entreprises. Arborant un design \u00e9l\u00e9gant et minimaliste, Koehn propose des options de personnalisation transparentes et pr\u00e9sente une vaste gamme de fonctionnalit\u00e9s pr\u00e9install\u00e9es qui sont adapt\u00e9es pour \u00e9lever la visibilit\u00e9 de votre site Web. Assurant une adaptabilit\u00e9 optimale, ce th\u00e8me est enti\u00e8rement r\u00e9actif, garantissant un affichage impeccable sur un appareil donn\u00e9, tout en incorporant un puissant constructeur de pages \u00e0 glisser-d\u00e9poser, permettant m\u00eame aux individus non avertis non technologiques de g\u00e9n\u00e9rer sans effort des sites Web impressionnants. De plus, avec son int\u00e9gration transparente de WooCommerce et divers autres plugins recherch\u00e9s, Koehn appara\u00eet comme la solution par excellence pour ceux qui cherchent \u00e0 cr\u00e9er rapidement et sans effort sans effort un site Web qui d\u00e9gage le professionnalisme et la fonctionnalit\u00e9.<\/p>\n<ul>\n<li>Design moderne et professionnel pour les professionnels cr\u00e9atifs<\/li>\n<li>Enti\u00e8rement r\u00e9actif et optimis\u00e9 pour les appareils mobiles<\/li>\n<li>Options de personnalisation faciles avec le personnalisateur en direct int\u00e9gr\u00e9<\/li>\n<li>Plusieurs options de disposition, y compris les dispositions pleine largeur et en bo\u00eete<\/li>\n<li>Options de typographie am\u00e9lior\u00e9es avec plus de 600 polices Google incluses<\/li>\n<li>Int\u00e9gration avec des plugins populaires tels que WooCommerce, Contact Form 7 et Jetpack<\/li>\n<li>Importation de contenu de d\u00e9monstration en un clic pour une configuration facile<\/li>\n<li>Documentation compl\u00e8te et didacticiels vid\u00e9o inclus<\/li>\n<li>Support d\u00e9di\u00e9 de l&rsquo;\u00e9quipe CSS Igniter<\/li>\n<li>Mises \u00e0 jour r\u00e9guli\u00e8res et compatibilit\u00e9 avec les derni\u00e8res versions WordPress<\/li>\n<\/ul>\n","protected":false},"excerpt":{"rendered":"<p>D\u00e9couvrez la puissance et la flexibilit\u00e9 du th\u00e8me CSS Igniter Koehn WordPress. Ce th\u00e8me dynamique et convivial est parfait pour les entreprises qui cherchent \u00e0 avoir un impact en ligne. Avec son design \u00e9l\u00e9gant et ses fonctionnalit\u00e9s robustes, il vous permet de pr\u00e9senter votre travail de mani\u00e8re professionnelle et engageante.<\/p>\n<p>Les caract\u00e9ristiques cl\u00e9s incluent une conception r\u00e9active, des options de personnalisation \u00e9tendues et une compatibilit\u00e9 transparente avec les plugins populaires. La conception r\u00e9active garantit que votre site Web a fi\u00e8re allure sur n&rsquo;importe quel appareil, tandis que les options de personnalisation vous permettent de cr\u00e9er une pr\u00e9sence en ligne unique qui repr\u00e9sente vraiment votre marque. De plus, avec une compatibilit\u00e9 transparente, vous pouvez facilement int\u00e9grer les plugins populaires pour augmenter la fonctionnalit\u00e9 de votre site.<\/p>\n<p>Ce qui distingue le th\u00e8me CSS Igniter Koehn WordPress, c&rsquo;est l&rsquo;attention aux d\u00e9tails dans sa conception et son interface conviviale. Il est livr\u00e9 avec une vari\u00e9t\u00e9 de mod\u00e8les et de dispositions, ce qui vous permet de cr\u00e9er facilement l&rsquo;apparence et la sensation parfaites pour votre site Web.<\/p>\n<p>Que vous soyez un concepteur Web chevronn\u00e9 ou que vous d\u00e9butiez, le th\u00e8me CSS Igniter Koehn WordPress est facile \u00e0 utiliser<\/p>\n","protected":false},"featured_media":143458,"comment_status":"open","ping_status":"open","template":"","meta":[],"product_brand":[2499],"product_cat":[1516,1212,1213],"product_tag":[2187],"class_list":{"0":"post-115241","1":"product","2":"type-product","3":"status-publish","4":"has-post-thumbnail","6":"product_brand-css-igniter","7":"product_cat-entreprise","8":"product_cat-themes","9":"product_cat-wordpress-themes","10":"product_tag-css-igniter","11":"member-discount","12":"discount-restricted","14":"first","15":"instock","16":"sale","17":"downloadable","18":"virtual","19":"sold-individually","20":"purchasable","21":"product-type-simple"},"_links":{"self":[{"href":"https:\/\/gpl-love.com\/fr\/wp-json\/wp\/v2\/product\/115241","targetHints":{"allow":["GET"]}}],"collection":[{"href":"https:\/\/gpl-love.com\/fr\/wp-json\/wp\/v2\/product"}],"about":[{"href":"https:\/\/gpl-love.com\/fr\/wp-json\/wp\/v2\/types\/product"}],"replies":[{"embeddable":true,"href":"https:\/\/gpl-love.com\/fr\/wp-json\/wp\/v2\/comments?post=115241"}],"wp:featuredmedia":[{"embeddable":true,"href":"https:\/\/gpl-love.com\/fr\/wp-json\/wp\/v2\/media\/143458"}],"wp:attachment":[{"href":"https:\/\/gpl-love.com\/fr\/wp-json\/wp\/v2\/media?parent=115241"}],"wp:term":[{"taxonomy":"product_brand","embeddable":true,"href":"https:\/\/gpl-love.com\/fr\/wp-json\/wp\/v2\/product_brand?post=115241"},{"taxonomy":"product_cat","embeddable":true,"href":"https:\/\/gpl-love.com\/fr\/wp-json\/wp\/v2\/product_cat?post=115241"},{"taxonomy":"product_tag","embeddable":true,"href":"https:\/\/gpl-love.com\/fr\/wp-json\/wp\/v2\/product_tag?post=115241"}],"curies":[{"name":"wp","href":"https:\/\/api.w.org\/{rel}","templated":true}]}}