{"id":115240,"date":"2025-09-19T00:00:00","date_gmt":"2025-09-18T22:00:00","guid":{"rendered":"http:\/\/gpl-love.com\/fr\/produit\/css-igniter-hugo-woocommerce-theme\/"},"modified":"2026-03-20T22:59:36","modified_gmt":"2026-03-20T21:59:36","slug":"css-igniter-hugo-woocommerce-theme","status":"publish","type":"product","link":"https:\/\/gpl-love.com\/fr\/produit\/css-igniter-hugo-woocommerce-theme\/","title":{"rendered":"CSS Igniter Hugo Woocommerce Theme 1.2.0"},"content":{"rendered":"<h3>CSS Igniter Hugo Woocommerce Theme Traits<\/h3>\n<p>Le th\u00e8me CSS Igniter Hugo WooCommerce, une cr\u00e9ation impressionnante adapt\u00e9e aux magasins en ligne d\u00e9pendants de WooCommerce, se d\u00e9marque avec ses attributs remarquables. Il s&rsquo;adresse aux personnes \u00e0 la recherche d&rsquo;un design professionnel et contemporain qui r\u00e9pond sans effort \u00e0 leurs besoins de personnalisation et de facilit\u00e9 d&rsquo;utilisation. Avec sa disposition \u00e9l\u00e9gante et minimaliste, ce th\u00e8me sert de plate-forme id\u00e9ale pour pr\u00e9senter une vaste gamme de produits et services. De plus, sa r\u00e9activit\u00e9 compl\u00e8te garantit des performances optimales et un attrait visuel sur tous les appareils et tailles d&rsquo;\u00e9cran. En outre, l&rsquo;inclusion d&rsquo;options de personnalisation robustes permet aux utilisateurs d&rsquo;adapter leur site Web \u00e0 leurs pr\u00e9f\u00e9rences sp\u00e9cifiques. En fin de compte, le th\u00e8me CSS Igniter Hugo WooCommerce appara\u00eet comme un choix exceptionnel pour ceux qui souhaitent \u00e9tablir une boutique en ligne visuellement frappante et pleinement fonctionnelle.<\/p>\n<ul>\n<li>Une conception de site Web de commerce \u00e9lectronique tr\u00e8s r\u00e9actif et visuellement \u00e9tonnant<\/li>\n<li>Compatible avec le langage de mod\u00e8les Hugo pour des performances optimales et des options de personnalisation<\/li>\n<li>Construit sp\u00e9cifiquement pour une utilisation avec le plugin WooCommerce populaire et fiable<\/li>\n<li>Livr\u00e9 avec une vari\u00e9t\u00e9 de mod\u00e8les de page pr\u00e9d\u00e9finis pour une configuration et une personnalisation faciles<\/li>\n<li>Comprend une vari\u00e9t\u00e9 de fonctionnalit\u00e9s sp\u00e9cifiques au commerce \u00e9lectronique, telles que plusieurs options de paiement et d&rsquo;exp\u00e9dition<\/li>\n<li>Optimis\u00e9 pour les performances SEO et les temps de chargement rapide pour une meilleure exp\u00e9rience utilisateur<\/li>\n<li>Comprend une interface de personnalisation tr\u00e8s intuitive et conviviale pour des modifications de conception faciles<\/li>\n<li>Construit avec du code propre et organis\u00e9 pour une compatibilit\u00e9 optimale avec d&rsquo;autres plugins et th\u00e8mes<\/li>\n<li>R\u00e9guli\u00e8rement mis \u00e0 jour et pris en charge par l&rsquo;\u00e9quipe CSS Igniter pour des am\u00e9liorations et des corrections de bogues continues.<\/li>\n<\/ul>\n","protected":false},"excerpt":{"rendered":"<p>Stimulez les performances et l&rsquo;esth\u00e9tique de votre boutique en ligne avec le th\u00e8me CSS Igniter Hugo WooCommerce. Con\u00e7u avec pr\u00e9cision et cr\u00e9ativit\u00e9, ce th\u00e8me est parfait pour toutes sortes d&rsquo;entreprises qui cherchent \u00e0 faire leur marque en ligne. Le th\u00e8me Hugo offre une exp\u00e9rience de magasinage transparente, gr\u00e2ce \u00e0 sa compatibilit\u00e9 avec le c\u00e9l\u00e8bre plugin WooCommerce. Il est facile \u00e0 configurer et \u00e0 personnaliser, vous permettant d&rsquo;adapter votre site Web \u00e0 vos besoins commerciaux uniques. Ce th\u00e8me est r\u00e9actif, garantissant que votre site Web a fi\u00e8re allure sur tous les appareils, des ordinateurs de bureau aux t\u00e9l\u00e9phones mobiles. Il prend \u00e9galement en charge les plugins WordPress cl\u00e9s, am\u00e9liorant la fonctionnalit\u00e9 et l&rsquo;exp\u00e9rience utilisateur de votre site Web. Avec le th\u00e8me CSS Igniter Hugo WooCommerce, vous pouvez cr\u00e9er une boutique en ligne \u00e9l\u00e9gante et conviviale qui attire et engage efficacement les clients. Ne manquez pas cette occasion d&rsquo;\u00e9lever votre pr\u00e9sence en ligne!<\/p>\n","protected":false},"featured_media":143457,"comment_status":"open","ping_status":"open","template":"","meta":[],"product_brand":[2499],"product_cat":[1238,1444,1212],"product_tag":[2187],"class_list":{"0":"post-115240","1":"product","2":"type-product","3":"status-publish","4":"has-post-thumbnail","6":"product_brand-css-igniter","7":"product_cat-commerce-electronique-themes","8":"product_cat-creatif-commerce-electronique-themes","9":"product_cat-themes","10":"product_tag-css-igniter","11":"member-discount","12":"discount-restricted","14":"first","15":"instock","16":"sale","17":"downloadable","18":"virtual","19":"sold-individually","20":"purchasable","21":"product-type-simple"},"_links":{"self":[{"href":"https:\/\/gpl-love.com\/fr\/wp-json\/wp\/v2\/product\/115240","targetHints":{"allow":["GET"]}}],"collection":[{"href":"https:\/\/gpl-love.com\/fr\/wp-json\/wp\/v2\/product"}],"about":[{"href":"https:\/\/gpl-love.com\/fr\/wp-json\/wp\/v2\/types\/product"}],"replies":[{"embeddable":true,"href":"https:\/\/gpl-love.com\/fr\/wp-json\/wp\/v2\/comments?post=115240"}],"wp:featuredmedia":[{"embeddable":true,"href":"https:\/\/gpl-love.com\/fr\/wp-json\/wp\/v2\/media\/143457"}],"wp:attachment":[{"href":"https:\/\/gpl-love.com\/fr\/wp-json\/wp\/v2\/media?parent=115240"}],"wp:term":[{"taxonomy":"product_brand","embeddable":true,"href":"https:\/\/gpl-love.com\/fr\/wp-json\/wp\/v2\/product_brand?post=115240"},{"taxonomy":"product_cat","embeddable":true,"href":"https:\/\/gpl-love.com\/fr\/wp-json\/wp\/v2\/product_cat?post=115240"},{"taxonomy":"product_tag","embeddable":true,"href":"https:\/\/gpl-love.com\/fr\/wp-json\/wp\/v2\/product_tag?post=115240"}],"curies":[{"name":"wp","href":"https:\/\/api.w.org\/{rel}","templated":true}]}}