{"id":115239,"date":"2023-01-24T00:00:00","date_gmt":"2023-01-23T23:00:00","guid":{"rendered":"http:\/\/gpl-love.com\/fr\/produit\/css-igniter-herringbone-woocommerce-theme\/"},"modified":"2026-03-20T22:59:35","modified_gmt":"2026-03-20T21:59:35","slug":"css-igniter-herringbone-woocommerce-theme","status":"publish","type":"product","link":"https:\/\/gpl-love.com\/fr\/produit\/css-igniter-herringbone-woocommerce-theme\/","title":{"rendered":"CSS Igniter Herringbone Woocommerce Theme 2.7.11"},"content":{"rendered":"<h3>CSS Igniter Herringbone Woocommerce Theme Traits<\/h3>\n<p>Le th\u00e8me WooCommerce de Herringbone CSS Igniter est un th\u00e8me de commerce \u00e9lectronique exquis sp\u00e9cialement con\u00e7u pour r\u00e9pondre aux d\u00e9taillants de mode en ligne, garantissant que leurs vitrines virtuelles d\u00e9gagent l&rsquo;\u00e9l\u00e9gance et la sophistication. B\u00e9n\u00e9ficiant d&rsquo;un motif de chevrons complexe et d&rsquo;une disposition contemporaine \u00e9l\u00e9gante, ce th\u00e8me poss\u00e8de la capacit\u00e9 inn\u00e9e \u00e0 captiver les clients et \u00e0 renforcer les ventes. La gamme d&rsquo;options personnalisables du th\u00e8me permet aux utilisateurs d&rsquo;adapter leurs magasins en ligne en fonction de leurs pr\u00e9f\u00e9rences uniques, offrant un assortiment de sch\u00e9mas de couleurs, des widgets personnalis\u00e9s et un panneau d&rsquo;options de th\u00e8me robuste qui simplifie le processus de personnalisation de sa boutique virtuelle. De plus, la r\u00e9activit\u00e9 in\u00e9branlable de ce th\u00e8me garantit une exp\u00e9rience de navigation visuellement \u00e9tonnante et sans couture sur tous les appareils, que ce soit un ordinateur de bureau ou un appareil mobile portable. De plus, avec son int\u00e9gration transparente avec WooCommerce, la gestion et l&rsquo;\u00e9tablissement d&rsquo;une boutique en ligne devient une entreprise sans tracas. Que vous soyez un entrepreneur en herbe qui se lance dans votre premi\u00e8re entreprise de commerce \u00e9lectronique ou un marchand en ligne \u00e9tabli cherchant \u00e0 augmenter votre emporium num\u00e9rique pr\u00e9existant, embrasser le th\u00e8me WooCommerce de HaRringbone CSS \u00e0 l&rsquo;allumeur est une d\u00e9cision extraordinaire qui promet un succ\u00e8s in\u00e9gal\u00e9.<\/p>\n<ul>\n<li>Th\u00e8me WooCommerce de qualit\u00e9 sup\u00e9rieure<\/li>\n<li>Design \u00e9l\u00e9gant et moderne<\/li>\n<li>Parfait pour les magasins de mode, de bijoux ou de cosm\u00e9tiques<\/li>\n<li>Construit avec CSS3 et HTML5 pour des performances maximales<\/li>\n<li>Comprend un panneau d&rsquo;options de th\u00e8me puissant pour une personnalisation facile<\/li>\n<li>Conception enti\u00e8rement r\u00e9active pour une visualisation optimale sur tous les appareils<\/li>\n<li>Temps de chargement rapide pour une exp\u00e9rience utilisateur am\u00e9lior\u00e9e<\/li>\n<li>Compatible avec des plugins populaires comme Jetpack, Contact Form 7 et WP SEO par Yoast<\/li>\n<li>Comprend une documentation d\u00e9taill\u00e9e et le soutien de l&rsquo;\u00e9quipe d&rsquo;allumage CSS<\/li>\n<li>Mises \u00e0 jour et am\u00e9liorations r\u00e9guli\u00e8res pour assurer une compatibilit\u00e9 continue et une fonctionnalit\u00e9.<\/li>\n<\/ul>\n","protected":false},"excerpt":{"rendered":"<p>Pr\u00e9sentation du th\u00e8me WooCommerce \u00e0 chevrons par CSS Igniter. Ce th\u00e8me r\u00e9actif et adapt\u00e9 \u00e0 SEO est parfait pour votre boutique de v\u00eatements en ligne. Le th\u00e8me \u00e0 chevrons pr\u00e9sente un design \u00e9tonnant facilement personnalisable et une interface conviviale qui est parfaite pour les constructeurs de sites Web novices et exp\u00e9riment\u00e9s. Ce th\u00e8me est \u00e9galement compatible avec WooCommerce, ce qui rend un jeu d&rsquo;enfant \u00e0 g\u00e9rer tous vos besoins de commerce \u00e9lectronique. Avec ses temps de chargement rapides et sa compatibilit\u00e9 entre les navigateurs, vous pouvez \u00eatre s\u00fbr que votre site Web sera consacr\u00e9 et performant sur n&rsquo;importe quel appareil. Le th\u00e8me WooCommerce \u00e0 chevrons comprend \u00e9galement une vari\u00e9t\u00e9 de widgets personnalisables, ce qui facilite l&rsquo;ajout de touches uniques \u00e0 votre site. Le th\u00e8me propose \u00e9galement des mises \u00e0 jour r\u00e9guli\u00e8res et un support d\u00e9di\u00e9 de CSS Igniter, vous aurez donc toujours la version la plus \u00e0 jour. Boostez votre pr\u00e9sence en ligne avec le th\u00e8me WooCommerce de HaRringbone par CSS Igniter.<\/p>\n","protected":false},"featured_media":143456,"comment_status":"open","ping_status":"open","template":"","meta":[],"product_brand":[2499],"product_cat":[1238,1444,1212],"product_tag":[2187],"class_list":{"0":"post-115239","1":"product","2":"type-product","3":"status-publish","4":"has-post-thumbnail","6":"product_brand-css-igniter","7":"product_cat-commerce-electronique-themes","8":"product_cat-creatif-commerce-electronique-themes","9":"product_cat-themes","10":"product_tag-css-igniter","11":"member-discount","12":"discount-restricted","14":"first","15":"instock","16":"sale","17":"downloadable","18":"virtual","19":"sold-individually","20":"purchasable","21":"product-type-simple"},"_links":{"self":[{"href":"https:\/\/gpl-love.com\/fr\/wp-json\/wp\/v2\/product\/115239","targetHints":{"allow":["GET"]}}],"collection":[{"href":"https:\/\/gpl-love.com\/fr\/wp-json\/wp\/v2\/product"}],"about":[{"href":"https:\/\/gpl-love.com\/fr\/wp-json\/wp\/v2\/types\/product"}],"replies":[{"embeddable":true,"href":"https:\/\/gpl-love.com\/fr\/wp-json\/wp\/v2\/comments?post=115239"}],"wp:featuredmedia":[{"embeddable":true,"href":"https:\/\/gpl-love.com\/fr\/wp-json\/wp\/v2\/media\/143456"}],"wp:attachment":[{"href":"https:\/\/gpl-love.com\/fr\/wp-json\/wp\/v2\/media?parent=115239"}],"wp:term":[{"taxonomy":"product_brand","embeddable":true,"href":"https:\/\/gpl-love.com\/fr\/wp-json\/wp\/v2\/product_brand?post=115239"},{"taxonomy":"product_cat","embeddable":true,"href":"https:\/\/gpl-love.com\/fr\/wp-json\/wp\/v2\/product_cat?post=115239"},{"taxonomy":"product_tag","embeddable":true,"href":"https:\/\/gpl-love.com\/fr\/wp-json\/wp\/v2\/product_tag?post=115239"}],"curies":[{"name":"wp","href":"https:\/\/api.w.org\/{rel}","templated":true}]}}