{"id":115238,"date":"2023-01-28T00:00:00","date_gmt":"2023-01-27T23:00:00","guid":{"rendered":"http:\/\/gpl-love.com\/fr\/produit\/css-igniter-hellomouse-wordpress-theme\/"},"modified":"2026-03-20T22:59:35","modified_gmt":"2026-03-20T21:59:35","slug":"css-igniter-hellomouse-wordpress-theme","status":"publish","type":"product","link":"https:\/\/gpl-love.com\/fr\/produit\/css-igniter-hellomouse-wordpress-theme\/","title":{"rendered":"CSS Igniter Hellomouse WordPress Theme 1.1.1"},"content":{"rendered":"<h3>CSS Igniter Hellomouse WordPress Theme Traits<\/h3>\n<p>Le th\u00e8me WordPress Hellomouse de CSS Igniter Hellomouse, avec son design visuellement \u00e9tonnant et r\u00e9actif, est sur mesure pour les blogueurs et les personnes cr\u00e9atives qui cherchent \u00e0 rendre leurs sites Web vraiment distinctifs. Offrant un m\u00e9lange transparent de propret\u00e9 et de modernit\u00e9, ce th\u00e8me pr\u00e9sente une abondance d&rsquo;\u00e9l\u00e9ments personnalisables et un \u00e9ventail de fonctionnalit\u00e9s, permettant aux utilisateurs de fa\u00e7onner une pr\u00e9sence en ligne qui est non seulement convaincante mais aussi unique. En mettant l&rsquo;accent sur la convivialit\u00e9 des utilisateurs, ce th\u00e8me poss\u00e8de une gamme compl\u00e8te d&rsquo;options de personnalisation, englobant divers sch\u00e9mas de couleurs, des choix de polices et la capacit\u00e9 d&rsquo;incorporer des CS personnalis\u00e9s. De plus, le th\u00e8me priorise l&rsquo;optimisation des moteurs de recherche, garantissant des classements optimaux, tout en offrant simultan\u00e9ment une myriade de possibilit\u00e9s de mise en page qui sont id\u00e9alement adapt\u00e9es aux blogueurs, aux entreprises et \u00e0 d&rsquo;autres professionnels du domaine cr\u00e9atif. En somme, le th\u00e8me WordPress Hellomouse CSS Igniter Hellomouse appara\u00eet comme une option exceptionnelle pour tous ceux qui visant \u00e0 forger un site Web remarquable et captivant dans les limites de la plate-forme WordPress.<\/p>\n<ul>\n<li>Design moderne et \u00e9l\u00e9gant qui est parfait pour les professionnels cr\u00e9atifs<\/li>\n<li>Options de personnalisation faciles pour rendre le th\u00e8me uniquement le v\u00f4tre<\/li>\n<li>Conception enti\u00e8rement r\u00e9active qui a fi\u00e8re allure sur tous les appareils<\/li>\n<li>Un large \u00e9ventail de mod\u00e8les pr\u00e9-con\u00e7us \u00e0 choisir<\/li>\n<li>Options de disposition flexibles et zones de widget multiples pour une flexibilit\u00e9 ultime<\/li>\n<li>Optimisation du r\u00e9f\u00e9rencement pour vous assurer que votre site est facilement trouv\u00e9 par les moteurs de recherche<\/li>\n<li>Temps de chargement rapide pour minimiser les temps de chargement des pages et am\u00e9liorer l&rsquo;exp\u00e9rience utilisateur globale<\/li>\n<li>Documentation compl\u00e8te et soutien 24\/7 pour s&rsquo;assurer que les probl\u00e8mes sont rapidement r\u00e9solus<\/li>\n<li>Mises \u00e0 jour \u00e0 vie pour garder votre site frais et moderne pour les ann\u00e9es \u00e0 venir<\/li>\n<\/ul>\n","protected":false},"excerpt":{"rendered":"<p>D\u00e9couvrez une conception Web puissante et unique avec le th\u00e8me WordPress Hellomouse de CSS Igniter Hellomouse. Id\u00e9al pour les professionnels cr\u00e9atifs et les blogueurs, ce th\u00e8me combine la beaut\u00e9 et les fonctionnalit\u00e9s pour faire ressortir votre site Web. Hellomouse propose un design propre et minimaliste qui est enti\u00e8rement r\u00e9actif et personnalisable. Avec son int\u00e9gration transparente avec WordPress, vous pouvez facilement configurer et g\u00e9rer votre site Web. Ce th\u00e8me prend \u00e9galement en charge une vari\u00e9t\u00e9 de formats de post, vous permettant de pr\u00e9senter votre contenu de la meilleure fa\u00e7on possible. L&rsquo;une de ses principales caract\u00e9ristiques est sa disposition de grille, qui peut \u00eatre facilement ajust\u00e9e en fonction de vos besoins. Il comprend \u00e9galement un panneau d&rsquo;options puissant, vous permettant de modifier chaque d\u00e9tail \u00e0 votre go\u00fbt. De plus, Hellomouse est optimis\u00e9 SEO, vous offrant un outil pr\u00e9cieux pour stimuler votre pr\u00e9sence en ligne. Que vous soyez un novice ou un concepteur Web expert, le th\u00e8me WordPress de CSS Igniter Hellomouse propose une plate-forme intuitive et conviviale pour cr\u00e9er un site Web visuellement attrayant et tr\u00e8s fonctionnel.<\/p>\n","protected":false},"featured_media":143455,"comment_status":"open","ping_status":"open","template":"","meta":[],"product_brand":[2499],"product_cat":[1242,1212,1213],"product_tag":[2187],"class_list":{"0":"post-115238","1":"product","2":"type-product","3":"status-publish","4":"has-post-thumbnail","6":"product_brand-css-igniter","7":"product_cat-creatif","8":"product_cat-themes","9":"product_cat-wordpress-themes","10":"product_tag-css-igniter","11":"member-discount","12":"discount-restricted","14":"first","15":"instock","16":"sale","17":"downloadable","18":"virtual","19":"sold-individually","20":"purchasable","21":"product-type-simple"},"_links":{"self":[{"href":"https:\/\/gpl-love.com\/fr\/wp-json\/wp\/v2\/product\/115238","targetHints":{"allow":["GET"]}}],"collection":[{"href":"https:\/\/gpl-love.com\/fr\/wp-json\/wp\/v2\/product"}],"about":[{"href":"https:\/\/gpl-love.com\/fr\/wp-json\/wp\/v2\/types\/product"}],"replies":[{"embeddable":true,"href":"https:\/\/gpl-love.com\/fr\/wp-json\/wp\/v2\/comments?post=115238"}],"wp:featuredmedia":[{"embeddable":true,"href":"https:\/\/gpl-love.com\/fr\/wp-json\/wp\/v2\/media\/143455"}],"wp:attachment":[{"href":"https:\/\/gpl-love.com\/fr\/wp-json\/wp\/v2\/media?parent=115238"}],"wp:term":[{"taxonomy":"product_brand","embeddable":true,"href":"https:\/\/gpl-love.com\/fr\/wp-json\/wp\/v2\/product_brand?post=115238"},{"taxonomy":"product_cat","embeddable":true,"href":"https:\/\/gpl-love.com\/fr\/wp-json\/wp\/v2\/product_cat?post=115238"},{"taxonomy":"product_tag","embeddable":true,"href":"https:\/\/gpl-love.com\/fr\/wp-json\/wp\/v2\/product_tag?post=115238"}],"curies":[{"name":"wp","href":"https:\/\/api.w.org\/{rel}","templated":true}]}}