{"id":115237,"date":"2023-01-24T00:00:00","date_gmt":"2023-01-23T23:00:00","guid":{"rendered":"http:\/\/gpl-love.com\/fr\/produit\/css-igniter-flevr-woocommerce-theme\/"},"modified":"2026-03-20T22:59:34","modified_gmt":"2026-03-20T21:59:34","slug":"css-igniter-flevr-woocommerce-theme","status":"publish","type":"product","link":"https:\/\/gpl-love.com\/fr\/produit\/css-igniter-flevr-woocommerce-theme\/","title":{"rendered":"CSS Igniter Flevr Woocommerce Theme 2.3.8"},"content":{"rendered":"<h3>CSS Igniter Flevr Woocommerce Theme Traits<\/h3>\n<p>Le th\u00e8me WooCommerce Flevr de CSS Igniter se pr\u00e9sente comme une alternative exceptionnellement viable pour ceux qui cherchent \u00e0 \u00e9tablir une boutique en ligne sophistiqu\u00e9e et polie. B\u00e9n\u00e9ficiant d&rsquo;une gamme diversifi\u00e9e de fonctionnalit\u00e9s personnalisables, ce th\u00e8me offre aux utilisateurs la possibilit\u00e9 de montrer leurs produits de mani\u00e8re captivante et esth\u00e9tique. De plus, la compatibilit\u00e9 int\u00e9gr\u00e9e de mani\u00e8re transparente avec WooCommerce facilite la gestion sans effort des stocks, des commandes et des exp\u00e9ditions, garantissant ainsi une op\u00e9ration rationalis\u00e9e et efficace pour son magasin. L&rsquo;inclusion d&rsquo;une conception r\u00e9active garantit en outre que le magasin d\u00e9gagera une apparence impeccable sur tous les appareils, tandis que l&rsquo;interface conviviale simplifie le processus de configuration et d&rsquo;adaptation du magasin \u00e0 son go\u00fbt. Quelle que soit la comp\u00e9tence dans le domaine de la vente au d\u00e9tail en ligne, le th\u00e8me FLEVR appara\u00eet comme le choix par excellence pour construire une boutique en ligne visuellement frappante et tr\u00e8s fonctionnelle.<\/p>\n<ul>\n<li>Un th\u00e8me de commerce \u00e9lectronique \u00e9l\u00e9gant et moderne con\u00e7u pour une utilisation sur la plate-forme WooCommerce<\/li>\n<li>Options de couleurs personnalisables et param\u00e8tres de typographie pour correspondre \u00e0 votre marque et \u00e0 votre style<\/li>\n<li>Comprend plusieurs options de disposition de page d&rsquo;accueil et de page d&rsquo;atelier pour un look et une sensation uniques<\/li>\n<li>Widget Instagram int\u00e9gr\u00e9 pour une int\u00e9gration facile des m\u00e9dias sociaux et une promotion de produits<\/li>\n<li>Syst\u00e8me de r\u00e9vision et de notations de produits int\u00e9gr\u00e9s pour les commentaires et l&rsquo;engagement des clients<\/li>\n<li>Conception enti\u00e8rement r\u00e9active pour une exp\u00e9rience d&rsquo;achat sans couture sur n&rsquo;importe quel appareil<\/li>\n<li>Compatible avec des plugins populaires comme Yoast SEO, WPML et Contact Form 7<\/li>\n<li>Comprend une documentation d\u00e9taill\u00e9e et un support fiable de l&rsquo;\u00e9quipe CSS Igniter.<\/li>\n<\/ul>\n","protected":false},"excerpt":{"rendered":"<p>\u00c9levez l&rsquo;esth\u00e9tique et les fonctionnalit\u00e9s de votre boutique en ligne avec le th\u00e8me CSS Igniter Flevr WooCommerce. Ce th\u00e8me est con\u00e7u sp\u00e9cifiquement pour WooCommerce, la plate-forme de commerce \u00e9lectronique la plus populaire au monde, offrant une int\u00e9gration transparente et une multitude de fonctionnalit\u00e9s puissantes. Avec FLEVR, vous pouvez facilement personnaliser l&rsquo;apparence de votre site pour refl\u00e9ter la personnalit\u00e9 et la vision uniques de votre marque.<\/p>\n<p>Le th\u00e8me est pr\u00e9emball\u00e9 avec une vari\u00e9t\u00e9 de dispositions personnalisables, vous permettant de cr\u00e9er une exp\u00e9rience d&rsquo;achat vraiment unique pour vos clients. Des pages de produits aux paniers d&rsquo;achat, tous les aspects de votre magasin de commerce \u00e9lectronique peuvent \u00eatre adapt\u00e9s \u00e0 vos besoins sp\u00e9cifiques.<\/p>\n<p>Attirez plus de clients avec la superbe conception visuelle de FLEVR. Le th\u00e8me int\u00e8gre des principes de conception modernes, garantissant que votre site est \u00e9l\u00e9gant, professionnel et accueillant. Les images haute d\u00e9finition et la conception r\u00e9active garantissent que votre site a fi\u00e8re allure sur n&rsquo;importe quel appareil, des ordinateurs de bureau aux smartphones.<\/p>\n<p>Ne vous inqui\u00e9tez pas que les probl\u00e8mes techniques vous ralentissent. FLEVR est construit sur CSS Igniter, une plate-forme robuste et fiable connue pour sa vitesse<\/p>\n","protected":false},"featured_media":143454,"comment_status":"open","ping_status":"open","template":"","meta":[],"product_brand":[2499],"product_cat":[1238,1851,1212],"product_tag":[2187],"class_list":{"0":"post-115237","1":"product","2":"type-product","3":"status-publish","4":"has-post-thumbnail","6":"product_brand-css-igniter","7":"product_cat-commerce-electronique-themes","8":"product_cat-entreprise-commerce-electronique-themes","9":"product_cat-themes","10":"product_tag-css-igniter","11":"member-discount","12":"discount-restricted","14":"first","15":"instock","16":"sale","17":"downloadable","18":"virtual","19":"sold-individually","20":"purchasable","21":"product-type-simple"},"_links":{"self":[{"href":"https:\/\/gpl-love.com\/fr\/wp-json\/wp\/v2\/product\/115237","targetHints":{"allow":["GET"]}}],"collection":[{"href":"https:\/\/gpl-love.com\/fr\/wp-json\/wp\/v2\/product"}],"about":[{"href":"https:\/\/gpl-love.com\/fr\/wp-json\/wp\/v2\/types\/product"}],"replies":[{"embeddable":true,"href":"https:\/\/gpl-love.com\/fr\/wp-json\/wp\/v2\/comments?post=115237"}],"wp:featuredmedia":[{"embeddable":true,"href":"https:\/\/gpl-love.com\/fr\/wp-json\/wp\/v2\/media\/143454"}],"wp:attachment":[{"href":"https:\/\/gpl-love.com\/fr\/wp-json\/wp\/v2\/media?parent=115237"}],"wp:term":[{"taxonomy":"product_brand","embeddable":true,"href":"https:\/\/gpl-love.com\/fr\/wp-json\/wp\/v2\/product_brand?post=115237"},{"taxonomy":"product_cat","embeddable":true,"href":"https:\/\/gpl-love.com\/fr\/wp-json\/wp\/v2\/product_cat?post=115237"},{"taxonomy":"product_tag","embeddable":true,"href":"https:\/\/gpl-love.com\/fr\/wp-json\/wp\/v2\/product_tag?post=115237"}],"curies":[{"name":"wp","href":"https:\/\/api.w.org\/{rel}","templated":true}]}}