{"id":115236,"date":"2023-08-02T00:00:00","date_gmt":"2023-08-01T22:00:00","guid":{"rendered":"http:\/\/gpl-love.com\/fr\/produit\/css-igniter-factum-wordpress-theme\/"},"modified":"2026-03-20T22:59:32","modified_gmt":"2026-03-20T21:59:32","slug":"css-igniter-factum-wordpress-theme","status":"publish","type":"product","link":"https:\/\/gpl-love.com\/fr\/produit\/css-igniter-factum-wordpress-theme\/","title":{"rendered":"CSS Igniter Factum WordPress Theme 1.1.1"},"content":{"rendered":"<h3>CSS Igniter Factum WordPress Theme Traits<\/h3>\n<p>Le th\u00e8me CSS Igniter Factum WordPress est un th\u00e8me exceptionnel et tr\u00e8s sophistiqu\u00e9 qui est sp\u00e9cialement con\u00e7u pour r\u00e9pondre aux besoins des entreprises ou des individus ayant une inclination cr\u00e9ative. B\u00e9n\u00e9ficiant d&rsquo;un m\u00e9lange remarquable de qualit\u00e9 sup\u00e9rieure et de modernit\u00e9, ce th\u00e8me est un joyau absolu pour tout site Web. Le niveau de flexibilit\u00e9 et de convivialit\u00e9 qu&rsquo;il offre est vraiment sans pr\u00e9c\u00e9dent, gr\u00e2ce \u00e0 un large \u00e9ventail de fonctionnalit\u00e9s qui facilitent la personnalisation transparente et la cr\u00e9ation d&rsquo;un site Web vraiment distinctif. Ce qui distingue ce th\u00e8me, c&rsquo;est sa capacit\u00e9 \u00e0 s&rsquo;adapter sans effort \u00e0 diverses tailles et appareils d&rsquo;\u00e9cran, garantissant une exp\u00e9rience visuellement attrayante et sans faille dans tous les domaines, qu&rsquo;il s&rsquo;agisse d&rsquo;un ordinateur de bureau ou d&rsquo;un smartphone. De plus, le processus d&rsquo;installation est un jeu d&rsquo;enfant, et vous serez ravi de trouver un assortiment de mod\u00e8les de page pr\u00e9d\u00e9finis, tels qu&rsquo;une page d&rsquo;accueil captivante, un portefeuille attrayant et un formulaire de contact pratique, entre autres. Comme si cela ne suffisait pas, le th\u00e8me CSS Igniter Factum WordPress est encore am\u00e9lior\u00e9 par un panneau d&rsquo;options puissant qui vous permet de modifier et de modifier sans effort les \u00e9l\u00e9ments cl\u00e9s de votre site Web, y compris la police, le sch\u00e9ma de couleurs et la mise en page, avec seulement quelques-uns clics simples. En r\u00e9sum\u00e9, si vous recherchez un th\u00e8me r\u00e9actif et convivial qui m\u00e9lange de mani\u00e8re transparente le style avec les fonctionnalit\u00e9s, le th\u00e8me CSS Igniter Factum WordPress est un choix exceptionnel qui d\u00e9passera sans aucun doute vos attentes.<\/p>\n<ul>\n<li>Design propre et moderne qui est parfait pour tout site Web<\/li>\n<li>Disposition enti\u00e8rement r\u00e9active pour une visualisation optimale sur n&rsquo;importe quel appareil<\/li>\n<li>Compatible avec la derni\u00e8re version de WordPress<\/li>\n<li>Options de personnalisation faciles avec un panneau d&rsquo;options de th\u00e8me convivial<\/li>\n<li>Plusieurs options de disposition de page d&rsquo;accueil \u00e0 choisir<\/li>\n<li>Portfolio int\u00e9gr\u00e9 et mod\u00e8les de blog pour une cr\u00e9ation de contenu facile<\/li>\n<li>Options de typographie avanc\u00e9e avec des polices et des tailles de police personnalis\u00e9es<\/li>\n<li>SEO optimis\u00e9 pour un meilleur classement des moteurs de recherche<\/li>\n<li>Traduction pr\u00eate pour le public mondial<\/li>\n<li>Documentation compl\u00e8te et \u00e9quipe de soutien d\u00e9di\u00e9e.<\/li>\n<\/ul>\n","protected":false},"excerpt":{"rendered":"<p>Le th\u00e8me CSS Igniter Factum WordPress est un th\u00e8me de qualit\u00e9 professionnelle con\u00e7u sp\u00e9cifiquement pour les cabinets d&rsquo;avocats et les conseillers juridiques. Sa conception \u00e9l\u00e9gante et son interface conviviale en font une option attrayante pour les entreprises dans le domaine juridique. Ce th\u00e8me propose des sch\u00e9mas de couleurs pro\u00e9minents qui sont faciles pour les yeux, garantissant que vos clients peuvent facilement naviguer sur votre site. De plus, le th\u00e8me Facttum WordPress est r\u00e9put\u00e9 pour sa conception r\u00e9active, ce qui signifie qu&rsquo;il s&rsquo;adapte \u00e0 n&rsquo;importe quelle taille d&rsquo;\u00e9cran, offrant une exp\u00e9rience de visualisation optimale sur tous les appareils. Ses capacit\u00e9s de personnalisation sont infinies, des polices Google aux options de mise en page, ce qui rend votre site Web vraiment unique et refl\u00e8te votre marque. Le th\u00e8me Factum WordPress est \u00e9galement livr\u00e9 avec une fonctionnalit\u00e9 de r\u00e9f\u00e9rencement int\u00e9gr\u00e9e, augmentant vos chances de se classer en haut des r\u00e9sultats des moteurs de recherche. Le th\u00e8me CSS Igniter Facttum WordPress n&rsquo;est pas seulement un th\u00e8me, mais un outil puissant pour am\u00e9liorer votre pr\u00e9sence et votre r\u00e9putation en ligne.<\/p>\n","protected":false},"featured_media":143453,"comment_status":"open","ping_status":"open","template":"","meta":[],"product_brand":[2499],"product_cat":[1516,1212,1213],"product_tag":[2187],"class_list":{"0":"post-115236","1":"product","2":"type-product","3":"status-publish","4":"has-post-thumbnail","6":"product_brand-css-igniter","7":"product_cat-entreprise","8":"product_cat-themes","9":"product_cat-wordpress-themes","10":"product_tag-css-igniter","11":"member-discount","12":"discount-restricted","14":"first","15":"instock","16":"sale","17":"downloadable","18":"virtual","19":"sold-individually","20":"purchasable","21":"product-type-simple"},"_links":{"self":[{"href":"https:\/\/gpl-love.com\/fr\/wp-json\/wp\/v2\/product\/115236","targetHints":{"allow":["GET"]}}],"collection":[{"href":"https:\/\/gpl-love.com\/fr\/wp-json\/wp\/v2\/product"}],"about":[{"href":"https:\/\/gpl-love.com\/fr\/wp-json\/wp\/v2\/types\/product"}],"replies":[{"embeddable":true,"href":"https:\/\/gpl-love.com\/fr\/wp-json\/wp\/v2\/comments?post=115236"}],"wp:featuredmedia":[{"embeddable":true,"href":"https:\/\/gpl-love.com\/fr\/wp-json\/wp\/v2\/media\/143453"}],"wp:attachment":[{"href":"https:\/\/gpl-love.com\/fr\/wp-json\/wp\/v2\/media?parent=115236"}],"wp:term":[{"taxonomy":"product_brand","embeddable":true,"href":"https:\/\/gpl-love.com\/fr\/wp-json\/wp\/v2\/product_brand?post=115236"},{"taxonomy":"product_cat","embeddable":true,"href":"https:\/\/gpl-love.com\/fr\/wp-json\/wp\/v2\/product_cat?post=115236"},{"taxonomy":"product_tag","embeddable":true,"href":"https:\/\/gpl-love.com\/fr\/wp-json\/wp\/v2\/product_tag?post=115236"}],"curies":[{"name":"wp","href":"https:\/\/api.w.org\/{rel}","templated":true}]}}