{"id":115225,"date":"2021-05-13T00:00:00","date_gmt":"2021-05-12T22:00:00","guid":{"rendered":"http:\/\/gpl-love.com\/fr\/produit\/philos-responsive-woocommerce-wordpress-theme\/"},"modified":"2026-04-10T18:36:24","modified_gmt":"2026-04-10T16:36:24","slug":"philos-responsive-woocommerce-wordpress-theme","status":"publish","type":"product","link":"https:\/\/gpl-love.com\/fr\/produit\/philos-responsive-woocommerce-wordpress-theme\/","title":{"rendered":"Philos Responsive WooCommerce WordPress Theme 5.5"},"content":{"rendered":"<h3>Philos Responsive WooCommerce WordPress Theme Traits<\/h3>\n<p>Le th\u00e8me Philos WordPress, sp\u00e9cialement con\u00e7u pour les magasins et les entreprises en ligne, est un th\u00e8me WooCommerce tr\u00e8s r\u00e9actif et adaptable. Sa polyvalence exceptionnelle et sa large gamme d&rsquo;options de personnalisation en font un choix id\u00e9al pour toute marque \u00e0 la recherche d&rsquo;un design propre et contemporain. De plus, ce th\u00e8me poss\u00e8de une interface utilisateur intuitive et une navigation transparente, garantissant que vos clients b\u00e9n\u00e9ficient d&rsquo;une exp\u00e9rience de magasinage sans faille. En outre, Philos est construit conform\u00e9ment aux derni\u00e8res normes Web et int\u00e8gre un panel administratif robuste, ce qui le rend sans effort g\u00e9rable et exceptionnellement fonctionnel. Par cons\u00e9quent, que vous soyez un novice dans le domaine des affaires en ligne ou un entrepreneur exp\u00e9riment\u00e9 cherchant \u00e0 \u00e9lever votre entreprise de commerce \u00e9lectronique, Philos se pr\u00e9sente comme la solution d\u00e9finitive pour r\u00e9pondre et d\u00e9passer toutes vos exigences et aspirations.<\/p>\n<ul>\n<li>Design \u00e9l\u00e9gant et moderne qui convient \u00e0 toute entreprise de commerce \u00e9lectronique<\/li>\n<li>Disposition enti\u00e8rement r\u00e9active et adapt\u00e9e aux mobiles pour une navigation facile sur tous les appareils<\/li>\n<li>Construit sp\u00e9cifiquement pour l&rsquo;int\u00e9gration WooCommerce, ce qui facilite la vente de produits en ligne<\/li>\n<li>Options de personnalisation conviviales, vous permettant de changer facilement les couleurs, les polices, les dispositions et plus encore<\/li>\n<li>Compatible avec les plugins WordPress populaires, permettant une personnalisation encore plus approfondie<\/li>\n<li>Optimisation SEO et vitesses de chargement rapide, assurant une exp\u00e9rience utilisateur en douceur et un meilleur classement des moteurs de recherche<\/li>\n<li>Plusieurs options de page d&rsquo;accueil et de mise en page, y compris une vari\u00e9t\u00e9 de mod\u00e8les pr\u00e9fabriqu\u00e9s \u00e0 choisir<\/li>\n<li>Soutien d\u00e9di\u00e9 de l&rsquo;\u00e9quipe Philos pour vous aider avec toutes les questions ou probl\u00e8mes qui peuvent survenir.<\/li>\n<\/ul>\n","protected":false},"excerpt":{"rendered":"<p>Le th\u00e8me WordPress WooCommerce r\u00e9actif Philos, offrant une esth\u00e9tique \u00e9l\u00e9gante et professionnelle, sert de solution de commerce \u00e9lectronique exemplaire adapt\u00e9e aux entreprises de diverses \u00e9chelles. Son adaptabilit\u00e9 sans faille \u00e0 diverses tailles d&rsquo;\u00e9cran, gracieuset\u00e9 de sa conception enti\u00e8rement r\u00e9active, garantit que vos clients savoureront une exp\u00e9rience transparente quel que soit l&rsquo;appareil qu&rsquo;ils utilisent. De plus, ce th\u00e8me a \u00e9t\u00e9 m\u00e9ticuleusement optimis\u00e9 pour WooCommerce, la dotant d&rsquo;un assortiment d&rsquo;attributs indispensables vitaux pour la prosp\u00e9rit\u00e9 de votre magasin. Il s&rsquo;agit notamment d&rsquo;une page d&rsquo;accueil personnalisable, de pages de produits et d&rsquo;un processus de paiement rationalis\u00e9. Philos est un choix idyllique pour tout d\u00e9taillant cherchant \u00e0 forger une image de marque coh\u00e9sive et sophistiqu\u00e9e dans le domaine en ligne, gr\u00e2ce \u00e0 sa disposition d\u00e9fectueuse et contemporaine.<\/p>\n","protected":false},"featured_media":144969,"comment_status":"open","ping_status":"open","template":"","meta":[],"product_brand":[2433],"product_cat":[1238,1444,1212],"product_tag":[1366],"class_list":{"0":"post-115225","1":"product","2":"type-product","3":"status-publish","4":"has-post-thumbnail","6":"product_brand-themeforest","7":"product_cat-commerce-electronique-themes","8":"product_cat-creatif-commerce-electronique-themes","9":"product_cat-themes","10":"product_tag-themeforest","11":"member-discount","12":"discount-restricted","14":"first","15":"instock","16":"sale","17":"downloadable","18":"virtual","19":"sold-individually","20":"purchasable","21":"product-type-simple"},"_links":{"self":[{"href":"https:\/\/gpl-love.com\/fr\/wp-json\/wp\/v2\/product\/115225","targetHints":{"allow":["GET"]}}],"collection":[{"href":"https:\/\/gpl-love.com\/fr\/wp-json\/wp\/v2\/product"}],"about":[{"href":"https:\/\/gpl-love.com\/fr\/wp-json\/wp\/v2\/types\/product"}],"replies":[{"embeddable":true,"href":"https:\/\/gpl-love.com\/fr\/wp-json\/wp\/v2\/comments?post=115225"}],"wp:featuredmedia":[{"embeddable":true,"href":"https:\/\/gpl-love.com\/fr\/wp-json\/wp\/v2\/media\/144969"}],"wp:attachment":[{"href":"https:\/\/gpl-love.com\/fr\/wp-json\/wp\/v2\/media?parent=115225"}],"wp:term":[{"taxonomy":"product_brand","embeddable":true,"href":"https:\/\/gpl-love.com\/fr\/wp-json\/wp\/v2\/product_brand?post=115225"},{"taxonomy":"product_cat","embeddable":true,"href":"https:\/\/gpl-love.com\/fr\/wp-json\/wp\/v2\/product_cat?post=115225"},{"taxonomy":"product_tag","embeddable":true,"href":"https:\/\/gpl-love.com\/fr\/wp-json\/wp\/v2\/product_tag?post=115225"}],"curies":[{"name":"wp","href":"https:\/\/api.w.org\/{rel}","templated":true}]}}