{"id":115223,"date":"2021-05-13T00:00:00","date_gmt":"2021-05-12T22:00:00","guid":{"rendered":"http:\/\/gpl-love.com\/fr\/produit\/woocommerce-min-max-quantity-et-step-control\/"},"modified":"2026-04-10T18:47:19","modified_gmt":"2026-04-10T16:47:19","slug":"woocommerce-min-max-quantity-et-step-control","status":"publish","type":"product","link":"https:\/\/gpl-love.com\/fr\/produit\/woocommerce-min-max-quantity-et-step-control\/","title":{"rendered":"WooCommerce Min Max Quantity et Step Control 1.8.7"},"content":{"rendered":"<h3>WooCommerce Min Max Quantity et Step Control Traits<\/h3>\n<p>Le plugin WooCommerce Min Max Quantity and Step Control est un outil incroyablement robuste qui a \u00e9t\u00e9 m\u00e9ticuleusement con\u00e7u pour fournir aux utilisateurs un moyen transparent et efficace de g\u00e9rer les quantit\u00e9s de commande minimales et maximales de leurs magasins en ligne. En mettant en \u0153uvre ce plugin exceptionnel, les propri\u00e9taires de magasins WooCommerce sont autoris\u00e9s \u00e0 \u00e9tablir sans effort un seuil de quantit\u00e9 minimum et maximum pour chaque produit individuel, facilitant ainsi un niveau accru de gestion des stocks et servant de moyens d&#8217;emp\u00eacher les clients excessivement ou insuffisamment ou insuffisamment de commander des \u00e9l\u00e9ments. De plus, ce plugin remarquable offre aux utilisateurs l&rsquo;occasion inestimable de configurer les \u00e9tapes de la quantit\u00e9 de produit, accordant ainsi aux clients la possibilit\u00e9 de commander des \u00e9l\u00e9ments de mani\u00e8re incr\u00e9mentielle tr\u00e8s sp\u00e9cifique. Incontestablement, cette fonctionnalit\u00e9 est d&rsquo;une utilit\u00e9 \u00e9norme en mati\u00e8re de gestion des stocks, de rationalisation de la proc\u00e9dure de paiement et, finalement, am\u00e9liorant la satisfaction globale des clients. \u00c0 la lumi\u00e8re de ces avantages ind\u00e9niables, il est clairement clair que le plugin WooCommerce Min Max et le plugin de contr\u00f4le de pas est un actif indispensable pour tout propri\u00e9taire de magasin discern\u00e9 qui cherche \u00e0 optimiser leur processus de commande et \u00e0 renforcer l&rsquo;exp\u00e9rience globale de sa client\u00e8le estim\u00e9e.<\/p>\n<ul>\n<li>Vous permet de d\u00e9finir facilement des quantit\u00e9s de commande minimum et maximale pour les produits de votre boutique WooCommerce<\/li>\n<li>Contr\u00f4le la taille de l&rsquo;\u00e9tape pour ajouter ou soustraire des articles \u00e0 \/ depuis le chariot<\/li>\n<li>Fournit une interface intuitive pour g\u00e9rer les restrictions de quantit\u00e9 dans l&rsquo;ensemble de votre catalogue de produits<\/li>\n<li>Vous permet d&#8217;emp\u00eacher les clients d&rsquo;acheter trop peu ou trop d&rsquo;un article particulier, am\u00e9liorant la gestion des stocks et r\u00e9duisant les d\u00e9chets<\/li>\n<li>Gagnez du temps en automatisant les t\u00e2ches li\u00e9es \u00e0 la quantit\u00e9 qui devraient autrement \u00eatre effectu\u00e9es manuellement<\/li>\n<li>Aide \u00e0 accro\u00eetre la satisfaction des clients en s&rsquo;assurant qu&rsquo;ils sont en mesure de commander la quantit\u00e9 exacte de produits dont ils ont besoin, plut\u00f4t que de devoir rassembler ou tomber<\/li>\n<li>Fonctionne de mani\u00e8re transparente avec d&rsquo;autres plugins et extensions WooCommerce, assurant la compatibilit\u00e9 et la facilit\u00e9 d&rsquo;utilisation<\/li>\n<li>Mises \u00e0 jour r\u00e9guli\u00e8res et soutien de notre \u00e9quipe, garantissant que le plugin reste \u00e0 jour avec les derni\u00e8res versions WordPress et WooCommerce.<\/li>\n<\/ul>\n","protected":false},"excerpt":{"rendered":"<p>Ce plugin incroyablement utile offre aux propri\u00e9taires de magasins utilisant WooCommerce avec la possibilit\u00e9 d&rsquo;\u00e9tablir des quantit\u00e9s minimales et maximales pour leurs produits, tout en leur accordant le pouvoir de d\u00e9finir les \u00e9tapes de quantit\u00e9 que les clients doivent suivre lors de l&rsquo;achat. En utilisant ces contr\u00f4les complets, les propri\u00e9taires de magasins peuvent maintenir sans effort leur inventaire et dissuader efficacement les clients des produits sp\u00e9cifiques ou sous-achats. Sans aucun doute, cet outil indispensable est une n\u00e9cessit\u00e9 absolue pour tout propri\u00e9taire de magasin qui accorde une grande importance \u00e0 la coh\u00e9rence des produits et aux efforts pour assurer une satisfaction maximale du client.<\/p>\n","protected":false},"featured_media":145921,"comment_status":"open","ping_status":"open","template":"","meta":[],"product_brand":[2435],"product_cat":[1183,1182,1181],"product_tag":[1231],"class_list":{"0":"post-115223","1":"product","2":"type-product","3":"status-publish","4":"has-post-thumbnail","6":"product_brand-codecanyon","7":"product_cat-administration","8":"product_cat-commerce-electronique-plugins","9":"product_cat-plugins","10":"product_tag-codecanyon","11":"member-discount","12":"discount-restricted","14":"first","15":"instock","16":"sale","17":"downloadable","18":"virtual","19":"sold-individually","20":"purchasable","21":"product-type-simple"},"_links":{"self":[{"href":"https:\/\/gpl-love.com\/fr\/wp-json\/wp\/v2\/product\/115223","targetHints":{"allow":["GET"]}}],"collection":[{"href":"https:\/\/gpl-love.com\/fr\/wp-json\/wp\/v2\/product"}],"about":[{"href":"https:\/\/gpl-love.com\/fr\/wp-json\/wp\/v2\/types\/product"}],"replies":[{"embeddable":true,"href":"https:\/\/gpl-love.com\/fr\/wp-json\/wp\/v2\/comments?post=115223"}],"wp:featuredmedia":[{"embeddable":true,"href":"https:\/\/gpl-love.com\/fr\/wp-json\/wp\/v2\/media\/145921"}],"wp:attachment":[{"href":"https:\/\/gpl-love.com\/fr\/wp-json\/wp\/v2\/media?parent=115223"}],"wp:term":[{"taxonomy":"product_brand","embeddable":true,"href":"https:\/\/gpl-love.com\/fr\/wp-json\/wp\/v2\/product_brand?post=115223"},{"taxonomy":"product_cat","embeddable":true,"href":"https:\/\/gpl-love.com\/fr\/wp-json\/wp\/v2\/product_cat?post=115223"},{"taxonomy":"product_tag","embeddable":true,"href":"https:\/\/gpl-love.com\/fr\/wp-json\/wp\/v2\/product_tag?post=115223"}],"curies":[{"name":"wp","href":"https:\/\/api.w.org\/{rel}","templated":true}]}}